{"id":1537,"date":"2020-07-04T19:33:57","date_gmt":"2020-07-04T18:33:57","guid":{"rendered":"https:\/\/cloudreviews.info\/?page_id=1537"},"modified":"2020-09-05T13:58:48","modified_gmt":"2020-09-05T12:58:48","slug":"best-vpn-services-for-linux","status":"publish","type":"page","link":"https:\/\/cloudreviews.info\/fr\/best-vpn-services-for-linux\/","title":{"rendered":"Best VPN Services for Linux"},"content":{"rendered":"<p>Ce n&rsquo;est un secret pour personne que les utilisateurs de Linux paient un prix pour l&rsquo;utilisation de leur syst\u00e8me d&rsquo;exploitation favori : pendant que vous vous d\u00e9barrassez de l&rsquo;ennuyeux bloatware et de l&rsquo;espace pour personnaliser votre ordinateur comme vous le pr\u00e9f\u00e9rez, de nombreux logiciels ne fonctionnent pas bien sans un peu de sueur c\u00e9r\u00e9brale de votre part. Les r\u00e9seaux priv\u00e9s virtuels ne sont pas tr\u00e8s diff\u00e9rents, nous avons donc cr\u00e9\u00e9 une liste des meilleurs VPN pour Linux.<\/p>\n<a class=\"maxbutton-19 maxbutton maxbutton-cta-pia-fr\" target=\"_blank\" rel=\"nofollow noopener\" href=\"\/pia\/go\/\"><span class='mb-text'>\ud83e\udc46\ud83e\udc46 Aller \u00e0 PrivateInternetAccess maintenant! \ud83e\udc44\ud83e\udc44<\/span><\/a>\n<p><img loading=\"lazy\" class=\"alignnone size-full wp-image-1526\" src=\"https:\/\/cloudreviews.info\/wp-content\/uploads\/2018\/07\/linux.jpg\" alt=\"linux\" width=\"937\" height=\"475\" srcset=\"https:\/\/cloudreviews.info\/wp-content\/uploads\/2018\/07\/linux.jpg 937w, https:\/\/cloudreviews.info\/wp-content\/uploads\/2018\/07\/linux-300x152.jpg 300w, https:\/\/cloudreviews.info\/wp-content\/uploads\/2018\/07\/linux-768x389.jpg 768w\" sizes=\"(max-width: 937px) 100vw, 937px\" \/><\/p>\n<p>Il faut dire, cependant, qu&rsquo;un petit avertissement est en ordre : il y a beaucoup de fournisseurs parmi nos revues VPN qui fonctionneront bien avec Linux, mais ce ne sera pas dans cet article. C&rsquo;est parce que tout VPN qui utilise le protocole OpenVPN &#8211; qui est la plupart d&rsquo;entre eux &#8211; peut \u00eatre configur\u00e9 pour fonctionner sous Linux.<\/p>\n<p>Cependant, \u00e9tant donn\u00e9 que la configuration de ceci n\u00e9cessite une certaine exp\u00e9rience, pour les besoins de cet article, nous restons avec les fournisseurs de VPN qui viennent avec des clients Linux pr\u00e9-packag\u00e9s directement du port. Tous les services suivants fonctionneront apr\u00e8s avoir appuy\u00e9 sur certains boutons d&rsquo;installation, sans qu&rsquo;il soit n\u00e9cessaire d&rsquo;avoir des connaissances avanc\u00e9es. Les utilisateurs de Mac rencontrent presque les m\u00eames probl\u00e8mes, nous avons donc fait une liste similaire des meilleurs VPN pour Mac.<\/p>\n<a class=\"maxbutton-19 maxbutton maxbutton-cta-pia-fr\" target=\"_blank\" rel=\"nofollow noopener\" href=\"\/pia\/go\/\"><span class='mb-text'>\ud83e\udc46\ud83e\udc46 Aller \u00e0 PrivateInternetAccess maintenant! \ud83e\udc44\ud83e\udc44<\/span><\/a>\n<h2>Ce qui fait d&rsquo;un VPN le meilleur pour Linux<\/h2>\n<p>La principale consid\u00e9ration pour ce qui fait d&rsquo;un VPN le meilleur pour Linux est simplement de savoir s&rsquo;il fonctionne ou non : les membres de l&rsquo;\u00e9quipe Penguin sont g\u00e9n\u00e9ralement assez bons pour comprendre le fonctionnement d&rsquo;un programme, donc une interface utilisateur graphique (une fen\u00eatre o\u00f9 vous utilisez un programme en utilisant des boutons et des boutons de commutation et autres) n&rsquo;est pas une exigence de base.<\/p>\n<p>Cependant, nous avons soustrait quelques points de certains fournisseurs, n&rsquo;offrant rien de plus que l&rsquo;interface en ligne de commande : apr\u00e8s tout, il n&rsquo;y a rien de trop facile \u00e0 utiliser. En outre, nous avons \u00e9galement suivi les crit\u00e8res standard habituels, tels que la s\u00e9curit\u00e9 du VPN, la possibilit\u00e9 de contourner la censure d&rsquo;Internet et les g\u00e9oblocs, qui font d&rsquo;un VPN un VPN un VPN.<\/p>\n<h2>Le meilleur VPN pour Linux : Private Internet Access<\/h2>\n<p>Bien qu&rsquo;il y ait beaucoup \u00e0 aimer au sujet de Private Internet Access, peu importe comment il est coup\u00e9, il est le gagnant clair en regardant tous les clients Linux qui sont offerts parmi les fournisseurs de VPN. Comme nous l&rsquo;avons dit dans notre revue Private Internet Access, le service est tr\u00e8s facile \u00e0 utiliser et comme votre client Linux est un port direct, Team Penguin r\u00e9colte les r\u00e9compenses.<\/p>\n<p><a href=\"https:\/\/cloudreviews.info\/pia\/go\/\" rel=\"nofollow\"><img loading=\"lazy\" class=\"alignnone wp-image-579 size-full\" src=\"https:\/\/cloudreviews.info\/wp-content\/uploads\/2018\/06\/pia.jpg\" alt=\"Private Internet Access ( PIA )\" width=\"1802\" height=\"819\" srcset=\"https:\/\/cloudreviews.info\/wp-content\/uploads\/2018\/06\/pia.jpg 1802w, https:\/\/cloudreviews.info\/wp-content\/uploads\/2018\/06\/pia-300x136.jpg 300w, https:\/\/cloudreviews.info\/wp-content\/uploads\/2018\/06\/pia-768x349.jpg 768w, https:\/\/cloudreviews.info\/wp-content\/uploads\/2018\/06\/pia-1024x465.jpg 1024w\" sizes=\"(max-width: 1802px) 100vw, 1802px\" \/><\/a><\/p>\n<p>L&rsquo;installation de Private Internet Access prend quelques minutes, dans le pire des cas, ainsi que la configuration de fonctions de s\u00e9curit\u00e9 suppl\u00e9mentaires ou d&rsquo;autres pr\u00e9f\u00e9rences. Le service a fait des utilisateurs de Linux une v\u00e9ritable faveur, laissant leur client tel quel, et nous sommes plus qu&rsquo;heureux de leur donner le premier prix pour leurs efforts.<\/p>\n<h3>Autres raisons pour lesquelles nous aimons Private Internet Access<\/h3>\n<p>La Private Internet Access peut d\u00e9j\u00e0 \u00eatre connue gr\u00e2ce \u00e0 ses nombreuses campagnes contre l&rsquo;espionnage par les FAI am\u00e9ricains et pour la neutralit\u00e9 du r\u00e9seau. Cette mentalit\u00e9 du live-or-die n&rsquo;est pas seulement une vitrine : Private Internet Access a pris des mesures efficaces pour prot\u00e9ger les donn\u00e9es lors de la navigation sur le web, y compris le cryptage AES 256 bits et le hair-trigger qui tue.<\/p>\n<p>C&rsquo;est aussi l&rsquo;un des meilleurs VPN pour torrenting en raison de son attitude d\u00e9tendue envers le partage de fichiers et de ses nombreux serveurs dispers\u00e9s dans le monde entier. Il y a tr\u00e8s peu de choses contre Private Internet Access (surtout si vous cherchez le meilleur VPN compatible Linux pour la pornographie), donc nous sommes toujours plus qu&rsquo;heureux de recommander \u00e0 nos lecteurs de v\u00e9rifier la garantie de remboursement de sept jours.<\/p>\n<a class=\"maxbutton-19 maxbutton maxbutton-cta-pia-fr\" target=\"_blank\" rel=\"nofollow noopener\" href=\"\/pia\/go\/\"><span class='mb-text'>\ud83e\udc46\ud83e\udc46 Aller \u00e0 PrivateInternetAccess maintenant! \ud83e\udc44\ud83e\udc44<\/span><\/a>\n<p><strong>\n<table id=\"tablepress-342\" class=\"tablepress tablepress-id-342\">\n<thead>\n<tr class=\"row-1 odd\">\n\t<th class=\"column-1\">Pros<\/th><th class=\"column-2\">Cons<\/th>\n<\/tr>\n<\/thead>\n<tbody class=\"row-hover\">\n<tr class=\"row-2 even\">\n\t<td class=\"column-1\">Vitesses solides<\/td><td class=\"column-2\">Le remboursement n'est que de 7 jours.<\/td>\n<\/tr>\n<tr class=\"row-3 odd\">\n\t<td class=\"column-1\">Plus de 3 193 serveurs dans le monde entier<\/td><td class=\"column-2\">Possibilit\u00e9 de ne s\u00e9lectionner que les serveurs par r\u00e9gion<\/td>\n<\/tr>\n<tr class=\"row-4 even\">\n\t<td class=\"column-1\">Des clients pour toutes les plates-formes majeures<\/td><td class=\"column-2\"><\/td>\n<\/tr>\n<\/tbody>\n<\/table>\n<!-- #tablepress-342 from cache --><\/strong><\/p>\n<h2>TorGuard<\/h2>\n<p>TorGuard est notre cheval noir pr\u00e9f\u00e9r\u00e9, comme il le fait toujours tr\u00e8s bien \u00e0 chaque fois que nous l&rsquo;\u00e9valuons, mais il y a toujours un obstacle qui l&#8217;emp\u00eache de monter les marches du haut. En ce qui concerne le support Linux, c&rsquo;est le cas : bien que TorGuard soit l&rsquo;un des rares vendeurs \u00e0 proposer \u00e9galement un client Debian, c&rsquo;est un peu simple et ne garantit pas une position plus \u00e9lev\u00e9e que la troisi\u00e8me place.<\/p>\n<p>Cela dit, si cela ne vous d\u00e9range pas de vous salir les mains (venez, \u00eates-vous sur Team Penguin ou pas ?), vous aurez une grande exp\u00e9rience avec TorGuard sur Linux, surtout si l&rsquo;on consid\u00e8re que c&rsquo;est un service qui vous oblige \u00e0 vous mettre sous le capot proverbial pour en tirer le meilleur parti, quel que soit le syst\u00e8me d&rsquo;exploitation que vous utilisez.<\/p>\n<p><a href=\"https:\/\/cloudreviews.info\/torguard\/go\/\" rel=\"nofollow\"><img loading=\"lazy\" class=\"aligncenter wp-image-2847 size-full\" src=\"https:\/\/cloudreviews.info\/wp-content\/uploads\/2018\/07\/torguard-privacy-protection.jpg\" alt=\"\" width=\"1854\" height=\"677\" srcset=\"https:\/\/cloudreviews.info\/wp-content\/uploads\/2018\/07\/torguard-privacy-protection.jpg 1854w, https:\/\/cloudreviews.info\/wp-content\/uploads\/2018\/07\/torguard-privacy-protection-300x110.jpg 300w, https:\/\/cloudreviews.info\/wp-content\/uploads\/2018\/07\/torguard-privacy-protection-768x280.jpg 768w, https:\/\/cloudreviews.info\/wp-content\/uploads\/2018\/07\/torguard-privacy-protection-1024x374.jpg 1024w\" sizes=\"(max-width: 1854px) 100vw, 1854px\" \/><\/a><\/p>\n<h3>Autres raisons pour lesquelles nous aimons TorGuard<\/h3>\n<p>Comme vous pouvez le lire dans notre revue TorGuard, le nom du jeu pour le service semble \u00eatre la personnalisation. Il y a tr\u00e8s peu d&rsquo;options de configuration dans TorGuard qui ne peuvent pas \u00eatre modifi\u00e9es, ce qui en fait un must pour tout amateur d&rsquo;ordinateurs de bricolage, qui comme les utilisateurs de Linux le sont par d\u00e9finition. Si vous aimez jouer avec les param\u00e8tres, vous devriez probablement v\u00e9rifier la garantie de remboursement de 7 jours de TorGuard.<\/p>\n<p>Cependant, c&rsquo;est aussi l&rsquo;inconv\u00e9nient d&rsquo;utiliser le service, car beaucoup de choses que vous prenez pour acquis en utilisant d&rsquo;autres VPN devront \u00eatre r\u00e9solues manuellement, par exemple en contournant l&rsquo;interdiction du VPN Netflix en achetant de nouveaux emplacements de serveurs. Si ce n&rsquo;est pas un gros probl\u00e8me pour vous, alors vous appr\u00e9cierez d&rsquo;utiliser l&rsquo;un des services VPN les plus rapides sur le march\u00e9 et c&rsquo;est aussi assez bon march\u00e9.<\/p>\n<a class=\"maxbutton-37 maxbutton maxbutton-cta-torguard-fr\" target=\"_blank\" rel=\"nofollow noopener\" href=\"\/torguard\/go\/\"><span class='mb-text'>\ud83e\udc46\ud83e\udc46 Aller \u00e0 Torguard maintenant! \ud83e\udc44\ud83e\udc44<\/span><\/a>\n<p><strong>\n<table id=\"tablepress-343\" class=\"tablepress tablepress-id-343\">\n<thead>\n<tr class=\"row-1 odd\">\n\t<th class=\"column-1\">Pros<\/th><th class=\"column-2\">Cons<\/th>\n<\/tr>\n<\/thead>\n<tbody class=\"row-hover\">\n<tr class=\"row-2 even\">\n\t<td class=\"column-1\">Facile \u00e0 utiliser<\/td><td class=\"column-2\">Les vitesses de performance varient<\/td>\n<\/tr>\n<tr class=\"row-3 odd\">\n\t<td class=\"column-1\">Optimis\u00e9 pour les torrents<\/td><td class=\"column-2\">Bug de pr\u00e9vention des fuites IPv6<\/td>\n<\/tr>\n<tr class=\"row-4 even\">\n\t<td class=\"column-1\">1600 serveurs dans 50 pays<\/td><td class=\"column-2\"><\/td>\n<\/tr>\n<\/tbody>\n<\/table>\n<!-- #tablepress-343 from cache --><\/strong><\/p>\n<h2>ExpressVPN<\/h2>\n<p>Au d\u00e9but, nous avons h\u00e9sit\u00e9 \u00e0 inclure ExpressVPN dans ce r\u00e9sum\u00e9 parce qu&rsquo;il n&rsquo;a m\u00eame pas de client Linux, mais offre simplement une interface en ligne de commande, un ensemble de commandes que vous pouvez entrer dans le terminal pour obtenir presque les m\u00eames r\u00e9sultats qu&rsquo;un client activ\u00e9 pour l&rsquo;interface graphique. Cela peut \u00eatre tr\u00e8s douloureux et les utilisateurs inexp\u00e9riment\u00e9s devraient probablement rester \u00e0 l&rsquo;\u00e9cart.<\/p>\n<p>Cependant, les commandes en question sont peu nombreuses et simples et la configuration d&rsquo;ExpressVPN sous Linux est un jeu d&rsquo;enfant, ce qui signifie que c&rsquo;est notre favori juste entrer la position num\u00e9ro cinq, bien que n&rsquo;ayant pas d&rsquo;interface graphique et vous fait sentir comme si vous \u00e9tiez de retour dans les ann\u00e9es 80.<\/p>\n<p><img loading=\"lazy\" class=\"alignnone size-full wp-image-586\" src=\"https:\/\/cloudreviews.info\/wp-content\/uploads\/2018\/06\/expressvpn.jpg\" alt=\"expressvpn\" width=\"1520\" height=\"800\" srcset=\"https:\/\/cloudreviews.info\/wp-content\/uploads\/2018\/06\/expressvpn.jpg 1520w, https:\/\/cloudreviews.info\/wp-content\/uploads\/2018\/06\/expressvpn-300x158.jpg 300w, https:\/\/cloudreviews.info\/wp-content\/uploads\/2018\/06\/expressvpn-768x404.jpg 768w, https:\/\/cloudreviews.info\/wp-content\/uploads\/2018\/06\/expressvpn-1024x539.jpg 1024w, https:\/\/cloudreviews.info\/wp-content\/uploads\/2018\/06\/expressvpn-390x205.jpg 390w\" sizes=\"(max-width: 1520px) 100vw, 1520px\" \/><\/p>\n<h3>Autres raisons pour lesquelles nous aimons ExpressVPN<\/h3>\n<p>Si vous \u00eates pr\u00eat \u00e0 prendre les tracas de l&rsquo;entr\u00e9e de certaines commandes, vous aurez probablement le VPN le plus puissant disponible. Comme vous pouvez le lire dans notre revue ExpressVPN, le service offre une vitesse ridicule et une grande facilit\u00e9 d&rsquo;utilisation, bien que permettre des configurations avanc\u00e9es via CLI Linux puisse \u00eatre un peu compliqu\u00e9.<\/p>\n<p>Choisir ExpressVPN signifie un dilemme entre la facilit\u00e9 d&rsquo;utilisation et la commodit\u00e9 que vous seul pouvez appeler ; heureusement, ExpressVPN offre une garantie de remboursement de 30 jours pour vous aider \u00e0 prendre une d\u00e9cision. C&rsquo;est aussi le meilleur VPN pour Netflix, ce qui signifie que les passionn\u00e9s de streaming utilisant Linux peuvent avoir \u00e0 supporter certaines commandes \u00e9crites.<\/p>\n<p><strong>\n<table id=\"tablepress-344\" class=\"tablepress tablepress-id-344\">\n<thead>\n<tr class=\"row-1 odd\">\n\t<th class=\"column-1\">Pros<\/th><th class=\"column-2\">Cons<\/th>\n<\/tr>\n<\/thead>\n<tbody class=\"row-hover\">\n<tr class=\"row-2 even\">\n\t<td class=\"column-1\">Tr\u00e8s rapide <\/td><td class=\"column-2\">Pas d'interface graphique<\/td>\n<\/tr>\n<tr class=\"row-3 odd\">\n\t<td class=\"column-1\">Haute s\u00e9curit\u00e9<\/td><td class=\"column-2\">Seulement 3 connexions<\/td>\n<\/tr>\n<tr class=\"row-4 even\">\n\t<td class=\"column-1\">Serveurs dans 94 pays<\/td><td class=\"column-2\">Prix<\/td>\n<\/tr>\n<\/tbody>\n<\/table>\n<!-- #tablepress-344 from cache --><\/strong><\/p>\n<h2>Mentions d&rsquo;honneur<\/h2>\n<p>Voici d&rsquo;autres fournisseurs qui offrent une certaine exp\u00e9rience avec Linux, bien que certains param\u00e8tres avanc\u00e9s soient g\u00e9n\u00e9ralement n\u00e9cessaires. Tous les fournisseurs \u00e9num\u00e9r\u00e9s ci-dessous sont excellents en eux-m\u00eames, mais ils n&rsquo;ont pas la fonctionnalit\u00e9 plug-n-play que nous pensions avoir cr\u00e9\u00e9e pour un bon VPN Linux.<\/p>\n<h3>VyprVPN<\/h3>\n<p>Un autre fournisseur qui omet une interface graphique pour un CLI, VyprVPN, n&rsquo;a tout simplement pas les m\u00eames fonctionnalit\u00e9s que ExpressVPN, ce qui signifie que le support des commandes \u00e9crites est plus qu&rsquo;un sacrifice. Cependant, comme vous pouvez le lire dans notre revue VyprVPN, ce sacrifice peut s&rsquo;appliquer \u00e0 certaines personnes qui ont besoin de la s\u00e9curit\u00e9 du service.<\/p>\n<h3>NordVPN<\/h3>\n<p>NordVPN est l&rsquo;un des nombreux fournisseurs qui figureraient sur cette liste, si ce n&rsquo;\u00e9tait du fait que les utilisateurs de Linux ne peuvent se connecter \u00e0 leurs serveurs qu&rsquo;en connectant une connexion OpenVPN. Bien que ce ne soit pas un gros probl\u00e8me pour la plupart des v\u00e9t\u00e9rans de Linux, cela ne correspondait pas \u00e0 l&rsquo;approche amicale pour les d\u00e9butants de cet article, ce qui signifie que nous avons d\u00fb rel\u00e9guer cet excellent service \u00e0 des mentions honorables.<\/p>\n<p>Non pas que NordVPN soit seul dans ce domaine, vous pouvez en lire deux autres comme lui dans notre revue CyberGhost et notre revue IPVanish. Les trois fournisseurs ont une chose en commun : ils ont tous des scripts optimis\u00e9s et pr\u00eats \u00e0 l&#8217;emploi qui vous permettent d&rsquo;\u00e9tablir une connexion VPN en un clin d&rsquo;\u0153il.<\/p>\n<p>Si cela ne vous d\u00e9range pas de naviguer \u00e0 travers certains tutoriels, alors la configuration d&rsquo;OpenVPN \u00e0 travers l&rsquo;un d&rsquo;entre eux est tr\u00e8s simple. Entrez une poign\u00e9e de commandes, t\u00e9l\u00e9chargez des fichiers et vous naviguerez sur le Web en quelques minutes, avec l&rsquo;avantage d&rsquo;entendre un technologue.<\/p>\n<h2>Conclusion<\/h2>\n<p>Les utilisateurs de Linux trouveront souvent difficile de faire fonctionner parfaitement le logiciel non con\u00e7u pour le syst\u00e8me d&rsquo;exploitation, cependant, tous les vendeurs ci-dessus vous offriront un client personnalis\u00e9 ou vous offriront les outils pour construire plus ou moins le v\u00f4tre.<\/p>\n<p>Bien que ce n&rsquo;est pas toujours ce que vous recherchez, c&rsquo;est en quelque sorte la d\u00e9cision que vous avez prise le jour o\u00f9 vous avez d\u00e9cid\u00e9 de rejoindre l&rsquo;\u00e9quipe Penguin. M\u00eame si nous avions tous ces maux de t\u00eate d\u00e9sagr\u00e9ables apr\u00e8s plusieurs heures de probl\u00e8mes, nous avons toujours compris \u00e0 la fin.<\/p>\n<p>Que pensez-vous de nos meilleures options VPN pour Linux ? Merci de nous le faire savoir dans les commentaires ci-dessous, merci de votre lecture. Vous pouvez trouver plus d&rsquo;informations ici: <a href=\"https:\/\/cloudreviews.info\/fr\/\">https:\/\/cloudreviews.info\/fr\/<\/a>.<\/p>\n","protected":false},"excerpt":{"rendered":"<p>Ce n&rsquo;est un secret pour personne que les utilisateurs de Linux paient un prix pour l&rsquo;utilisation de leur syst\u00e8me d&rsquo;exploitation favori : pendant que vous vous d\u00e9barrassez de l&rsquo;ennuyeux bloatware et de l&rsquo;espace pour personnaliser votre ordinateur comme vous le pr\u00e9f\u00e9rez, de nombreux logiciels ne fonctionnent pas bien sans un peu de sueur c\u00e9r\u00e9brale de &#8230; <a title=\"Best VPN Services for Linux\" class=\"read-more\" href=\"https:\/\/cloudreviews.info\/fr\/best-vpn-services-for-linux\/\" aria-label=\"En savoir plus sur Best VPN Services for Linux\">Lire la suite<\/a><\/p>\n","protected":false},"author":4,"featured_media":0,"parent":0,"menu_order":0,"comment_status":"closed","ping_status":"closed","template":"","meta":[],"yoast_head":"<!-- This site is optimized with the Yoast SEO plugin v18.3 - https:\/\/yoast.com\/wordpress\/plugins\/seo\/ -->\n<title>Best VPN Services for Linux<\/title>\n<meta name=\"description\" content=\"Quel est le meilleur VPN pour Linux ? Consultez la r\u00e9ponse ici. \u2705 Diff\u00e9rents services \u2705 Choisissez le meilleur service - Pour en savoir plus, cliquez ici \u279c\" \/>\n<meta name=\"robots\" content=\"index, follow, max-snippet:-1, max-image-preview:large, max-video-preview:-1\" \/>\n<link rel=\"canonical\" href=\"https:\/\/cloudreviews.info\/fr\/best-vpn-services-for-linux\/\" \/>\n<meta property=\"og:locale\" content=\"fr_FR\" \/>\n<meta property=\"og:type\" content=\"article\" \/>\n<meta property=\"og:title\" content=\"Best VPN Services for Linux\" \/>\n<meta property=\"og:description\" content=\"Quel est le meilleur VPN pour Linux ? Consultez la r\u00e9ponse ici. \u2705 Diff\u00e9rents services \u2705 Choisissez le meilleur service - Pour en savoir plus, cliquez ici \u279c\" \/>\n<meta property=\"og:url\" content=\"https:\/\/cloudreviews.info\/fr\/best-vpn-services-for-linux\/\" \/>\n<meta property=\"og:site_name\" content=\"Confronta la migliore soluzione di memorizzazione cloud | Migliore VPN | Hosting Web &amp; Altro\" \/>\n<meta property=\"article:modified_time\" content=\"2020-09-05T12:58:48+00:00\" \/>\n<meta property=\"og:image\" content=\"https:\/\/cloudreviews.info\/wp-content\/uploads\/2018\/07\/linux.jpg\" \/>\n<meta name=\"twitter:card\" content=\"summary\" \/>\n<meta name=\"twitter:label1\" content=\"Dur\u00e9e de lecture estim\u00e9e\" \/>\n\t<meta name=\"twitter:data1\" content=\"8 minutes\" \/>\n<script type=\"application\/ld+json\" class=\"yoast-schema-graph\">{\"@context\":\"https:\/\/schema.org\",\"@graph\":[{\"@type\":\"WebSite\",\"@id\":\"https:\/\/cloudreviews.info\/#website\",\"url\":\"https:\/\/cloudreviews.info\/\",\"name\":\"Confronta la migliore soluzione di memorizzazione cloud | Migliore VPN | Hosting Web &amp; Altro\",\"description\":\"\",\"potentialAction\":[{\"@type\":\"SearchAction\",\"target\":{\"@type\":\"EntryPoint\",\"urlTemplate\":\"https:\/\/cloudreviews.info\/?s={search_term_string}\"},\"query-input\":\"required name=search_term_string\"}],\"inLanguage\":\"fr-FR\"},{\"@type\":\"ImageObject\",\"@id\":\"https:\/\/cloudreviews.info\/fr\/best-vpn-services-for-linux\/#primaryimage\",\"inLanguage\":\"fr-FR\",\"url\":\"https:\/\/cloudreviews.info\/wp-content\/uploads\/2018\/07\/linux.jpg\",\"contentUrl\":\"https:\/\/cloudreviews.info\/wp-content\/uploads\/2018\/07\/linux.jpg\",\"width\":937,\"height\":475,\"caption\":\"linux\"},{\"@type\":\"WebPage\",\"@id\":\"https:\/\/cloudreviews.info\/fr\/best-vpn-services-for-linux\/#webpage\",\"url\":\"https:\/\/cloudreviews.info\/fr\/best-vpn-services-for-linux\/\",\"name\":\"Best VPN Services for Linux\",\"isPartOf\":{\"@id\":\"https:\/\/cloudreviews.info\/#website\"},\"primaryImageOfPage\":{\"@id\":\"https:\/\/cloudreviews.info\/fr\/best-vpn-services-for-linux\/#primaryimage\"},\"datePublished\":\"2020-07-04T18:33:57+00:00\",\"dateModified\":\"2020-09-05T12:58:48+00:00\",\"description\":\"Quel est le meilleur VPN pour Linux ? Consultez la r\u00e9ponse ici. \u2705 Diff\u00e9rents services \u2705 Choisissez le meilleur service - Pour en savoir plus, cliquez ici \u279c\",\"breadcrumb\":{\"@id\":\"https:\/\/cloudreviews.info\/fr\/best-vpn-services-for-linux\/#breadcrumb\"},\"inLanguage\":\"fr-FR\",\"potentialAction\":[{\"@type\":\"ReadAction\",\"target\":[\"https:\/\/cloudreviews.info\/fr\/best-vpn-services-for-linux\/\"]}]},{\"@type\":\"BreadcrumbList\",\"@id\":\"https:\/\/cloudreviews.info\/fr\/best-vpn-services-for-linux\/#breadcrumb\",\"itemListElement\":[{\"@type\":\"ListItem\",\"position\":1,\"name\":\"Startseite\",\"item\":\"https:\/\/cloudreviews.info\/fr\/\"},{\"@type\":\"ListItem\",\"position\":2,\"name\":\"Best VPN Services for Linux\"}]}]}<\/script>\n<!-- \/ Yoast SEO plugin. -->","yoast_head_json":{"title":"Best VPN Services for Linux","description":"Quel est le meilleur VPN pour Linux ? Consultez la r\u00e9ponse ici. \u2705 Diff\u00e9rents services \u2705 Choisissez le meilleur service - Pour en savoir plus, cliquez ici \u279c","robots":{"index":"index","follow":"follow","max-snippet":"max-snippet:-1","max-image-preview":"max-image-preview:large","max-video-preview":"max-video-preview:-1"},"canonical":"https:\/\/cloudreviews.info\/fr\/best-vpn-services-for-linux\/","og_locale":"fr_FR","og_type":"article","og_title":"Best VPN Services for Linux","og_description":"Quel est le meilleur VPN pour Linux ? Consultez la r\u00e9ponse ici. \u2705 Diff\u00e9rents services \u2705 Choisissez le meilleur service - Pour en savoir plus, cliquez ici \u279c","og_url":"https:\/\/cloudreviews.info\/fr\/best-vpn-services-for-linux\/","og_site_name":"Confronta la migliore soluzione di memorizzazione cloud | Migliore VPN | Hosting Web &amp; Altro","article_modified_time":"2020-09-05T12:58:48+00:00","og_image":[{"url":"https:\/\/cloudreviews.info\/wp-content\/uploads\/2018\/07\/linux.jpg"}],"twitter_card":"summary","twitter_misc":{"Dur\u00e9e de lecture estim\u00e9e":"8 minutes"},"schema":{"@context":"https:\/\/schema.org","@graph":[{"@type":"WebSite","@id":"https:\/\/cloudreviews.info\/#website","url":"https:\/\/cloudreviews.info\/","name":"Confronta la migliore soluzione di memorizzazione cloud | Migliore VPN | Hosting Web &amp; Altro","description":"","potentialAction":[{"@type":"SearchAction","target":{"@type":"EntryPoint","urlTemplate":"https:\/\/cloudreviews.info\/?s={search_term_string}"},"query-input":"required name=search_term_string"}],"inLanguage":"fr-FR"},{"@type":"ImageObject","@id":"https:\/\/cloudreviews.info\/fr\/best-vpn-services-for-linux\/#primaryimage","inLanguage":"fr-FR","url":"https:\/\/cloudreviews.info\/wp-content\/uploads\/2018\/07\/linux.jpg","contentUrl":"https:\/\/cloudreviews.info\/wp-content\/uploads\/2018\/07\/linux.jpg","width":937,"height":475,"caption":"linux"},{"@type":"WebPage","@id":"https:\/\/cloudreviews.info\/fr\/best-vpn-services-for-linux\/#webpage","url":"https:\/\/cloudreviews.info\/fr\/best-vpn-services-for-linux\/","name":"Best VPN Services for Linux","isPartOf":{"@id":"https:\/\/cloudreviews.info\/#website"},"primaryImageOfPage":{"@id":"https:\/\/cloudreviews.info\/fr\/best-vpn-services-for-linux\/#primaryimage"},"datePublished":"2020-07-04T18:33:57+00:00","dateModified":"2020-09-05T12:58:48+00:00","description":"Quel est le meilleur VPN pour Linux ? Consultez la r\u00e9ponse ici. \u2705 Diff\u00e9rents services \u2705 Choisissez le meilleur service - Pour en savoir plus, cliquez ici \u279c","breadcrumb":{"@id":"https:\/\/cloudreviews.info\/fr\/best-vpn-services-for-linux\/#breadcrumb"},"inLanguage":"fr-FR","potentialAction":[{"@type":"ReadAction","target":["https:\/\/cloudreviews.info\/fr\/best-vpn-services-for-linux\/"]}]},{"@type":"BreadcrumbList","@id":"https:\/\/cloudreviews.info\/fr\/best-vpn-services-for-linux\/#breadcrumb","itemListElement":[{"@type":"ListItem","position":1,"name":"Startseite","item":"https:\/\/cloudreviews.info\/fr\/"},{"@type":"ListItem","position":2,"name":"Best VPN Services for Linux"}]}]}},"_links":{"self":[{"href":"https:\/\/cloudreviews.info\/fr\/wp-json\/wp\/v2\/pages\/1537\/"}],"collection":[{"href":"https:\/\/cloudreviews.info\/fr\/wp-json\/wp\/v2\/pages\/"}],"about":[{"href":"https:\/\/cloudreviews.info\/fr\/wp-json\/wp\/v2\/types\/page\/"}],"author":[{"embeddable":true,"href":"https:\/\/cloudreviews.info\/fr\/wp-json\/wp\/v2\/users\/4\/"}],"replies":[{"embeddable":true,"href":"https:\/\/cloudreviews.info\/fr\/wp-json\/wp\/v2\/comments\/?post=1537"}],"version-history":[{"count":5,"href":"https:\/\/cloudreviews.info\/fr\/wp-json\/wp\/v2\/pages\/1537\/revisions\/"}],"predecessor-version":[{"id":5230,"href":"https:\/\/cloudreviews.info\/fr\/wp-json\/wp\/v2\/pages\/1537\/revisions\/5230\/"}],"wp:attachment":[{"href":"https:\/\/cloudreviews.info\/fr\/wp-json\/wp\/v2\/media\/?parent=1537"}],"curies":[{"name":"wp","href":"https:\/\/api.w.org\/{rel}","templated":true}]}}