{"id":1151,"date":"2018-06-10T21:49:49","date_gmt":"2018-06-10T20:49:49","guid":{"rendered":"https:\/\/cloudreviews.info\/?page_id=1151"},"modified":"2020-08-06T16:27:39","modified_gmt":"2020-08-06T15:27:39","slug":"confronta-le-migliori-vpn-migliore-memorizzazione-in-the-cloud-e-molto-altro-ancora-2","status":"publish","type":"page","link":"https:\/\/cloudreviews.info\/it\/","title":{"rendered":"Cloudreviews.info &#8211; Il portale di prova per i servizi online"},"content":{"rendered":"<p>Benvenuto su Cloudreviews.info. Siamo lieti che vi siate fermati. Prendetevi un momento e leggete cosa facciamo qui e come pu\u00f2 aiutarvi a risolvere i vostri problemi tecnologici quotidiani.<\/p>\n\n<h2>Che cos&#8217;\u00e8 Cloudreviews.info?<\/h2>\n<p><img loading=\"lazy\" class=\"alignnone wp-image-1106 size-full\" src=\"https:\/\/cloudreviews.info\/wp-content\/uploads\/2018\/06\/cloudreviews-homefront-page.jpg\" alt=\"cloudreviews.info\" width=\"1200\" height=\"628\" srcset=\"https:\/\/cloudreviews.info\/wp-content\/uploads\/2018\/06\/cloudreviews-homefront-page.jpg 1200w, https:\/\/cloudreviews.info\/wp-content\/uploads\/2018\/06\/cloudreviews-homefront-page-300x157.jpg 300w, https:\/\/cloudreviews.info\/wp-content\/uploads\/2018\/06\/cloudreviews-homefront-page-768x402.jpg 768w, https:\/\/cloudreviews.info\/wp-content\/uploads\/2018\/06\/cloudreviews-homefront-page-1024x536.jpg 1024w\" sizes=\"(max-width: 1200px) 100vw, 1200px\" \/><\/p>\n<p>Cloudreviews.info ha iniziato con la visione di fornire le informazioni migliori e pi\u00f9 aggiornate in campo tecnologico. Ci riuniamo per presentarvi nuove ed entusiasmanti soluzioni tecnologiche che semplificheranno la vostra vita quotidiana.<\/p>\n<p>Il nostro team ha lavorato duramente per raccogliere, rivedere e consigliare i migliori fornitori di servizi nel settore dei servizi cloud e mostrarvi i risultati della vita reale.<\/p>\n<h2>Come possiamo aiutarvi?<\/h2>\n<p>Ora potreste chiedervi: come possiamo aiutarvi? Abbiamo accuratamente selezionato i servizi online pi\u00f9 richiesti che le persone stanno cercando e li abbiamo testati l&#8217;uno contro l&#8217;altro.<\/p>\n<p>Con le nostre guide approfondite sui diversi fornitori di servizi, puntiamo a fornire una panoramica trasparente in modo che voi, in quanto utenti, possiate avere una buona comprensione dei diversi mercati.<\/p>\n<p>Se si verificano problemi specifici o si desidera che noi rivedere un fornitore di servizi specifico per favore fatecelo sapere. Basta contattarci e faremo del nostro meglio per servirvi.<\/p>\n<h3>Quali argomenti sono stati trattati finora?<\/h3>\n<p>Ok, ora entriamo nel vivo. Quali sono gli argomenti trattati da Cloudreviews.info? Si prega di vedere sotto per una panoramica di questo sito web.<\/p>\n<h2>Fornitori di servizi VPN<\/h2>\n<p>VPN \u00e8 un must se si vuole rimanere anonimi durante la navigazione in Internet. O forse sei un fan di Netflix e vuoi accedere a tutta la loro libreria, ma non pu\u00f2 accedere al suo servizio completo a causa della loro politica restrittiva di geoblocco.<\/p>\n<p>In breve, avere una VPN pu\u00f2 diventare molto utile e molte persone oggi la utilizzano. Cos\u00ec, siamo andati avanti e abbiamo testato molti fornitori di servizi VPN ed elencato tra i primi 5 che ci piacciono.<\/p>\n<p><strong>Scopri qui i risultati dei nostri test VPN interni:<\/strong><\/p>\n<ul>\n<li><a href=\"https:\/\/cloudreviews.info\/it\/expressvpn\/\">ExpressVPN opinioni<\/a><\/li>\n<li><a href=\"https:\/\/cloudreviews.info\/it\/nordvpn\/\">Nordvpn recensioni<\/a><\/li>\n<li><a href=\"https:\/\/cloudreviews.info\/it\/privateinternetaccess\/\">Private Internet Access review<\/a><\/li>\n<li><a href=\"https:\/\/cloudreviews.info\/it\/vyprvpn\/\">VyprVPN opinioni<\/a><\/li>\n<li><a href=\"https:\/\/cloudreviews.info\/it\/cyberghost\/\">Cyberghost opinioni<\/a><\/li>\n<li><a href=\"https:\/\/cloudreviews.info\/it\/carbonite\/\">Carbonite opinioni<\/a><\/li>\n<li><a href=\"https:\/\/cloudreviews.info\/it\/torguard\/\">Torguard VPN recensione<\/a><\/li>\n<li><a href=\"https:\/\/cloudreviews.info\/it\/ipvanish\/\">IPVanish review<\/a><\/li>\n<li><a href=\"https:\/\/cloudreviews.info\/it\/vpn-unlimited\/\">VPN Unlimited recensione<\/a><\/li>\n<\/ul>\n<a class=\"maxbutton-1 maxbutton maxbutton-cta-pcloud\" target=\"_blank\" rel=\"nofollow noopener\" href=\"\/pcloud\/go\/\"><span class='mb-text'>?? Vai a pCloud Now! ??<\/span><\/a>\n<h2>Fornitori di servizi CloudStorage<\/h2>\n<p>Un sistema di memorizzazione cloud \u00e8 gi\u00e0 parte integrante della nostra vita quotidiana e il numero di persone che lo utilizzano \u00e8 in costante crescita. Perch\u00e9? Perch\u00e9 il modo in cui generiamo, memorizziamo e consumiamo dati e file \u00e8 cambiato drasticamente negli ultimi due anni e oggi tutti memorizzano i suoi file multimediali da qualche parte nel Cloud.<\/p>\n<p>La parte peggiore: Smartphone, Tablet e persino i moderni laptop offrono solo uno spazio limitato. La maggior parte degli utenti non vuole portare in giro un disco rigido esterno quando si va in viaggio d&#8217;affari o in vacanza, ma vuole ancora accedere ai loro dati e file multimediali. Allora qual \u00e8 la soluzione?<\/p>\n<p><strong>CLOUDSTORAGE. Periodo!<\/strong><\/p>\n<p>Una volta caricati i file nel Cloud, non dovrai pi\u00f9 preoccuparti di come accedervi nuovamente. Rimarr\u00e0 l\u00ec per tutta la vita&#8230;<br \/>E sapete qual \u00e8 la parte migliore? \u00c8 possibile accedervi in qualsiasi momento. Basta sbloccare il dispositivo e iniziare a navigare tra i file istantaneamente (purch\u00e9 sia disponibile una connessione a Internet).<br \/>Per aiutarvi a scegliere il miglior fornitore di servizi, abbiamo testato alcuni dei migliori fornitori di servizi di archiviazione cloud l\u00e0 fuori e qui i nostri risultati:<\/p>\n<p><strong>Best cloud storage<\/strong><\/p>\n<ul>\n<li><a href=\"https:\/\/cloudreviews.info\/it\/onedrive\/\">OneDrive opinioni<\/a><\/li>\n<li><a href=\"https:\/\/cloudreviews.info\/it\/sync\/\">Sync.com review<\/a><\/li>\n<li><a href=\"https:\/\/cloudreviews.info\/it\/pcloud\/\">Pcloud opinioni<\/a><\/li>\n<li><a href=\"https:\/\/cloudreviews.info\/it\/sugarsync\/\">SugarSync opinioni<\/a><\/li>\n<li><a href=\"https:\/\/cloudreviews.info\/it\/backblaze\/\">Backblaze opinioni<\/a><\/li>\n<li><a href=\"https:\/\/cloudreviews.info\/it\/zoolz\/\">Zoolz opinioni<\/a><\/li>\n<li><a href=\"https:\/\/cloudreviews.info\/it\/idrive\/\">Idrive recensione<\/a><\/li>\n<\/ul>\n<h2>Cosa succeder\u00e0?<\/h2>\n<p>Non siamo ancora giunti a questo risultato. Stiamo preparando per voi un&#8217;enorme quantit\u00e0 di guide informative. Presto pubblicheremo informazioni ancora pi\u00f9 utili, guide e prodotti che \u00e8 possibile acquistare e utilizzare in modo sicuro e protetto.<\/p>\n<h2>Vuoi aiutare?<\/h2>\n<p>Come nostri lettori, voi ragazzi siete i nostri punti di forza. Puoi sempre aiutarci condividendo i nostri articoli sul tuo canale di social media preferito o anche dirci al tuo migliore amico. Se hai un feedback, non esitare a contattarci (link interno a \/contatto). In entrambi i casi, siamo lieti di aiutarvi a trovare la soluzione migliore per le vostre esigenze.<\/p>\n<h2>Altri articoli<\/h2>\n<ul>\n<li><a href=\"https:\/\/cloudreviews.info\/it\/best-cloud-storage\/\">I migliori provider di cloud storage del 2018<\/a><\/li>\n<li><a href=\"https:\/\/cloudreviews.info\/it\/i-migliori-servizi-cloud-online-per-il-backup-illimitato\/\">I migliori servizi cloud online per il backup illimitato<\/a><\/li>\n<li><a href=\"https:\/\/cloudreviews.info\/it\/il-miglior-backup-cloud-per-mac\/\">Il miglior backup cloud per Mac<\/a><\/li>\n<li><a href=\"https:\/\/cloudreviews.info\/it\/i-migliori-servizio-vpn-per-linux\/\">I migliori servizio VPN per Linux<\/a><\/li>\n<li><a href=\"https:\/\/cloudreviews.info\/it\/il-miglior-backup-cloud-per-windows\/\">Il miglior backup cloud per Windows<\/a><\/li>\n<li><a href=\"https:\/\/cloudreviews.info\/it\/il-miglior-backup-online-per-la-musica\/\">Il miglior backup online per la musica<\/a><\/li>\n<li><a href=\"https:\/\/cloudreviews.info\/it\/best-vpn-for-torrenting\/\">La migliore VPN per il Torrenting<\/a><\/li>\n<li><a href=\"https:\/\/cloudreviews.info\/it\/la-migliore-vpn-per-netflix\/\">La migliore VPN per Netflix<\/a><\/li>\n<li><a href=\"https:\/\/cloudreviews.info\/it\/migliori-vpn\/\">Le migliori fornitori di VPN del 2018<\/a><\/li>\n<li><a href=\"https:\/\/cloudreviews.info\/it\/miglior-backup-online-per-le-foto\/\">Miglior backup online per le foto<\/a><\/li>\n<li><a href=\"https:\/\/cloudreviews.info\/it\/miglior-backup-online-per-mobile\/\">Miglior Backup Online per Mobile<\/a><\/li>\n<li><a href=\"https:\/\/cloudreviews.info\/it\/migliore-vpn-per-android-2020\/\">Migliore VPN per Android 2020<\/a><\/li>\n<li><a href=\"https:\/\/cloudreviews.info\/it\/migliore-vpn-per-mac-2020\/\">Migliore VPN per Mac 2020<\/a><\/li>\n<li><a href=\"https:\/\/cloudreviews.info\/it\/migliore-vpn-per-iphone\/\">Migliore VPN per iPhone<\/a><\/li>\n<li><a href=\"https:\/\/cloudreviews.info\/it\/migliore-vpn-per-windows\/\">Migliore VPN per Windows 2020<\/a><\/li>\n<\/ul>\n\n\n<p><\/p>\n","protected":false},"excerpt":{"rendered":"<p>Benvenuto su Cloudreviews.info. Siamo lieti che vi siate fermati. Prendetevi un momento e leggete cosa facciamo qui e come pu\u00f2 aiutarvi a risolvere i vostri problemi tecnologici quotidiani. Che cos&#8217;\u00e8 Cloudreviews.info? Cloudreviews.info ha iniziato con la visione di fornire le informazioni migliori e pi\u00f9 aggiornate in campo tecnologico. Ci riuniamo per presentarvi nuove ed entusiasmanti &#8230; <a title=\"Cloudreviews.info &#8211; Il portale di prova per i servizi online\" class=\"read-more\" href=\"https:\/\/cloudreviews.info\/it\/\" aria-label=\"Leggi di pi\u00f9 su Cloudreviews.info &#8211; Il portale di prova per i servizi online\">Leggi tutto<\/a><\/p>\n","protected":false},"author":4,"featured_media":0,"parent":0,"menu_order":0,"comment_status":"closed","ping_status":"closed","template":"","meta":[],"yoast_head":"<!-- This site is optimized with the Yoast SEO plugin v18.3 - https:\/\/yoast.com\/wordpress\/plugins\/seo\/ -->\n<title>lll\u25b7 Cloudreviews.info - Il portale di prova per i servizi online<\/title>\n<meta name=\"description\" content=\"Benvenuto su Cloudreviews.info. Siamo molto contenti che tu sia venuto. Prendetevi un momento per leggere cosa facciamo qui e come pu\u00f2 aiutarvi a risolvere i vostri problemi di tecnologia di tutti i giorni.\" \/>\n<meta name=\"robots\" content=\"index, follow, max-snippet:-1, max-image-preview:large, max-video-preview:-1\" \/>\n<link rel=\"canonical\" href=\"https:\/\/cloudreviews.info\/it\/\" \/>\n<meta property=\"og:locale\" content=\"it_IT\" \/>\n<meta property=\"og:type\" content=\"article\" \/>\n<meta property=\"og:title\" content=\"lll\u25b7 Cloudreviews.info - Il portale di prova per i servizi online\" \/>\n<meta property=\"og:description\" content=\"Benvenuto su Cloudreviews.info. Siamo molto contenti che tu sia venuto. Prendetevi un momento per leggere cosa facciamo qui e come pu\u00f2 aiutarvi a risolvere i vostri problemi di tecnologia di tutti i giorni.\" \/>\n<meta property=\"og:url\" content=\"https:\/\/cloudreviews.info\/it\/\" \/>\n<meta property=\"og:site_name\" content=\"Confronta la migliore soluzione di memorizzazione cloud | Migliore VPN | Hosting Web &amp; Altro\" \/>\n<meta property=\"article:modified_time\" content=\"2020-08-06T15:27:39+00:00\" \/>\n<meta property=\"og:image\" content=\"https:\/\/cloudreviews.info\/wp-content\/uploads\/2018\/06\/cloudreviews-homefront-page.jpg\" \/>\n<meta name=\"twitter:card\" content=\"summary\" \/>\n<meta name=\"twitter:label1\" content=\"Tempo di lettura stimato\" \/>\n\t<meta name=\"twitter:data1\" content=\"4 minuti\" \/>\n<script type=\"application\/ld+json\" class=\"yoast-schema-graph\">{\"@context\":\"https:\/\/schema.org\",\"@graph\":[{\"@type\":\"WebSite\",\"@id\":\"https:\/\/cloudreviews.info\/#website\",\"url\":\"https:\/\/cloudreviews.info\/\",\"name\":\"Confronta la migliore soluzione di memorizzazione cloud | Migliore VPN | Hosting Web &amp; Altro\",\"description\":\"\",\"potentialAction\":[{\"@type\":\"SearchAction\",\"target\":{\"@type\":\"EntryPoint\",\"urlTemplate\":\"https:\/\/cloudreviews.info\/?s={search_term_string}\"},\"query-input\":\"required name=search_term_string\"}],\"inLanguage\":\"it-IT\"},{\"@type\":\"ImageObject\",\"@id\":\"https:\/\/cloudreviews.info\/it\/#primaryimage\",\"inLanguage\":\"it-IT\",\"url\":\"https:\/\/cloudreviews.info\/wp-content\/uploads\/2018\/06\/cloudreviews-homefront-page.jpg\",\"contentUrl\":\"https:\/\/cloudreviews.info\/wp-content\/uploads\/2018\/06\/cloudreviews-homefront-page.jpg\",\"width\":1200,\"height\":628},{\"@type\":\"WebPage\",\"@id\":\"https:\/\/cloudreviews.info\/it\/#webpage\",\"url\":\"https:\/\/cloudreviews.info\/it\/\",\"name\":\"lll\u25b7 Cloudreviews.info - Il portale di prova per i servizi online\",\"isPartOf\":{\"@id\":\"https:\/\/cloudreviews.info\/#website\"},\"primaryImageOfPage\":{\"@id\":\"https:\/\/cloudreviews.info\/it\/#primaryimage\"},\"datePublished\":\"2018-06-10T20:49:49+00:00\",\"dateModified\":\"2020-08-06T15:27:39+00:00\",\"description\":\"Benvenuto su Cloudreviews.info. Siamo molto contenti che tu sia venuto. Prendetevi un momento per leggere cosa facciamo qui e come pu\u00f2 aiutarvi a risolvere i vostri problemi di tecnologia di tutti i giorni.\",\"breadcrumb\":{\"@id\":\"https:\/\/cloudreviews.info\/it\/#breadcrumb\"},\"inLanguage\":\"it-IT\",\"potentialAction\":[{\"@type\":\"ReadAction\",\"target\":[\"https:\/\/cloudreviews.info\/it\/\"]}]},{\"@type\":\"BreadcrumbList\",\"@id\":\"https:\/\/cloudreviews.info\/it\/#breadcrumb\",\"itemListElement\":[{\"@type\":\"ListItem\",\"position\":1,\"name\":\"Startseite\",\"item\":\"https:\/\/cloudreviews.info\/it\/\"},{\"@type\":\"ListItem\",\"position\":2,\"name\":\"Cloudreviews.info &#8211; Il portale di prova per i servizi online\"}]}]}<\/script>\n<!-- \/ Yoast SEO plugin. -->","yoast_head_json":{"title":"lll\u25b7 Cloudreviews.info - Il portale di prova per i servizi online","description":"Benvenuto su Cloudreviews.info. Siamo molto contenti che tu sia venuto. Prendetevi un momento per leggere cosa facciamo qui e come pu\u00f2 aiutarvi a risolvere i vostri problemi di tecnologia di tutti i giorni.","robots":{"index":"index","follow":"follow","max-snippet":"max-snippet:-1","max-image-preview":"max-image-preview:large","max-video-preview":"max-video-preview:-1"},"canonical":"https:\/\/cloudreviews.info\/it\/","og_locale":"it_IT","og_type":"article","og_title":"lll\u25b7 Cloudreviews.info - Il portale di prova per i servizi online","og_description":"Benvenuto su Cloudreviews.info. Siamo molto contenti che tu sia venuto. Prendetevi un momento per leggere cosa facciamo qui e come pu\u00f2 aiutarvi a risolvere i vostri problemi di tecnologia di tutti i giorni.","og_url":"https:\/\/cloudreviews.info\/it\/","og_site_name":"Confronta la migliore soluzione di memorizzazione cloud | Migliore VPN | Hosting Web &amp; Altro","article_modified_time":"2020-08-06T15:27:39+00:00","og_image":[{"url":"https:\/\/cloudreviews.info\/wp-content\/uploads\/2018\/06\/cloudreviews-homefront-page.jpg"}],"twitter_card":"summary","twitter_misc":{"Tempo di lettura stimato":"4 minuti"},"schema":{"@context":"https:\/\/schema.org","@graph":[{"@type":"WebSite","@id":"https:\/\/cloudreviews.info\/#website","url":"https:\/\/cloudreviews.info\/","name":"Confronta la migliore soluzione di memorizzazione cloud | Migliore VPN | Hosting Web &amp; Altro","description":"","potentialAction":[{"@type":"SearchAction","target":{"@type":"EntryPoint","urlTemplate":"https:\/\/cloudreviews.info\/?s={search_term_string}"},"query-input":"required name=search_term_string"}],"inLanguage":"it-IT"},{"@type":"ImageObject","@id":"https:\/\/cloudreviews.info\/it\/#primaryimage","inLanguage":"it-IT","url":"https:\/\/cloudreviews.info\/wp-content\/uploads\/2018\/06\/cloudreviews-homefront-page.jpg","contentUrl":"https:\/\/cloudreviews.info\/wp-content\/uploads\/2018\/06\/cloudreviews-homefront-page.jpg","width":1200,"height":628},{"@type":"WebPage","@id":"https:\/\/cloudreviews.info\/it\/#webpage","url":"https:\/\/cloudreviews.info\/it\/","name":"lll\u25b7 Cloudreviews.info - Il portale di prova per i servizi online","isPartOf":{"@id":"https:\/\/cloudreviews.info\/#website"},"primaryImageOfPage":{"@id":"https:\/\/cloudreviews.info\/it\/#primaryimage"},"datePublished":"2018-06-10T20:49:49+00:00","dateModified":"2020-08-06T15:27:39+00:00","description":"Benvenuto su Cloudreviews.info. Siamo molto contenti che tu sia venuto. Prendetevi un momento per leggere cosa facciamo qui e come pu\u00f2 aiutarvi a risolvere i vostri problemi di tecnologia di tutti i giorni.","breadcrumb":{"@id":"https:\/\/cloudreviews.info\/it\/#breadcrumb"},"inLanguage":"it-IT","potentialAction":[{"@type":"ReadAction","target":["https:\/\/cloudreviews.info\/it\/"]}]},{"@type":"BreadcrumbList","@id":"https:\/\/cloudreviews.info\/it\/#breadcrumb","itemListElement":[{"@type":"ListItem","position":1,"name":"Startseite","item":"https:\/\/cloudreviews.info\/it\/"},{"@type":"ListItem","position":2,"name":"Cloudreviews.info &#8211; Il portale di prova per i servizi online"}]}]}},"_links":{"self":[{"href":"https:\/\/cloudreviews.info\/it\/wp-json\/wp\/v2\/pages\/1151\/"}],"collection":[{"href":"https:\/\/cloudreviews.info\/it\/wp-json\/wp\/v2\/pages\/"}],"about":[{"href":"https:\/\/cloudreviews.info\/it\/wp-json\/wp\/v2\/types\/page\/"}],"author":[{"embeddable":true,"href":"https:\/\/cloudreviews.info\/it\/wp-json\/wp\/v2\/users\/4\/"}],"replies":[{"embeddable":true,"href":"https:\/\/cloudreviews.info\/it\/wp-json\/wp\/v2\/comments\/?post=1151"}],"version-history":[{"count":12,"href":"https:\/\/cloudreviews.info\/it\/wp-json\/wp\/v2\/pages\/1151\/revisions\/"}],"predecessor-version":[{"id":5158,"href":"https:\/\/cloudreviews.info\/it\/wp-json\/wp\/v2\/pages\/1151\/revisions\/5158\/"}],"wp:attachment":[{"href":"https:\/\/cloudreviews.info\/it\/wp-json\/wp\/v2\/media\/?parent=1151"}],"curies":[{"name":"wp","href":"https:\/\/api.w.org\/{rel}","templated":true}]}}