{"id":1481,"date":"2020-07-03T20:30:09","date_gmt":"2020-07-03T19:30:09","guid":{"rendered":"https:\/\/cloudreviews.info\/?page_id=1481"},"modified":"2020-09-14T20:03:22","modified_gmt":"2020-09-14T19:03:22","slug":"migliore-vpn-per-android-2020","status":"publish","type":"page","link":"https:\/\/cloudreviews.info\/it\/migliore-vpn-per-android-2020\/","title":{"rendered":"Migliore VPN per Android 2020"},"content":{"rendered":"<p>I lettori fedeli del nostro sito sapranno che siamo forti sostenitori della privacy nel fai da te. Tra tutti i modi per proteggersi online, utilizzare una VPN \u00e8 sicuramente il migliore; dato che la maggior parte delle persone usano il loro smartphone per accedere a Internet, saremmo riluttanti se non scrivessimo un articolo sulla migliore VPN per Android.<\/p>\n<p>Quando abbiamo esaminato la nostra selezione dei migliori provider VPN, c&#8217;erano alcune cose che pensavamo avrebbero reso una VPN particolarmente buona per l&#8217;uso su un dispositivo Android. Velocit\u00e0 rapide per mantenerti attivo e funzionante, alta sicurezza per offrire agli utenti tranquillit\u00e0 e una politica di log zero per tenere i dati personali lontani da hacker, fornitori e abiti.<\/p>\n<a class=\"maxbutton-15 maxbutton maxbutton-cta-vyprvpn-fr\" target=\"_blank\" rel=\"nofollow noopener\" href=\"\/vyprvpn\/go\/\"><span class='mb-text'>?? Vay a VyprVPN! ??<\/span><\/a>\n<h2>Cosa rende un VPN il migliore per Android?<\/h2>\n<p>Si pu\u00f2 non rendersene conto, ma si accede a un sacco di informazioni private con il vostro smartphone. Controlla il tuo conto bancario, accedi a Facebook, vai su Tinder, tutto questo espone i tuoi dati personali al mondo. Utilizzando una VPN, \u00e8 possibile mascherare la presenza sul Web e utilizzando un provider non registrato come IPVanish si cancellano anche le tracce di tale eliminazione.<\/p>\n<p>I dispositivi Android sono un compagno costante per tutto il giorno, mantenendoti in contatto con amici, familiari e il resto del mondo. Per fare questo bene, la vostra VPN deve essere e rimanere veloce: l&#8217;accesso a Internet privato, ad esempio, non \u00e8 solo veloce, ma anche molto stabile.<\/p>\n<p>Con cos\u00ec tanti dispositivi Android disponibili, \u00e8 importante che tutte le nostre selezioni siano compatibili con una vasta gamma di versioni del sistema operativo. ExpressVPN gestisce questo meglio di chiunque altro, con il supporto di Jelly Bean, una versione di Android originariamente rilasciato cinque anni fa.<\/p>\n<p>Soprattutto, un servizio VPN deve prendere molto sul serio la sicurezza. Con i criminali informatici che ti aspettano per accedere a un hotspot non protetto, le nostre selezioni devono utilizzare metodi di crittografia collaudati e avere una posizione di sicurezza forte. VyprVPN, ad esempio, offre un&#8217;eccellente sicurezza e quindi tranquillit\u00e0. Con tutto questo, diamo un&#8217;occhiata in profondit\u00e0 ai nostri cinque preferiti.<\/p>\n<a class=\"maxbutton-15 maxbutton maxbutton-cta-vyprvpn-fr\" target=\"_blank\" rel=\"nofollow noopener\" href=\"\/vyprvpn\/go\/\"><span class='mb-text'>?? Vay a VyprVPN! ??<\/span><\/a>\n<h2>VyprVPN<\/h2>\n<p>VyprVPN \u00e8 stato costruito per fornire una facile protezione plug-and-play. Utilizza metodi di crittografia AES a 256 bit, il che significa che, insieme a una serie di indirizzi IP temporanei, la sicurezza di VyprVPN non \u00e8 uno scherzo. Grazie alla protezione automatica della connessione WiFi, si attiva istantaneamente quando gli utenti si collegano a punti di accesso pubblici, consentendo di connettersi in modo sicuro e senza problemi.<\/p>\n<p><a href=\"https:\/\/cloudreviews.info\/vyprvpn\/go\/\" rel=\"nofollow\"><img loading=\"lazy\" class=\"aligncenter wp-image-3512 size-full\" src=\"https:\/\/cloudreviews.info\/wp-content\/uploads\/2020\/05\/VyprVPN.jpg\" alt=\"VyprVPN\" width=\"1300\" height=\"633\" srcset=\"https:\/\/cloudreviews.info\/wp-content\/uploads\/2020\/05\/VyprVPN.jpg 1300w, https:\/\/cloudreviews.info\/wp-content\/uploads\/2020\/05\/VyprVPN-300x146.jpg 300w, https:\/\/cloudreviews.info\/wp-content\/uploads\/2020\/05\/VyprVPN-1024x499.jpg 1024w, https:\/\/cloudreviews.info\/wp-content\/uploads\/2020\/05\/VyprVPN-768x374.jpg 768w\" sizes=\"(max-width: 1300px) 100vw, 1300px\" \/><\/a><\/p>\n<p>Le velocit\u00e0 sono molto solide con VyprVPN, e gli utenti saranno soddisfatti in quanto questo rimane costante durante l&#8217;uso. Questo \u00e8 particolarmente buono quando si utilizza Netflix, e dal momento che VyprVPN pu\u00f2 bypassare il divieto di Netflix VPN, gli utenti possono guardare i loro programmi preferiti sul loro dispositivo Android, non importa dove si trovino.<\/p>\n<p>Gli utenti con vecchi dispositivi Android non sono esclusi, in quanto VyprVPN supporta versioni del sistema operativo che risalgono al 4.0, garantendo che tutti i loro dispositivi possono essere protetti. \u00c8 inoltre possibile collegare fino a cinque dispositivi contemporaneamente a un account VyprVPN.<\/p>\n<p>Anche se VyprVPN fornisce una grande sicurezza, gli abbiamo dato il secondo posto perch\u00e9 conserva alcuni record e ha una crittografia inferiore nel pacchetto base. Mentre il servizio contiene solo pochi bit di informazioni per le controversie di fatturazione, \u00e8 ancora sufficiente sollevare alcune sopracciglia relative alla privacy.<\/p>\n<a class=\"maxbutton-15 maxbutton maxbutton-cta-vyprvpn-fr\" target=\"_blank\" rel=\"nofollow noopener\" href=\"\/vyprvpn\/go\/\"><span class='mb-text'>?? Vay a VyprVPN! ??<\/span><\/a>\n<h3>Altri motivi per cui ci piace VyprVPN<\/h3>\n<p>Con una larghezza di banda illimitata e senza limiti di prestazioni, VyprVPN consente agli utenti di sfruttare appieno il potenziale della connessione. Se vi piace il contenuto in streaming, VyprVPN vi fornir\u00e0 velocit\u00e0 che vi garantiranno un&#8217;esperienza fluida e protetta.<\/p>\n<p>VyprVPN ha anche sede in Svizzera, un paese noto per le sue leggi sulla privacy, ed \u00e8 di propriet\u00e0 di Golden Frog, una societ\u00e0 di sicurezza. Questi fatti funzionano a favore di VyprVPN e lo rendono un&#8217;ottima scelta per proteggere il vostro dispositivo Android.<\/p>\n<p>Se stai cercando maggiori informazioni su VyprVPN, assicurati di leggere la nostra recensione completa di VyprVPN. VyprVPN offre anche una prova gratuita di tre giorni, quindi assicuratevi di provare il servizio.<\/p>\n<a class=\"maxbutton-15 maxbutton maxbutton-cta-vyprvpn-fr\" target=\"_blank\" rel=\"nofollow noopener\" href=\"\/vyprvpn\/go\/\"><span class='mb-text'>?? Vay a VyprVPN! ??<\/span><\/a>\n<p><strong>\n<table id=\"tablepress-324\" class=\"tablepress tablepress-id-324\">\n<thead>\n<tr class=\"row-1 odd\">\n\t<th class=\"column-1\">Pros<\/th><th class=\"column-2\">Cons<\/th>\n<\/tr>\n<\/thead>\n<tbody class=\"row-hover\">\n<tr class=\"row-2 even\">\n\t<td class=\"column-1\">Facile da usare<\/td><td class=\"column-2\">Nessun rimborso dopo tre giorni<\/td>\n<\/tr>\n<tr class=\"row-3 odd\">\n\t<td class=\"column-1\">Funziona con Netflix<\/td><td class=\"column-2\">Un po' di registrazione<\/td>\n<\/tr>\n<tr class=\"row-4 even\">\n\t<td class=\"column-1\">Prova gratuita di tre giorni<\/td><td class=\"column-2\">Nessuna crittografia sulla planimetria di base<\/td>\n<\/tr>\n<\/tbody>\n<\/table>\n<!-- #tablepress-324 from cache --><\/strong><\/p>\n<h2>ExpressVPN<\/h2>\n<p>ExpressVPN \u00e8 un servizio fantastico che fornisce quattro diversi protocolli di crittografia con AES a 256 bit, garantendo che i dati degli utenti siano protetti e nascosti. ExpressVPN offre anche il supporto per il killswitch e l&#8217;inoltro delle porte, rendendolo una robusta opzione di sicurezza per gli utenti Android.<\/p>\n<p>Quando si accede a Internet tramite il dispositivo Android, ExpressVPN manterr\u00e0 stabili le connessioni. Con velocit\u00e0 veloci e connessioni senza strozzature, i demoni della velocit\u00e0 sono sicuri di essere soddisfatti. Inoltre, ExpressVPN \u00e8 la nostra migliore VPN per Netflix, il che significa che avrete anche la vostra soluzione di intrattenimento.<\/p>\n<p>ExpressVPN funzioner\u00e0 sicuramente sul tuo dispositivo, in quanto compatibile con le versioni Android 4.1 e successive: le istruzioni di configurazione sono chiaramente riportate sul sito web, senza lasciare spazio a confusione. Si noti che \u00e8 possibile collegare solo tre dispositivi. Nonostante questo limite basso, ha un prezzo pi\u00f9 alto rispetto alle nostre altre selezioni e abbiamo sentito che il terzo posto ha funzionato meglio qui.<\/p>\n<h3>Altri motivi per cui ci piace ExpressVPN<\/h3>\n<p>ExpressVPN \u00e8 dotato di un gran numero di server sparsi in 94 paesi e di SmartDNS integrato. Il servizio supporta anche una vasta gamma di piattaforme, da Linux a router DD-WRT. Per maggiori dettagli, vai alla nostra recensione ExpressVPN.<\/p>\n<p>Gli utenti Android apprezzeranno la velocit\u00e0 e la funzionalit\u00e0 di Netflix, quindi raccomandiamo vivamente di dare la possibilit\u00e0 a ExpressVPN.<\/p>\n<p><strong>\n<table id=\"tablepress-325\" class=\"tablepress tablepress-id-325\">\n<thead>\n<tr class=\"row-1 odd\">\n\t<th class=\"column-1\">Pros<\/th><th class=\"column-2\">Cons<\/th>\n<\/tr>\n<\/thead>\n<tbody class=\"row-hover\">\n<tr class=\"row-2 even\">\n\t<td class=\"column-1\">Server in 94 paesi<\/td><td class=\"column-2\">Raccoglie i metadati<\/td>\n<\/tr>\n<tr class=\"row-3 odd\">\n\t<td class=\"column-1\">SmartDNS<\/td><td class=\"column-2\">Collega solo tre dispositivi<\/td>\n<\/tr>\n<tr class=\"row-4 even\">\n\t<td class=\"column-1\">Funziona con Netflix<\/td><td class=\"column-2\">Piuttosto costoso<\/td>\n<\/tr>\n<\/tbody>\n<\/table>\n<!-- #tablepress-325 from cache --><\/strong><\/p>\n<h2 id=\"IPVanish\">IPVanish<\/h2>\n<p>IPVanish offre diverse funzioni di sicurezza robuste, tra cui tre protocolli VPN, crittografia AES a 256 bit, indirizzi IP condivisi e commutazione IP automatica. La commutazione IP funziona particolarmente bene, poich\u00e9 IPVanish consente di scegliere tra tre intervalli di tempo e persino di scollegare Internet durante la commutazione IP.<\/p>\n<p>Le velocit\u00e0 di IPVanish sono inferiori a quelle della concorrenza, in quanto sono decenti. Questo pu\u00f2 non essere un grosso problema per alcuni, ma rende IPVanish un po &#8216;nella nostra stima.<\/p>\n<p><a href=\"https:\/\/cloudreviews.info\/ipvanish\/go\/\" rel=\"nofollow\"><img loading=\"lazy\" class=\"alignnone wp-image-1469 size-full\" src=\"https:\/\/cloudreviews.info\/wp-content\/uploads\/2018\/07\/ipvanish.jpg\" alt=\"ipvanish\" width=\"1599\" height=\"735\" srcset=\"https:\/\/cloudreviews.info\/wp-content\/uploads\/2018\/07\/ipvanish.jpg 1599w, https:\/\/cloudreviews.info\/wp-content\/uploads\/2018\/07\/ipvanish-300x138.jpg 300w, https:\/\/cloudreviews.info\/wp-content\/uploads\/2018\/07\/ipvanish-768x353.jpg 768w, https:\/\/cloudreviews.info\/wp-content\/uploads\/2018\/07\/ipvanish-1024x471.jpg 1024w\" sizes=\"(max-width: 1599px) 100vw, 1599px\" \/><\/a><\/p>\n<p>IPVanish \u00e8 molto utile per gli utenti Android, in quanto supporta le versioni 4.0 e successive del sistema operativo e offre anche un tutorial video sulla configurazione delle applicazioni. L&#8217;applicazione IPVanish per Android supporta solo OpenVPN, ma sono disponibili anche tutorial e guide visive sulla configurazione di PPTP e L2TP sul dispositivo.<\/p>\n<p>IPVanish \u00e8 stata la nostra quarta scelta a causa della velocit\u00e0 pi\u00f9 bassa, della mancanza di assistenza clienti e del fatto che tiene traccia di alcuni metadati, che consideriamo una truffa, soprattutto per un&#8217;azienda con sede negli Stati Uniti. Tuttavia, offrono un traffico P2P illimitato, e questo \u00e8 un grande vantaggio per i grandi utenti del torrente.<\/p>\n<a class=\"maxbutton-39 maxbutton maxbutton-cta-ipvanish-it\" target=\"_blank\" rel=\"nofollow noopener\" href=\"\/ipvanish\/go\/\"><span class='mb-text'>\ud83e\udc46\ud83e\udc46 Vai a IPVanish! \ud83e\udc44\ud83e\udc44<\/span><\/a>\n<h3>Altri motivi per cui ci piace IPVanish<\/h3>\n<p>IPVanish ha alcune caratteristiche di sicurezza molto chiare, come il proxy web SOCKS5, che reindirizza l&#8217;attivit\u00e0 di navigazione in modo che sembri provenire dal server (con un leggero costo di sicurezza), o il blocco della LAN, che impedisce ad altri dispositivi della rete locale di comunicare con il dispositivo.<\/p>\n<p>Sono queste le piccole implementazioni di sicurezza che rendono IPVanish un&#8217;opzione davvero interessante. Per saperne di pi\u00f9 su questo servizio, assicuratevi di controllare la nostra recensione IPVanish e approfittare della nostra garanzia di 7 giorni soddisfatti o rimborsati per provarlo senza rischiare il vostro portafoglio.<\/p>\n<a class=\"maxbutton-39 maxbutton maxbutton-cta-ipvanish-it\" target=\"_blank\" rel=\"nofollow noopener\" href=\"\/ipvanish\/go\/\"><span class='mb-text'>\ud83e\udc46\ud83e\udc46 Vai a IPVanish! \ud83e\udc44\ud83e\udc44<\/span><\/a>\n<p><strong>\n<table id=\"tablepress-326\" class=\"tablepress tablepress-id-326\">\n<thead>\n<tr class=\"row-1 odd\">\n\t<th class=\"column-1\">Pros<\/th><th class=\"column-2\">Cons<\/th>\n<\/tr>\n<\/thead>\n<tbody class=\"row-hover\">\n<tr class=\"row-2 even\">\n\t<td class=\"column-1\">Supporta Android 4.0 e versioni successive<\/td><td class=\"column-2\">US Based<\/td>\n<\/tr>\n<tr class=\"row-3 odd\">\n\t<td class=\"column-1\">Visualizzatore del traffico<\/td><td class=\"column-2\">Pi\u00f9 lento della concorrenza<\/td>\n<\/tr>\n<tr class=\"row-4 even\">\n\t<td class=\"column-1\">Firewall NAT<\/td><td class=\"column-2\">Nessun supporto per la chat dal vivo<\/td>\n<\/tr>\n<\/tbody>\n<\/table>\n<!-- #tablepress-326 from cache --><\/strong><\/p>\n<h2>Private Internet Access<\/h2>\n<p>Gli utenti a basso costo non troveranno un servizio VPN pi\u00f9 veloce o meno costoso di Private Internet Access VPN, e non lesina sulle caratteristiche di sicurezza solo perch\u00e9 \u00e8 pi\u00f9 leggero sul portafoglio rispetto ai suoi rivali. Private Internet Access VPN \u00e8 la nostra ultima alternativa per gli utenti Android, che offrono un servizio fantastico ad un costo nominale mensile. \u00c8 anche uno dei fornitori pi\u00f9 economici del settore.<\/p>\n<p><a href=\"https:\/\/cloudreviews.info\/pia\/go\/\" rel=\"nofollow\"><img loading=\"lazy\" class=\"aligncenter wp-image-3396 size-full\" src=\"https:\/\/cloudreviews.info\/wp-content\/uploads\/2020\/05\/PIA_Platform_FR.jpg\" alt=\"PIA_Platform_FR\" width=\"1300\" height=\"582\" srcset=\"https:\/\/cloudreviews.info\/wp-content\/uploads\/2020\/05\/PIA_Platform_FR.jpg 1300w, https:\/\/cloudreviews.info\/wp-content\/uploads\/2020\/05\/PIA_Platform_FR-300x134.jpg 300w, https:\/\/cloudreviews.info\/wp-content\/uploads\/2020\/05\/PIA_Platform_FR-1024x458.jpg 1024w, https:\/\/cloudreviews.info\/wp-content\/uploads\/2020\/05\/PIA_Platform_FR-768x344.jpg 768w\" sizes=\"(max-width: 1300px) 100vw, 1300px\" \/><\/a><\/p>\n<p>PIA tiene il passo con e supera anche i leader del settore per certi versi. Ad esempio, Private Internet Access VPN consente fino a 5 connessioni simultanee per account, il che \u00e8 ottimo se si dispone di pi\u00f9 di un dispositivo da proteggere.<\/p>\n<p>Inoltre, operano pi\u00f9 server della maggior parte degli altri provider VPN. A tutt&#8217;oggi gestisce circa 3.100 server in 24 paesi, ma nuovi server vengono costantemente aggiunti alla rete.<\/p>\n<a class=\"maxbutton-18 maxbutton maxbutton-cta-pia-it\" target=\"_blank\" rel=\"nofollow noopener\" href=\"\/pia\/go\/\"><span class='mb-text'>\ud83e\udc46\ud83e\udc46 Vai a PrivateInternetAccess! \ud83e\udc44\ud83e\udc44<\/span><\/a>\n<h3>Perch\u00e9 ci piace Private Internet Access VPN:<\/h3>\n<p>Per gli utenti preoccupati per il malware Android, come il malware CopyCat che ha colpito i loro dispositivi il mese scorso, PIA ha integrato malware e protezione adware, rendendo facile navigare. PIA supporta anche una vasta gamma di piattaforme, tra cui piattaforme router e Linux, e fornisce numerosi tutorial per tutti loro.<\/p>\n<p>PIA \u00e8 orgogliosa di avere oltre 3.000 server in oltre 24 paesi, e fornisce un servizio abbastanza facile per i nuovi utenti con potenza sufficiente a soddisfare gli utenti pi\u00f9 avanzati. E &#8216;una scelta solida per qualsiasi utente Android alla ricerca di una VPN di grandi dimensioni. Per ulteriori informazioni su ci\u00f2 che lo rende degno di questo elenco, vedere la nostra recensione di PIA. Se ti piace il servizio, visita PIA e registrati; c&#8217;\u00e8 una garanzia di rimborso di sette giorni.<\/p>\n<a class=\"maxbutton-18 maxbutton maxbutton-cta-pia-it\" target=\"_blank\" rel=\"nofollow noopener\" href=\"\/pia\/go\/\"><span class='mb-text'>\ud83e\udc46\ud83e\udc46 Vai a PrivateInternetAccess! \ud83e\udc44\ud83e\udc44<\/span><\/a>\n<p><strong>\n<table id=\"tablepress-327\" class=\"tablepress tablepress-id-327\">\n<thead>\n<tr class=\"row-1 odd\">\n\t<th class=\"column-1\">Pros<\/th><th class=\"column-2\">Cons<\/th>\n<\/tr>\n<\/thead>\n<tbody class=\"row-hover\">\n<tr class=\"row-2 even\">\n\t<td class=\"column-1\">Velocit\u00e0 solide<\/td><td class=\"column-2\">Nessuna versione di prova<\/td>\n<\/tr>\n<tr class=\"row-3 odd\">\n\t<td class=\"column-1\">Clienti per tutte le principali piattaforme<\/td><td class=\"column-2\">Nessun supporto Netflix<\/td>\n<\/tr>\n<tr class=\"row-4 even\">\n\t<td class=\"column-1\">Supporta Android 4.0.4 e versioni successive<\/td><td class=\"column-2\">Seleziona i server solo per regione<\/td>\n<\/tr>\n<\/tbody>\n<\/table>\n<!-- #tablepress-327 from cache --><\/strong><\/p>\n<h2>Conclusione<\/h2>\n<p>Questo \u00e8 tutto per la nostra migliore VPN Android: anche se non tutti i provider precedenti possono andare bene per voi, siete sicuri di trovare qualcosa che vi permetter\u00e0 di navigare sul web in modo sicuro dal vostro smartphone. AirVPN \u00e8 il nostro preferito: avete un&#8217;idea diversa? Fatecelo sapere nei commenti qui sotto. Come sempre, grazie per aver letto e stare al sicuro l\u00e0 fuori. Ulteriori informazioni sono disponibili qui:\u00a0<a href=\"https:\/\/cloudreviews.info\/it\/\">https:\/\/cloudreviews.info\/it\/<\/a>.<\/p>\n","protected":false},"excerpt":{"rendered":"<p>I lettori fedeli del nostro sito sapranno che siamo forti sostenitori della privacy nel fai da te. Tra tutti i modi per proteggersi online, utilizzare una VPN \u00e8 sicuramente il migliore; dato che la maggior parte delle persone usano il loro smartphone per accedere a Internet, saremmo riluttanti se non scrivessimo un articolo sulla migliore &#8230; <a title=\"Migliore VPN per Android 2020\" class=\"read-more\" href=\"https:\/\/cloudreviews.info\/it\/migliore-vpn-per-android-2020\/\" aria-label=\"Leggi di pi\u00f9 su Migliore VPN per Android 2020\">Leggi tutto<\/a><\/p>\n","protected":false},"author":4,"featured_media":0,"parent":0,"menu_order":0,"comment_status":"closed","ping_status":"closed","template":"","meta":[],"yoast_head":"<!-- This site is optimized with the Yoast SEO plugin v18.3 - https:\/\/yoast.com\/wordpress\/plugins\/seo\/ -->\n<title>Migliore VPN per Android 2020<\/title>\n<meta name=\"description\" content=\"Qual \u00e8 la migliore VPN per i dispositivi Android? Abbiamo la risposta. \u2705 Prezzi bassi \u2705 Ottimo storage - Clicca qui ora \u279c\" \/>\n<meta name=\"robots\" content=\"index, follow, max-snippet:-1, max-image-preview:large, max-video-preview:-1\" \/>\n<link rel=\"canonical\" href=\"https:\/\/cloudreviews.info\/it\/migliore-vpn-per-android-2020\/\" \/>\n<meta property=\"og:locale\" content=\"it_IT\" \/>\n<meta property=\"og:type\" content=\"article\" \/>\n<meta property=\"og:title\" content=\"Migliore VPN per Android 2020\" \/>\n<meta property=\"og:description\" content=\"Qual \u00e8 la migliore VPN per i dispositivi Android? Abbiamo la risposta. \u2705 Prezzi bassi \u2705 Ottimo storage - Clicca qui ora \u279c\" \/>\n<meta property=\"og:url\" content=\"https:\/\/cloudreviews.info\/it\/migliore-vpn-per-android-2020\/\" \/>\n<meta property=\"og:site_name\" content=\"Confronta la migliore soluzione di memorizzazione cloud | Migliore VPN | Hosting Web &amp; Altro\" \/>\n<meta property=\"article:modified_time\" content=\"2020-09-14T19:03:22+00:00\" \/>\n<meta property=\"og:image\" content=\"https:\/\/cloudreviews.info\/wp-content\/uploads\/2020\/05\/VyprVPN.jpg\" \/>\n<meta name=\"twitter:card\" content=\"summary\" \/>\n<meta name=\"twitter:label1\" content=\"Tempo di lettura stimato\" \/>\n\t<meta name=\"twitter:data1\" content=\"8 minuti\" \/>\n<script type=\"application\/ld+json\" class=\"yoast-schema-graph\">{\"@context\":\"https:\/\/schema.org\",\"@graph\":[{\"@type\":\"WebSite\",\"@id\":\"https:\/\/cloudreviews.info\/#website\",\"url\":\"https:\/\/cloudreviews.info\/\",\"name\":\"Confronta la migliore soluzione di memorizzazione cloud | Migliore VPN | Hosting Web &amp; Altro\",\"description\":\"\",\"potentialAction\":[{\"@type\":\"SearchAction\",\"target\":{\"@type\":\"EntryPoint\",\"urlTemplate\":\"https:\/\/cloudreviews.info\/?s={search_term_string}\"},\"query-input\":\"required name=search_term_string\"}],\"inLanguage\":\"it-IT\"},{\"@type\":\"ImageObject\",\"@id\":\"https:\/\/cloudreviews.info\/it\/migliore-vpn-per-android-2020\/#primaryimage\",\"inLanguage\":\"it-IT\",\"url\":\"https:\/\/cloudreviews.info\/wp-content\/uploads\/2020\/05\/VyprVPN.jpg\",\"contentUrl\":\"https:\/\/cloudreviews.info\/wp-content\/uploads\/2020\/05\/VyprVPN.jpg\",\"width\":1300,\"height\":633,\"caption\":\"VyprVPN\"},{\"@type\":\"WebPage\",\"@id\":\"https:\/\/cloudreviews.info\/it\/migliore-vpn-per-android-2020\/#webpage\",\"url\":\"https:\/\/cloudreviews.info\/it\/migliore-vpn-per-android-2020\/\",\"name\":\"Migliore VPN per Android 2020\",\"isPartOf\":{\"@id\":\"https:\/\/cloudreviews.info\/#website\"},\"primaryImageOfPage\":{\"@id\":\"https:\/\/cloudreviews.info\/it\/migliore-vpn-per-android-2020\/#primaryimage\"},\"datePublished\":\"2020-07-03T19:30:09+00:00\",\"dateModified\":\"2020-09-14T19:03:22+00:00\",\"description\":\"Qual \u00e8 la migliore VPN per i dispositivi Android? Abbiamo la risposta. \u2705 Prezzi bassi \u2705 Ottimo storage - Clicca qui ora \u279c\",\"breadcrumb\":{\"@id\":\"https:\/\/cloudreviews.info\/it\/migliore-vpn-per-android-2020\/#breadcrumb\"},\"inLanguage\":\"it-IT\",\"potentialAction\":[{\"@type\":\"ReadAction\",\"target\":[\"https:\/\/cloudreviews.info\/it\/migliore-vpn-per-android-2020\/\"]}]},{\"@type\":\"BreadcrumbList\",\"@id\":\"https:\/\/cloudreviews.info\/it\/migliore-vpn-per-android-2020\/#breadcrumb\",\"itemListElement\":[{\"@type\":\"ListItem\",\"position\":1,\"name\":\"Startseite\",\"item\":\"https:\/\/cloudreviews.info\/it\/\"},{\"@type\":\"ListItem\",\"position\":2,\"name\":\"Migliore VPN per Android 2020\"}]}]}<\/script>\n<!-- \/ Yoast SEO plugin. -->","yoast_head_json":{"title":"Migliore VPN per Android 2020","description":"Qual \u00e8 la migliore VPN per i dispositivi Android? Abbiamo la risposta. \u2705 Prezzi bassi \u2705 Ottimo storage - Clicca qui ora \u279c","robots":{"index":"index","follow":"follow","max-snippet":"max-snippet:-1","max-image-preview":"max-image-preview:large","max-video-preview":"max-video-preview:-1"},"canonical":"https:\/\/cloudreviews.info\/it\/migliore-vpn-per-android-2020\/","og_locale":"it_IT","og_type":"article","og_title":"Migliore VPN per Android 2020","og_description":"Qual \u00e8 la migliore VPN per i dispositivi Android? Abbiamo la risposta. \u2705 Prezzi bassi \u2705 Ottimo storage - Clicca qui ora \u279c","og_url":"https:\/\/cloudreviews.info\/it\/migliore-vpn-per-android-2020\/","og_site_name":"Confronta la migliore soluzione di memorizzazione cloud | Migliore VPN | Hosting Web &amp; Altro","article_modified_time":"2020-09-14T19:03:22+00:00","og_image":[{"url":"https:\/\/cloudreviews.info\/wp-content\/uploads\/2020\/05\/VyprVPN.jpg"}],"twitter_card":"summary","twitter_misc":{"Tempo di lettura stimato":"8 minuti"},"schema":{"@context":"https:\/\/schema.org","@graph":[{"@type":"WebSite","@id":"https:\/\/cloudreviews.info\/#website","url":"https:\/\/cloudreviews.info\/","name":"Confronta la migliore soluzione di memorizzazione cloud | Migliore VPN | Hosting Web &amp; Altro","description":"","potentialAction":[{"@type":"SearchAction","target":{"@type":"EntryPoint","urlTemplate":"https:\/\/cloudreviews.info\/?s={search_term_string}"},"query-input":"required name=search_term_string"}],"inLanguage":"it-IT"},{"@type":"ImageObject","@id":"https:\/\/cloudreviews.info\/it\/migliore-vpn-per-android-2020\/#primaryimage","inLanguage":"it-IT","url":"https:\/\/cloudreviews.info\/wp-content\/uploads\/2020\/05\/VyprVPN.jpg","contentUrl":"https:\/\/cloudreviews.info\/wp-content\/uploads\/2020\/05\/VyprVPN.jpg","width":1300,"height":633,"caption":"VyprVPN"},{"@type":"WebPage","@id":"https:\/\/cloudreviews.info\/it\/migliore-vpn-per-android-2020\/#webpage","url":"https:\/\/cloudreviews.info\/it\/migliore-vpn-per-android-2020\/","name":"Migliore VPN per Android 2020","isPartOf":{"@id":"https:\/\/cloudreviews.info\/#website"},"primaryImageOfPage":{"@id":"https:\/\/cloudreviews.info\/it\/migliore-vpn-per-android-2020\/#primaryimage"},"datePublished":"2020-07-03T19:30:09+00:00","dateModified":"2020-09-14T19:03:22+00:00","description":"Qual \u00e8 la migliore VPN per i dispositivi Android? Abbiamo la risposta. \u2705 Prezzi bassi \u2705 Ottimo storage - Clicca qui ora \u279c","breadcrumb":{"@id":"https:\/\/cloudreviews.info\/it\/migliore-vpn-per-android-2020\/#breadcrumb"},"inLanguage":"it-IT","potentialAction":[{"@type":"ReadAction","target":["https:\/\/cloudreviews.info\/it\/migliore-vpn-per-android-2020\/"]}]},{"@type":"BreadcrumbList","@id":"https:\/\/cloudreviews.info\/it\/migliore-vpn-per-android-2020\/#breadcrumb","itemListElement":[{"@type":"ListItem","position":1,"name":"Startseite","item":"https:\/\/cloudreviews.info\/it\/"},{"@type":"ListItem","position":2,"name":"Migliore VPN per Android 2020"}]}]}},"_links":{"self":[{"href":"https:\/\/cloudreviews.info\/it\/wp-json\/wp\/v2\/pages\/1481\/"}],"collection":[{"href":"https:\/\/cloudreviews.info\/it\/wp-json\/wp\/v2\/pages\/"}],"about":[{"href":"https:\/\/cloudreviews.info\/it\/wp-json\/wp\/v2\/types\/page\/"}],"author":[{"embeddable":true,"href":"https:\/\/cloudreviews.info\/it\/wp-json\/wp\/v2\/users\/4\/"}],"replies":[{"embeddable":true,"href":"https:\/\/cloudreviews.info\/it\/wp-json\/wp\/v2\/comments\/?post=1481"}],"version-history":[{"count":11,"href":"https:\/\/cloudreviews.info\/it\/wp-json\/wp\/v2\/pages\/1481\/revisions\/"}],"predecessor-version":[{"id":5291,"href":"https:\/\/cloudreviews.info\/it\/wp-json\/wp\/v2\/pages\/1481\/revisions\/5291\/"}],"wp:attachment":[{"href":"https:\/\/cloudreviews.info\/it\/wp-json\/wp\/v2\/media\/?parent=1481"}],"curies":[{"name":"wp","href":"https:\/\/api.w.org\/{rel}","templated":true}]}}