{"id":1528,"date":"2020-07-04T19:53:54","date_gmt":"2020-07-04T18:53:54","guid":{"rendered":"https:\/\/cloudreviews.info\/?page_id=1528"},"modified":"2020-09-05T14:00:04","modified_gmt":"2020-09-05T13:00:04","slug":"i-migliori-servizio-vpn-per-linux","status":"publish","type":"page","link":"https:\/\/cloudreviews.info\/it\/i-migliori-servizio-vpn-per-linux\/","title":{"rendered":"I migliori servizio VPN per Linux"},"content":{"rendered":"<p>Non \u00e8 un segreto che gli utenti Linux paghino un prezzo per l&#8217;utilizzo del loro sistema operativo preferito: mentre vi liberate dal fastidioso bloatware e dallo spazio per personalizzare il vostro computer come preferite, molti software non funzionano bene senza un po&#8217; di sudore cerebrale da parte vostra. Le reti private virtuali non sono molto diverse, quindi abbiamo creato una lista delle migliori VPN per Linux.<\/p>\n<a class=\"maxbutton-19 maxbutton maxbutton-cta-pia-fr\" target=\"_blank\" rel=\"nofollow noopener\" href=\"\/pia\/go\/\"><span class='mb-text'>\ud83e\udc46\ud83e\udc46 Aller \u00e0 PrivateInternetAccess maintenant! \ud83e\udc44\ud83e\udc44<\/span><\/a>\n<p><img loading=\"lazy\" class=\"alignnone size-full wp-image-1526\" src=\"https:\/\/cloudreviews.info\/wp-content\/uploads\/2018\/07\/linux.jpg\" alt=\"linux\" width=\"937\" height=\"475\" srcset=\"https:\/\/cloudreviews.info\/wp-content\/uploads\/2018\/07\/linux.jpg 937w, https:\/\/cloudreviews.info\/wp-content\/uploads\/2018\/07\/linux-300x152.jpg 300w, https:\/\/cloudreviews.info\/wp-content\/uploads\/2018\/07\/linux-768x389.jpg 768w\" sizes=\"(max-width: 937px) 100vw, 937px\" \/><\/p>\n<p>Va detto, tuttavia, che un piccolo disclaimer \u00e8 in ordine: ci sono molti provider tra le nostre recensioni VPN che funzioneranno bene con Linux, ma non sar\u00e0 in questo articolo. Questo perch\u00e9 qualsiasi VPN che utilizza il protocollo OpenVPN &#8211; che \u00e8 la maggior parte di loro &#8211; pu\u00f2 essere configurato per funzionare su Linux.<\/p>\n<p>Tuttavia, poich\u00e9 la configurazione di questo richiede una certa esperienza, ai fini di questo articolo rimaniamo con i provider VPN che vengono forniti con client Linux preconfezionati direttamente dalla porta. Tutti i seguenti servizi funzioneranno dopo aver premuto alcuni pulsanti di installazione, senza la necessit\u00e0 di conoscenze avanzate. Gli utenti Mac incontrano quasi gli stessi problemi, cos\u00ec abbiamo anche fatto un elenco simile dei migliori VPN per Mac.<\/p>\n<a class=\"maxbutton-19 maxbutton maxbutton-cta-pia-fr\" target=\"_blank\" rel=\"nofollow noopener\" href=\"\/pia\/go\/\"><span class='mb-text'>\ud83e\udc46\ud83e\udc46 Aller \u00e0 PrivateInternetAccess maintenant! \ud83e\udc44\ud83e\udc44<\/span><\/a>\n<h2>Cosa rende una VPN la migliore per Linux<\/h2>\n<p>La considerazione principale per ci\u00f2 che rende una VPN la migliore per Linux \u00e8 semplicemente se funziona o meno: i membri del Team Penguin sono di solito abbastanza bravi a capire come funziona un programma, quindi un&#8217;interfaccia grafica utente (una finestra in cui si utilizza effettivamente un programma utilizzando pulsanti e pulsanti di commutazione e simili) non \u00e8 un requisito di base.<\/p>\n<p>Tuttavia, abbiamo sottratto alcuni punti da alcuni fornitori, offrendo niente di pi\u00f9 che l&#8217;interfaccia a riga di comando: dopo tutto, non c&#8217;\u00e8 cosa come essere troppo facile da usare. Oltre a questo, abbiamo anche seguito i soliti criteri standard, come ad esempio se la VPN era sicura, se poteva eludere la censura su Internet e i geo-blocchi, tutte cose che fanno di una VPN una VPN.<\/p>\n<a class=\"maxbutton-19 maxbutton maxbutton-cta-pia-fr\" target=\"_blank\" rel=\"nofollow noopener\" href=\"\/pia\/go\/\"><span class='mb-text'>\ud83e\udc46\ud83e\udc46 Aller \u00e0 PrivateInternetAccess maintenant! \ud83e\udc44\ud83e\udc44<\/span><\/a>\n<h2>La migliore VPN per Linux: Private Internet Access<\/h2>\n<p>Anche se c&#8217;\u00e8 molto da amare su Private Internet Access, non importa come viene tagliato, \u00e8 il vincitore chiaro quando si guarda a tutti i client Linux che sono offerti tra i fornitori VPN. Come abbiamo detto nella nostra recensione Private Internet Access, il servizio \u00e8 molto facile da usare e come il vostro client Linux \u00e8 una porta diretta, Team Penguin raccogliere i frutti.<\/p>\n<p><a href=\"https:\/\/cloudreviews.info\/pia\/go\/\" rel=\"nofollow\"><img loading=\"lazy\" class=\"alignnone wp-image-579 size-full\" src=\"https:\/\/cloudreviews.info\/wp-content\/uploads\/2018\/06\/pia.jpg\" alt=\"Private Internet Access ( PIA )\" width=\"1802\" height=\"819\" srcset=\"https:\/\/cloudreviews.info\/wp-content\/uploads\/2018\/06\/pia.jpg 1802w, https:\/\/cloudreviews.info\/wp-content\/uploads\/2018\/06\/pia-300x136.jpg 300w, https:\/\/cloudreviews.info\/wp-content\/uploads\/2018\/06\/pia-768x349.jpg 768w, https:\/\/cloudreviews.info\/wp-content\/uploads\/2018\/06\/pia-1024x465.jpg 1024w\" sizes=\"(max-width: 1802px) 100vw, 1802px\" \/><\/a><\/p>\n<p>L&#8217;installazione di Private Internet Access richiede, nella peggiore delle ipotesi, alcuni minuti, cos\u00ec come la configurazione di eventuali funzioni di sicurezza aggiuntive o di altre preferenze. Il servizio ha fatto degli utenti Linux un vero e proprio favore, lasciando il loro client cos\u00ec com&#8217;\u00e8, e siamo pi\u00f9 che felici di dare loro il primo premio per i loro sforzi.<\/p>\n<h3>Altri motivi per cui ci piace Private Internet Access<\/h3>\n<p>Si pu\u00f2 gi\u00e0 sapere Private Internet Access dalle sue molte campagne contro lo spionaggio da parte degli ISP statunitensi e per la neutralit\u00e0 della rete. Questa mentalit\u00e0 live-or-die non \u00e8 solo una vetrina: Private Internet Access ha adottato misure efficaci per proteggere i dati durante la navigazione sul Web, tra cui la crittografia AES a 256 bit e l&#8217;hair-trigger che uccide.<\/p>\n<p>\u00c8 anche una delle migliori VPN per torrenting grazie al suo atteggiamento rilassato verso la condivisione dei file e dei suoi molti, molti server sparsi in tutto il mondo. C&#8217;\u00e8 molto poco contro Private Internet Access (specialmente se stai cercando la migliore VPN compatibile con Linux per il porno), quindi siamo sempre pi\u00f9 che felici di raccomandare ai nostri lettori di controllare la garanzia di rimborso di sette giorni.<\/p>\n<a class=\"maxbutton-19 maxbutton maxbutton-cta-pia-fr\" target=\"_blank\" rel=\"nofollow noopener\" href=\"\/pia\/go\/\"><span class='mb-text'>\ud83e\udc46\ud83e\udc46 Aller \u00e0 PrivateInternetAccess maintenant! \ud83e\udc44\ud83e\udc44<\/span><\/a>\n<p><strong>\n<table id=\"tablepress-339\" class=\"tablepress tablepress-id-339\">\n<thead>\n<tr class=\"row-1 odd\">\n\t<th class=\"column-1\">Pros<\/th><th class=\"column-2\">Cons<\/th>\n<\/tr>\n<\/thead>\n<tbody class=\"row-hover\">\n<tr class=\"row-2 even\">\n\t<td class=\"column-1\">Velocit\u00e0 solide<\/td><td class=\"column-2\">Il rimborso \u00e8 di soli 7 giorni<\/td>\n<\/tr>\n<tr class=\"row-3 odd\">\n\t<td class=\"column-1\">Pi\u00f9 di 3.193 server in tutto il mondo<\/td><td class=\"column-2\">Seleziona i server solo per regione<\/td>\n<\/tr>\n<tr class=\"row-4 even\">\n\t<td class=\"column-1\">Clienti per tutte le principali piattaforme<\/td><td class=\"column-2\"><\/td>\n<\/tr>\n<\/tbody>\n<\/table>\n<\/strong><\/p>\n<h2>TorGuard<\/h2>\n<p>TorGuard \u00e8 il nostro cavallo scuro preferito, come fa sempre molto bene ogni volta che lo valutiamo, ma c&#8217;\u00e8 sempre un ostacolo che gli impedisce di salire sui gradini superiori. Quando si tratta di supporto Linux questo \u00e8 il caso: anche se TorGuard \u00e8 uno dei pochi fornitori che offre anche un client Debian, \u00e8 un po&#8217; semplice e semplicemente non garantisce una posizione superiore al terzo posto.<\/p>\n<p>Detto questo, se non vi dispiace sporcarsi le mani (vieni, sei sul Team Penguin o no?), avrai un&#8217;ottima esperienza con TorGuard su Linux, soprattutto considerando che si tratta di un servizio che richiede di mettersi sotto il proverbiale cofano per ottenere il massimo da esso, non importa quale sistema operativo si sta utilizzando.<\/p>\n<p><a href=\"https:\/\/cloudreviews.info\/torguard\/go\/\" rel=\"nofollow\"><img loading=\"lazy\" class=\"aligncenter wp-image-2848 size-full\" src=\"https:\/\/cloudreviews.info\/wp-content\/uploads\/2018\/07\/torguard-privacy-protection.jpg\" alt=\"\" width=\"1854\" height=\"677\" srcset=\"https:\/\/cloudreviews.info\/wp-content\/uploads\/2018\/07\/torguard-privacy-protection.jpg 1854w, https:\/\/cloudreviews.info\/wp-content\/uploads\/2018\/07\/torguard-privacy-protection-300x110.jpg 300w, https:\/\/cloudreviews.info\/wp-content\/uploads\/2018\/07\/torguard-privacy-protection-768x280.jpg 768w, https:\/\/cloudreviews.info\/wp-content\/uploads\/2018\/07\/torguard-privacy-protection-1024x374.jpg 1024w\" sizes=\"(max-width: 1854px) 100vw, 1854px\" \/><\/a><\/p>\n<h3>Altri motivi per cui ci piace TorGuard<\/h3>\n<p>Come potete leggere nella nostra recensione di TorGuard, il nome del gioco per il servizio sembra essere personalizzazione. Ci sono pochissime opzioni di configurazione in TorGuard che non possono essere modificate, il che lo rende un must per qualsiasi appassionato di computer fai da te, che come gli utenti Linux sono per definizione. Se ti piace giocare con le impostazioni, probabilmente dovresti controllare la garanzia di rimborso di 7 giorni di TorGuard.<\/p>\n<p>Tuttavia, questo \u00e8 anche lo svantaggio di utilizzare il servizio, in quanto molte cose che darete per scontate utilizzando altre VPN dovranno essere risolte manualmente, come ad esempio aggirare il divieto di Netflix VPN acquistando nuove posizioni server. Se questo non \u00e8 un grosso problema per voi, allora potrete godere utilizzando uno dei servizi VPN pi\u00f9 veloci sul mercato ed \u00e8 anche piuttosto a buon mercato.<\/p>\n<a class=\"maxbutton-36 maxbutton maxbutton-cta-torguard-it\" target=\"_blank\" rel=\"nofollow noopener\" href=\"\/torguard\/go\/\"><span class='mb-text'>\ud83e\udc46\ud83e\udc46 Vai a Torguard! \ud83e\udc44\ud83e\udc44<\/span><\/a>\n<p><strong>\n<table id=\"tablepress-340\" class=\"tablepress tablepress-id-340\">\n<thead>\n<tr class=\"row-1 odd\">\n\t<th class=\"column-1\">Pros<\/th><th class=\"column-2\">Cons<\/th>\n<\/tr>\n<\/thead>\n<tbody class=\"row-hover\">\n<tr class=\"row-2 even\">\n\t<td class=\"column-1\">Facile da usare<\/td><td class=\"column-2\">Le velocit\u00e0 di funzionamento variano<\/td>\n<\/tr>\n<tr class=\"row-3 odd\">\n\t<td class=\"column-1\">Ottimizzato per i torrenti<\/td><td class=\"column-2\">Insetto IPv6 per la prevenzione delle perdite<\/td>\n<\/tr>\n<tr class=\"row-4 even\">\n\t<td class=\"column-1\">1600 server in 50 paesi<\/td><td class=\"column-2\"><\/td>\n<\/tr>\n<\/tbody>\n<\/table>\n<\/strong><\/p>\n<h2>ExpressVPN<\/h2>\n<p>All&#8217;inizio abbiamo esitato a includere ExpressVPN in questo riepilogo perch\u00e9 non ha nemmeno un client Linux, ma semplicemente offre un&#8217;interfaccia a riga di comando, un insieme di comandi che \u00e8 possibile inserire nel terminale per ottenere quasi gli stessi risultati di un client abilitato per l&#8217;interfaccia grafica. Pu\u00f2 essere un dolore enorme e gli utenti inesperti dovrebbero probabilmente stare lontano.<\/p>\n<p>Tuttavia, i comandi in questione sono pochi e semplici e la configurazione di ExpressVPN sotto Linux \u00e8 un gioco da ragazzi, il che significa che questo \u00e8 il nostro preferito basta inserire la posizione numero cinque, pur non avendo una interfaccia grafica e ti fa sentire come se fossi tornato negli anni &#8217;80.<\/p>\n<p><img loading=\"lazy\" class=\"alignnone size-full wp-image-586\" src=\"https:\/\/cloudreviews.info\/wp-content\/uploads\/2018\/06\/expressvpn.jpg\" alt=\"expressvpn\" width=\"1520\" height=\"800\" srcset=\"https:\/\/cloudreviews.info\/wp-content\/uploads\/2018\/06\/expressvpn.jpg 1520w, https:\/\/cloudreviews.info\/wp-content\/uploads\/2018\/06\/expressvpn-300x158.jpg 300w, https:\/\/cloudreviews.info\/wp-content\/uploads\/2018\/06\/expressvpn-768x404.jpg 768w, https:\/\/cloudreviews.info\/wp-content\/uploads\/2018\/06\/expressvpn-1024x539.jpg 1024w, https:\/\/cloudreviews.info\/wp-content\/uploads\/2018\/06\/expressvpn-390x205.jpg 390w\" sizes=\"(max-width: 1520px) 100vw, 1520px\" \/><\/p>\n<h3>Altri motivi per cui ci piace ExpressVPN<\/h3>\n<p>Se siete disposti a prendere il fastidio di inserire alcuni comandi, allora probabilmente avrete la VPN pi\u00f9 potente disponibile. Come si pu\u00f2 leggere nella nostra recensione ExpressVPN, il servizio offre velocit\u00e0 sciocche e grande facilit\u00e0 d&#8217;uso, anche se consentire configurazioni avanzate tramite il CLI Linux pu\u00f2 essere un po &#8216;complicato.<\/p>\n<p>Scegliere ExpressVPN significa un dilemma tra usabilit\u00e0 e convenienza che solo tu puoi chiamare; fortunatamente ExpressVPN offre una garanzia di rimborso di 30 giorni per aiutarti a prendere una decisione. \u00c8 anche la migliore VPN per Netflix, il che significa che lo streaming di addicts usando Linux potrebbe dover supportare alcuni comandi scritti.<\/p>\n<p><strong>\n<table id=\"tablepress-341\" class=\"tablepress tablepress-id-341\">\n<thead>\n<tr class=\"row-1 odd\">\n\t<th class=\"column-1\">Pros<\/th><th class=\"column-2\">Cons<\/th>\n<\/tr>\n<\/thead>\n<tbody class=\"row-hover\">\n<tr class=\"row-2 even\">\n\t<td class=\"column-1\">Molto veloce <\/td><td class=\"column-2\">No GUI<\/td>\n<\/tr>\n<tr class=\"row-3 odd\">\n\t<td class=\"column-1\">Altamente sicuro<\/td><td class=\"column-2\">Solo 3 connessioni<\/td>\n<\/tr>\n<tr class=\"row-4 even\">\n\t<td class=\"column-1\">Server in 94 paesi<\/td><td class=\"column-2\">Prezzi<\/td>\n<\/tr>\n<\/tbody>\n<\/table>\n<\/strong><\/p>\n<h2>Menzioni Onorarie<\/h2>\n<p>Qui ci sono alcuni altri fornitori che offrono una certa esperienza con Linux, anche se alcune impostazioni avanzate sono di solito necessarie. Tutti i provider elencati di seguito sono eccellenti di per s\u00e9, solo che non hanno quella funzionalit\u00e0 plug-n-play che pensavamo fosse stata creata per una buona VPN Linux.<\/p>\n<h3>VyprVPN<\/h3>\n<p>Un altro provider che tralascia una GUI per una CLI, VyprVPN, semplicemente non ha le stesse caratteristiche di ExpressVPN, il che significa che il supporto di comandi scritti \u00e8 pi\u00f9 di un sacrificio. Tuttavia, come potete leggere nella nostra recensione di VyprVPN, questo sacrificio pu\u00f2 valere per alcune persone che hanno bisogno della sicurezza del servizio.<\/p>\n<h3>NordVPN<\/h3>\n<p>NordVPN \u00e8 uno dei molti venditori che sarebbero in questa lista, se non fosse per il fatto che gli utenti Linux possono connettersi ai loro server solo collegando una connessione OpenVPN. Anche se questo non \u00e8 un grosso problema per la maggior parte dei veterani di Linux, non si adattava con l&#8217;approccio amichevole per i principianti di questo articolo, il che significa che abbiamo dovuto relegare questo eccellente servizio a menzioni d&#8217;onore.<\/p>\n<p>Non che NordVPN sia solo in questo, potete leggere di altri due come lui nella nostra recensione CyberGhost e nella nostra recensione IPVanish. Tutti e tre i provider hanno una cosa in comune: sono tutti dotati di script ottimizzati e pronti all&#8217;uso che consentono di stabilire una connessione VPN in un batter d&#8217;occhio.<\/p>\n<p>Se non ti dispiace navigare attraverso alcuni tutorial, allora impostare OpenVPN attraverso uno di essi \u00e8 molto semplice. Inserisci una manciata di comandi, scarica alcuni file e navigherai sul web in pochi minuti, con il vantaggio di sentirti un tecnologo.<\/p>\n<h2>Conclusione<\/h2>\n<p>Gli utenti Linux troveranno spesso difficile fare in modo che il software non progettato per il sistema operativo funzioni perfettamente, tuttavia, tutti i fornitori di cui sopra vi offriranno un client personalizzato o vi offriranno gli strumenti per costruire pi\u00f9 o meno il proprio.<\/p>\n<p>Anche se questo non \u00e8 sempre quello che stai cercando, in un certo senso \u00e8 la decisione che hai preso il giorno in cui hai deciso di unirti al Team Penguin. Anche se tutti noi abbiamo avuto quei mal di testa sgradevoli dopo diverse ore di cose non funzionanti, abbiamo sempre capito alla fine.<\/p>\n<p>Cosa ne pensi delle nostre migliori opzioni VPN per Linux? Fatecelo sapere nei commenti qui sotto, grazie per la lettura. Ulteriori informazioni sono disponibili qui: <a href=\"https:\/\/cloudreviews.info\/it\/\">https:\/\/cloudreviews.info\/it\/<\/a>.<\/p>\n","protected":false},"excerpt":{"rendered":"<p>Non \u00e8 un segreto che gli utenti Linux paghino un prezzo per l&#8217;utilizzo del loro sistema operativo preferito: mentre vi liberate dal fastidioso bloatware e dallo spazio per personalizzare il vostro computer come preferite, molti software non funzionano bene senza un po&#8217; di sudore cerebrale da parte vostra. Le reti private virtuali non sono molto &#8230; <a title=\"I migliori servizio VPN per Linux\" class=\"read-more\" href=\"https:\/\/cloudreviews.info\/it\/i-migliori-servizio-vpn-per-linux\/\" aria-label=\"Leggi di pi\u00f9 su I migliori servizio VPN per Linux\">Leggi tutto<\/a><\/p>\n","protected":false},"author":4,"featured_media":0,"parent":0,"menu_order":0,"comment_status":"closed","ping_status":"closed","template":"","meta":[],"yoast_head":"<!-- This site is optimized with the Yoast SEO plugin v18.3 - https:\/\/yoast.com\/wordpress\/plugins\/seo\/ -->\n<title>I migliori servizio VPN per Linux<\/title>\n<meta name=\"description\" content=\"Qual \u00e8 la migliore VPN per Linux? Guarda la risposta qui. \u2705 Diversi servizi \u2705 Scegliete il servizio migliore - Leggete qui \u279c\" \/>\n<meta name=\"robots\" content=\"index, follow, max-snippet:-1, max-image-preview:large, max-video-preview:-1\" \/>\n<link rel=\"canonical\" href=\"https:\/\/cloudreviews.info\/it\/i-migliori-servizio-vpn-per-linux\/\" \/>\n<meta property=\"og:locale\" content=\"it_IT\" \/>\n<meta property=\"og:type\" content=\"article\" \/>\n<meta property=\"og:title\" content=\"I migliori servizio VPN per Linux\" \/>\n<meta property=\"og:description\" content=\"Qual \u00e8 la migliore VPN per Linux? Guarda la risposta qui. \u2705 Diversi servizi \u2705 Scegliete il servizio migliore - Leggete qui \u279c\" \/>\n<meta property=\"og:url\" content=\"https:\/\/cloudreviews.info\/it\/i-migliori-servizio-vpn-per-linux\/\" \/>\n<meta property=\"og:site_name\" content=\"Confronta la migliore soluzione di memorizzazione cloud | Migliore VPN | Hosting Web &amp; Altro\" \/>\n<meta property=\"article:modified_time\" content=\"2020-09-05T13:00:04+00:00\" \/>\n<meta property=\"og:image\" content=\"https:\/\/cloudreviews.info\/wp-content\/uploads\/2018\/07\/linux.jpg\" \/>\n<meta name=\"twitter:card\" content=\"summary\" \/>\n<meta name=\"twitter:label1\" content=\"Tempo di lettura stimato\" \/>\n\t<meta name=\"twitter:data1\" content=\"7 minuti\" \/>\n<script type=\"application\/ld+json\" class=\"yoast-schema-graph\">{\"@context\":\"https:\/\/schema.org\",\"@graph\":[{\"@type\":\"WebSite\",\"@id\":\"https:\/\/cloudreviews.info\/#website\",\"url\":\"https:\/\/cloudreviews.info\/\",\"name\":\"Confronta la migliore soluzione di memorizzazione cloud | Migliore VPN | Hosting Web &amp; Altro\",\"description\":\"\",\"potentialAction\":[{\"@type\":\"SearchAction\",\"target\":{\"@type\":\"EntryPoint\",\"urlTemplate\":\"https:\/\/cloudreviews.info\/?s={search_term_string}\"},\"query-input\":\"required name=search_term_string\"}],\"inLanguage\":\"it-IT\"},{\"@type\":\"ImageObject\",\"@id\":\"https:\/\/cloudreviews.info\/it\/i-migliori-servizio-vpn-per-linux\/#primaryimage\",\"inLanguage\":\"it-IT\",\"url\":\"https:\/\/cloudreviews.info\/wp-content\/uploads\/2018\/07\/linux.jpg\",\"contentUrl\":\"https:\/\/cloudreviews.info\/wp-content\/uploads\/2018\/07\/linux.jpg\",\"width\":937,\"height\":475,\"caption\":\"linux\"},{\"@type\":\"WebPage\",\"@id\":\"https:\/\/cloudreviews.info\/it\/i-migliori-servizio-vpn-per-linux\/#webpage\",\"url\":\"https:\/\/cloudreviews.info\/it\/i-migliori-servizio-vpn-per-linux\/\",\"name\":\"I migliori servizio VPN per Linux\",\"isPartOf\":{\"@id\":\"https:\/\/cloudreviews.info\/#website\"},\"primaryImageOfPage\":{\"@id\":\"https:\/\/cloudreviews.info\/it\/i-migliori-servizio-vpn-per-linux\/#primaryimage\"},\"datePublished\":\"2020-07-04T18:53:54+00:00\",\"dateModified\":\"2020-09-05T13:00:04+00:00\",\"description\":\"Qual \u00e8 la migliore VPN per Linux? Guarda la risposta qui. \u2705 Diversi servizi \u2705 Scegliete il servizio migliore - Leggete qui \u279c\",\"breadcrumb\":{\"@id\":\"https:\/\/cloudreviews.info\/it\/i-migliori-servizio-vpn-per-linux\/#breadcrumb\"},\"inLanguage\":\"it-IT\",\"potentialAction\":[{\"@type\":\"ReadAction\",\"target\":[\"https:\/\/cloudreviews.info\/it\/i-migliori-servizio-vpn-per-linux\/\"]}]},{\"@type\":\"BreadcrumbList\",\"@id\":\"https:\/\/cloudreviews.info\/it\/i-migliori-servizio-vpn-per-linux\/#breadcrumb\",\"itemListElement\":[{\"@type\":\"ListItem\",\"position\":1,\"name\":\"Startseite\",\"item\":\"https:\/\/cloudreviews.info\/it\/\"},{\"@type\":\"ListItem\",\"position\":2,\"name\":\"I migliori servizio VPN per Linux\"}]}]}<\/script>\n<!-- \/ Yoast SEO plugin. -->","yoast_head_json":{"title":"I migliori servizio VPN per Linux","description":"Qual \u00e8 la migliore VPN per Linux? Guarda la risposta qui. \u2705 Diversi servizi \u2705 Scegliete il servizio migliore - Leggete qui \u279c","robots":{"index":"index","follow":"follow","max-snippet":"max-snippet:-1","max-image-preview":"max-image-preview:large","max-video-preview":"max-video-preview:-1"},"canonical":"https:\/\/cloudreviews.info\/it\/i-migliori-servizio-vpn-per-linux\/","og_locale":"it_IT","og_type":"article","og_title":"I migliori servizio VPN per Linux","og_description":"Qual \u00e8 la migliore VPN per Linux? Guarda la risposta qui. \u2705 Diversi servizi \u2705 Scegliete il servizio migliore - Leggete qui \u279c","og_url":"https:\/\/cloudreviews.info\/it\/i-migliori-servizio-vpn-per-linux\/","og_site_name":"Confronta la migliore soluzione di memorizzazione cloud | Migliore VPN | Hosting Web &amp; Altro","article_modified_time":"2020-09-05T13:00:04+00:00","og_image":[{"url":"https:\/\/cloudreviews.info\/wp-content\/uploads\/2018\/07\/linux.jpg"}],"twitter_card":"summary","twitter_misc":{"Tempo di lettura stimato":"7 minuti"},"schema":{"@context":"https:\/\/schema.org","@graph":[{"@type":"WebSite","@id":"https:\/\/cloudreviews.info\/#website","url":"https:\/\/cloudreviews.info\/","name":"Confronta la migliore soluzione di memorizzazione cloud | Migliore VPN | Hosting Web &amp; Altro","description":"","potentialAction":[{"@type":"SearchAction","target":{"@type":"EntryPoint","urlTemplate":"https:\/\/cloudreviews.info\/?s={search_term_string}"},"query-input":"required name=search_term_string"}],"inLanguage":"it-IT"},{"@type":"ImageObject","@id":"https:\/\/cloudreviews.info\/it\/i-migliori-servizio-vpn-per-linux\/#primaryimage","inLanguage":"it-IT","url":"https:\/\/cloudreviews.info\/wp-content\/uploads\/2018\/07\/linux.jpg","contentUrl":"https:\/\/cloudreviews.info\/wp-content\/uploads\/2018\/07\/linux.jpg","width":937,"height":475,"caption":"linux"},{"@type":"WebPage","@id":"https:\/\/cloudreviews.info\/it\/i-migliori-servizio-vpn-per-linux\/#webpage","url":"https:\/\/cloudreviews.info\/it\/i-migliori-servizio-vpn-per-linux\/","name":"I migliori servizio VPN per Linux","isPartOf":{"@id":"https:\/\/cloudreviews.info\/#website"},"primaryImageOfPage":{"@id":"https:\/\/cloudreviews.info\/it\/i-migliori-servizio-vpn-per-linux\/#primaryimage"},"datePublished":"2020-07-04T18:53:54+00:00","dateModified":"2020-09-05T13:00:04+00:00","description":"Qual \u00e8 la migliore VPN per Linux? Guarda la risposta qui. \u2705 Diversi servizi \u2705 Scegliete il servizio migliore - Leggete qui \u279c","breadcrumb":{"@id":"https:\/\/cloudreviews.info\/it\/i-migliori-servizio-vpn-per-linux\/#breadcrumb"},"inLanguage":"it-IT","potentialAction":[{"@type":"ReadAction","target":["https:\/\/cloudreviews.info\/it\/i-migliori-servizio-vpn-per-linux\/"]}]},{"@type":"BreadcrumbList","@id":"https:\/\/cloudreviews.info\/it\/i-migliori-servizio-vpn-per-linux\/#breadcrumb","itemListElement":[{"@type":"ListItem","position":1,"name":"Startseite","item":"https:\/\/cloudreviews.info\/it\/"},{"@type":"ListItem","position":2,"name":"I migliori servizio VPN per Linux"}]}]}},"_links":{"self":[{"href":"https:\/\/cloudreviews.info\/it\/wp-json\/wp\/v2\/pages\/1528\/"}],"collection":[{"href":"https:\/\/cloudreviews.info\/it\/wp-json\/wp\/v2\/pages\/"}],"about":[{"href":"https:\/\/cloudreviews.info\/it\/wp-json\/wp\/v2\/types\/page\/"}],"author":[{"embeddable":true,"href":"https:\/\/cloudreviews.info\/it\/wp-json\/wp\/v2\/users\/4\/"}],"replies":[{"embeddable":true,"href":"https:\/\/cloudreviews.info\/it\/wp-json\/wp\/v2\/comments\/?post=1528"}],"version-history":[{"count":5,"href":"https:\/\/cloudreviews.info\/it\/wp-json\/wp\/v2\/pages\/1528\/revisions\/"}],"predecessor-version":[{"id":5232,"href":"https:\/\/cloudreviews.info\/it\/wp-json\/wp\/v2\/pages\/1528\/revisions\/5232\/"}],"wp:attachment":[{"href":"https:\/\/cloudreviews.info\/it\/wp-json\/wp\/v2\/media\/?parent=1528"}],"curies":[{"name":"wp","href":"https:\/\/api.w.org\/{rel}","templated":true}]}}