{"id":1711,"date":"2020-07-04T20:45:16","date_gmt":"2020-07-04T19:45:16","guid":{"rendered":"https:\/\/cloudreviews.info\/?page_id=1711"},"modified":"2020-09-05T16:42:07","modified_gmt":"2020-09-05T15:42:07","slug":"il-miglior-backup-online-per-la-musica","status":"publish","type":"page","link":"https:\/\/cloudreviews.info\/it\/il-miglior-backup-online-per-la-musica\/","title":{"rendered":"Il miglior backup online per la musica"},"content":{"rendered":"<p>Proteggere una libreria musicale accuratamente costruita nel corso degli anni \u00e8 una delle cose pi\u00f9 importanti per ogni amante della musica. Mentre molti piani offrono una protezione online per gli audiofili, SugarSync e CrashPlan sono venuti alla luce grazie alle loro funzioni facili da usare. Anche gli altri tre contendenti hanno un servizio unico e musicale, quindi non dimenticate di visitarli.<\/p>\n<a class=\"maxbutton-1 maxbutton maxbutton-cta-pcloud\" target=\"_blank\" rel=\"nofollow noopener\" href=\"\/pcloud\/go\/\"><span class='mb-text'>?? Vai a pCloud! ??<\/span><\/a>\n<p><img loading=\"lazy\" class=\"alignnone size-full wp-image-1709\" src=\"https:\/\/cloudreviews.info\/wp-content\/uploads\/2018\/07\/music.jpg\" alt=\"back up service for music\" width=\"1280\" height=\"850\" srcset=\"https:\/\/cloudreviews.info\/wp-content\/uploads\/2018\/07\/music.jpg 1280w, https:\/\/cloudreviews.info\/wp-content\/uploads\/2018\/07\/music-300x199.jpg 300w, https:\/\/cloudreviews.info\/wp-content\/uploads\/2018\/07\/music-768x510.jpg 768w, https:\/\/cloudreviews.info\/wp-content\/uploads\/2018\/07\/music-1024x680.jpg 1024w\" sizes=\"(max-width: 1280px) 100vw, 1280px\" \/><\/p>\n<p>Nessuno porta pi\u00f9 registratori o lettori CD, la musica digitale \u00e8 di moda oggi, perch\u00e9 funziona perfettamente con smartphone, computer e tablet. Naturalmente, i computer possono essere fussy, e perdere le librerie musicali a causa di un crash del disco rigido o di altri incidenti sfortunati \u00e8 niente di nuovo. Ecco perch\u00e9 abbiamo eseguito il backup della nostra libreria musicale, preferibilmente basata su cloud, perch\u00e9:<\/p>\n<ul>\n<li>Unit\u00e0 disco esterne<\/li>\n<li>Unit\u00e0 flash USB<\/li>\n<li>CD<\/li>\n<li>Schede MicroSD<\/li>\n<\/ul>\n<p>Tutti possono essere danneggiati, che \u00e8 dove il backup online viene in soccorso, in quanto pu\u00f2 salvare i file essenziali di ogni amante della musica. Naturalmente, trovare il giusto servizio di backup online che abbia spazio sufficiente e poche restrizioni pu\u00f2 essere difficile. Ecco perch\u00e9 abbiamo compilato un elenco dei migliori servizi di backup online per la musica.<\/p>\n<p>Mentre ogni canzone occupa spesso una piccola quantit\u00e0 di spazio, un&#8217;intera collezione pu\u00f2 essere enorme, che richiede gigabyte da memorizzare. Le grandi collezioni musicali possono riempire rapidamente i dispositivi mobili, richiedendo l&#8217;aggiunta di una scheda SD (buona fortuna se si possiede un iPhone) o il sacrificio di alcuni titoli nel cestino.<\/p>\n<p>Il backup online allevia l&#8217;onere di impedire che i file musicali occupino i dispositivi. Pu\u00f2 anche aiutare a proteggere i titoli musicali e gli album da virus, guasti hardware, mattoni o qualsiasi incidente imprevisto. In alcuni casi, gli utenti desiderano accedere ai file desiderati ovunque si trovino; il backup online \u00e8 perfetto per questo tipo di esigenza. I servizi di streaming come Spotify si occupano di tutto ci\u00f2 che riguarda la musica in movimento.<\/p>\n<p>Tuttavia, non sono la stessa cosa di avere accesso ai file che avete personalmente raccolto e catalogato con cura. Anche se non tutti i fornitori di servizi di backup online consentono lo streaming di contenuti in tempo reale, quelli che attirano pi\u00f9 spesso gli amanti della musica.<\/p>\n<a class=\"maxbutton-1 maxbutton maxbutton-cta-pcloud\" target=\"_blank\" rel=\"nofollow noopener\" href=\"\/pcloud\/go\/\"><span class='mb-text'>?? Vai a pCloud! ??<\/span><\/a>\n<h2>Streaming normale rispetto allo streaming di backup<\/h2>\n<p>Parlando di servizi di streaming media come Spotify, offrono agli utenti l&#8217;accesso a una vasta libreria musicale con canzoni preferite e album di quasi tutti i generi immaginabili. Il grande problema per gli amanti della musica \u00e8 che non potranno mai possedere i titoli in streaming da Spotify e il loro tipo. Anche se c&#8217;\u00e8 un servizio in cui \u00e8 possibile scegliere qualsiasi posizione di accesso, le canzoni non sono mai veramente tue.<\/p>\n<p>E i servizi di streaming audio di solito non tendono ad avere artisti oscuri, canzoni meno popolari o vecchie canzoni. Gli utenti che vogliono crescere le loro librerie personali non saranno soddisfatti di questo metodo. I servizi cloud online possono eseguire il backup dei file musicali su un disco rigido e un server cloud, in modo da non doversi preoccupare di perdere un brano, un album o una playlist. Saranno disponibili per il download su un computer o un dispositivo mobile, ma i servizi che offrono un facile backup richiedono che il file venga scaricato, rendendo difficile la riproduzione di una canzone o di un album in movimento.<\/p>\n<p>A seconda dell&#8217;ambiente, se nelle vicinanze non \u00e8 presente la connessione Wi-Fi, il telefono o il tablet potrebbero non essere in grado di scaricare il file.<\/p>\n<p>Una delle idee migliori che un vero amante della musica potrebbe avere \u00e8 quella di scegliere un servizio di backup che consente lo streaming multimediale. \u00c8 possibile ascoltare brani e podcast ovunque ci si trovi, senza dover scaricare nuovamente file audio su un computer o un dispositivo mobile. Ovunque ci sia accesso a Internet, i vostri dati ci saranno.<\/p>\n<p>Prima di scendere all&#8217;essenziale del nostro articolo, cerchiamo di essere chiari su che tipo di pezzo questo \u00e8, e quello che abbiamo in serbo per voi.<\/p>\n<p>Questo articolo non \u00e8 una recensione di ogni servizio, ma semplicemente un riassunto di essi, seguito da un frammento che spiega perch\u00e9 ci \u00e8 piaciuto, e un elenco di pro e contro. Sotto ogni sommario c&#8217;\u00e8 il pulsante &#8220;Leggi recensione&#8221;, che ti consigliamo vivamente di cliccare su per ottenere un&#8217;analisi completa dei cinque servizi, del loro funzionamento e di tutto il resto. Con questa spiegazione fuori strada, \u00e8 il momento di tuffarsi in.<\/p>\n<a class=\"maxbutton-1 maxbutton maxbutton-cta-pcloud\" target=\"_blank\" rel=\"nofollow noopener\" href=\"\/pcloud\/go\/\"><span class='mb-text'>?? Vai a pCloud! ??<\/span><\/a>\n<h2 id=\"pCloud\">pCloud<\/h2>\n<p>pCloud \u00e8 un servizio che funziona bene con tutti i sistemi operativi standard, e s\u00ec, include anche Linux. Gli amanti della musica possono memorizzare i propri file nel cloud e riprodurli in streaming senza problemi quando vogliono. Per quanto riguarda l&#8217;accessibilit\u00e0 economica, pCloud ha il maggior numero di concorrenti.<\/p>\n<p>Il tuo piano pi\u00f9 economico inizia a soli $ 5 al mese e offre 500 GB di spazio di backup per gli amanti della musica per caricare e accedere ai loro file nel cloud da qualsiasi luogo al prezzo di un latte di moka. Non ci sono limiti di tipo di file su ci\u00f2 che pCloud pu\u00f2 memorizzare e, a differenza della maggior parte degli altri fornitori, pCloud offre file archiviati inconsapevolmente. Cio\u00e8, nessuno, nemmeno i tecnici NSA o pCloud, possono accedere alle vostre informazioni.<\/p>\n<p><a href=\"https:\/\/cloudreviews.info\/pcloud\/go\/\" rel=\"nofollow\"><img loading=\"lazy\" class=\"alignnone wp-image-263 size-full\" src=\"https:\/\/cloudreviews.info\/wp-content\/uploads\/2018\/05\/features_of_pcloud.jpg\" alt=\"features of pcloud\" width=\"1652\" height=\"780\" srcset=\"https:\/\/cloudreviews.info\/wp-content\/uploads\/2018\/05\/features_of_pcloud.jpg 1652w, https:\/\/cloudreviews.info\/wp-content\/uploads\/2018\/05\/features_of_pcloud-300x142.jpg 300w, https:\/\/cloudreviews.info\/wp-content\/uploads\/2018\/05\/features_of_pcloud-768x363.jpg 768w, https:\/\/cloudreviews.info\/wp-content\/uploads\/2018\/05\/features_of_pcloud-1024x483.jpg 1024w\" sizes=\"(max-width: 1652px) 100vw, 1652px\" \/><\/a><\/p>\n<p>Le chiavi di crittografia e le password non sono memorizzate sui server pCloud, e nel caso in cui qualcuno scada e inserisca la sicurezza, trover\u00e0 solo i dati con codice esadecimale senza alcun modo di decifrarli. Come tutti i servizi di backup, ci sono alcuni problemi che gli utenti devono affrontare, iniziamo con l&#8217;errore di 60 giorni di prova gratuita. Gli utenti non possono accedere allo spazio di archiviazione a pagamento fino alla fine del periodo di prova di 60 giorni, costringendo i clienti a sedersi per i prossimi due mesi e a lavorare con 20 GB di spazio di prova gratuito, o a saltare il periodo di prova e pagare in anticipo.<\/p>\n<h3>Perch\u00e9 ci piace pCloud:<\/h3>\n<p>pCloud offre agli utenti un posto dove salvare tutti i file musicali preferiti, senza compromettere lo spazio. Le persone che desiderano utilizzare questo servizio esclusivamente per la loro musica dovrebbero prendere in considerazione l&#8217;utilizzo dell&#8217;account gratuito, che viene fornito con 20 GB di spazio di archiviazione, a meno che la loro libreria musicale \u00e8 pi\u00f9 grande di 20 GB.<\/p>\n<p>A differenza di altri fornitori, pCloud mette i vostri soldi dove la bocca \u00e8. Ad oggi, pi\u00f9 di 2.800 partecipanti hanno provato, e nessuno ha rivendicato il premio di 100.000 dollari. pCloud scarica anche i file precaricati in account, che agiscono come segnaposto.<\/p>\n<a class=\"maxbutton-1 maxbutton maxbutton-cta-pcloud\" target=\"_blank\" rel=\"nofollow noopener\" href=\"\/pcloud\/go\/\"><span class='mb-text'>?? Vai a pCloud! ??<\/span><\/a>\n<p><strong>\n<table id=\"tablepress-401\" class=\"tablepress tablepress-id-401\">\n<thead>\n<tr class=\"row-1 odd\">\n\t<th class=\"column-1\">Pros<\/th><th class=\"column-2\">Cons<\/th>\n<\/tr>\n<\/thead>\n<tbody class=\"row-hover\">\n<tr class=\"row-2 even\">\n\t<td class=\"column-1\"> Generoso piano libero<\/td><td class=\"column-2\">Versione dei file non chiara<\/td>\n<\/tr>\n<tr class=\"row-3 odd\">\n\t<td class=\"column-1\">Sicurezza a conoscenza zero<\/td><td class=\"column-2\">I piani standard non dispongono di crittografia locale<\/td>\n<\/tr>\n<tr class=\"row-4 even\">\n\t<td class=\"column-1\">  Riproduce i file tramite il cloud<\/td><td class=\"column-2\"> Mancanza di supporto chat dal vivo<\/td>\n<\/tr>\n<tr class=\"row-5 odd\">\n\t<td class=\"column-1\">Funzionalit\u00e0 di condivisione e collaborazione<\/td><td class=\"column-2\">Ha precaricato i file di esempio<\/td>\n<\/tr>\n<\/tbody>\n<\/table>\n<\/strong><\/p>\n<h2 id=\"SugarSync\">SugarSync<\/h2>\n<p>SugarSync ha una variet\u00e0 di opzioni di storage per gli amanti della musica, con piani che vanno da 100GB a 1 TB. Gli utenti possono memorizzare e accedere ai file da qualsiasi luogo, compresi i dispositivi mobili. SugarSync \u00e8 una buona scelta per gli amanti della musica. Il servizio offre backup illimitati, in modo che gli utenti con file MP3, MP4, OGG, Flac e WAV non devono convertirli in altri formati prima di caricarli.<\/p>\n<p><img loading=\"lazy\" class=\"alignnone size-full wp-image-323\" src=\"https:\/\/cloudreviews.info\/wp-content\/uploads\/2018\/05\/sugarsync_image.jpg\" alt=\"sugarsync\" width=\"1828\" height=\"833\" srcset=\"https:\/\/cloudreviews.info\/wp-content\/uploads\/2018\/05\/sugarsync_image.jpg 1828w, https:\/\/cloudreviews.info\/wp-content\/uploads\/2018\/05\/sugarsync_image-300x137.jpg 300w, https:\/\/cloudreviews.info\/wp-content\/uploads\/2018\/05\/sugarsync_image-768x350.jpg 768w, https:\/\/cloudreviews.info\/wp-content\/uploads\/2018\/05\/sugarsync_image-1024x467.jpg 1024w\" sizes=\"(max-width: 1828px) 100vw, 1828px\" \/><\/p>\n<p>Inoltre, SugarSync consente all&#8217;utente di accedere ai file da una vasta gamma di dispositivi compatibili con Internet. Come smartphone, tablet, laptop e, naturalmente, macchine da tavolo. SugarSync \u00e8 una delle poche aziende di backup che ancora supporta gli smartphone BlackBerry, per quelli di noi che selezionano i rari tra di noi che li hanno. Per l&#8217;accesso ai dati in tempo reale, il metodo pi\u00f9 semplice \u00e8 quello di utilizzare la funzione di condivisione, che si trova nel portale online.<\/p>\n<p>Anche le applicazioni mobili hanno la possibilit\u00e0 di condividere le informazioni disponibili, anche se all&#8217;inizio non \u00e8 ovvio. Basta selezionare ci\u00f2 che si desidera distribuire e apparir\u00e0 automaticamente il pulsante &#8220;Condividi&#8221;.<\/p>\n<h3>Perch\u00e9 ci piace SugarSync:<\/h3>\n<p>SugarSync semplifica la riproduzione di un&#8217;intera musica o libreria multimediale dal cloud. A differenza di altri fornitori (che limitano il numero di dispositivi che possono accedere ai file musicali), SugarSync consente un numero illimitato di connettersi e riprodurli direttamente dal cloud. In breve, l&#8217;aspetto positivo di SugarSync \u00e8 che permette agli utenti di condividere liberamente i file con gli altri.<\/p>\n<p><strong>\n<table id=\"tablepress-399\" class=\"tablepress tablepress-id-399\">\n<thead>\n<tr class=\"row-1 odd\">\n\t<th class=\"column-1\">Pros<\/th><th class=\"column-2\">Cons<\/th>\n<\/tr>\n<\/thead>\n<tbody class=\"row-hover\">\n<tr class=\"row-2 even\">\n\t<td class=\"column-1\"> Facile condivisione dei file<\/td><td class=\"column-2\">Mancanza di una chiave di crittografia privata<\/td>\n<\/tr>\n<tr class=\"row-3 odd\">\n\t<td class=\"column-1\">Forti caratteristiche di sincronizzazione<\/td><td class=\"column-2\">Difficile cancellare i conti<\/td>\n<\/tr>\n<tr class=\"row-4 even\">\n\t<td class=\"column-1\">Buone app mobili<\/td><td class=\"column-2\">Mancanza di collaborazione in tempo reale<\/td>\n<\/tr>\n<tr class=\"row-5 odd\">\n\t<td class=\"column-1\">Trasmissione di musica su pi\u00f9 dispositivi<\/td><td class=\"column-2\"> Limite di versione dei file in 5 copie<\/td>\n<\/tr>\n<\/tbody>\n<\/table>\n<\/strong><\/p>\n<h2 id=\"Livedrive\">Livedrive<\/h2>\n<p>Livedrive \u00e8 relativamente costoso e ha un&#8217;interfaccia utente orribile, che colpisce l&#8217;applicazione desktop e il sito web. Ma, viene fornito con un sacco di funzionalit\u00e0 di streaming e backup che sono musica amichevole. Per coloro che utilizzano dispositivi iOS, i file iTunes non sono necessari per la riproduzione. Gli utenti non devono nemmeno convertirli in formato MP4, solo per la trasmissione online.<\/p>\n<p>Livedrive fornisce un&#8217;interfaccia software sicura per il backup dei file importanti, ma a differenza di molti altri servizi presenti nel nostro elenco, l&#8217;interfaccia non \u00e8 esattamente intuitiva. Per gli amanti della musica, Livedrive offre la possibilit\u00e0 non solo di salvare e accedere ai file al volo, ma anche di trasmetterli direttamente, senza doverli scaricare prima.<\/p>\n<p>Purtroppo, Livedrive non offre una conservazione illimitata; in caso di eliminazione accidentale di un file sul PC, \u00e8 previsto un limite di tempo di 30 giorni prima dell&#8217;eliminazione del relativo duplicato dai server dell&#8217;azienda. Gli utenti possono aggiungere dispositivi mobili al loro piano senza costi aggiuntivi semplicemente scaricando il software ed effettuando l&#8217;accesso per iniziare il caricamento.<\/p>\n<h3>Perch\u00e9 Livedrive ci piace:<\/h3>\n<p>Con Livedrive, non c&#8217;\u00e8 bisogno di convertire gli MP3 in MP4 solo per riprodurli in streaming su un dispositivo Apple. Tuttavia, l&#8217;azienda ha protocolli FTP e WebDAV a bordo per gli utenti che hanno bisogno di ulteriore supporto durante il caricamento dei file. In breve, le caratteristiche di Livedrive prendono vita nei piani Cartella e Suite Pro; il piano di base succhia, per essere onesti.<\/p>\n<p><strong>\n<table id=\"tablepress-400\" class=\"tablepress tablepress-id-400\">\n<thead>\n<tr class=\"row-1 odd\">\n\t<th class=\"column-1\">Pros<\/th><th class=\"column-2\">Cons<\/th>\n<\/tr>\n<\/thead>\n<tbody class=\"row-hover\">\n<tr class=\"row-2 even\">\n\t<td class=\"column-1\">Accesso FTP\/WebDAV<\/td><td class=\"column-2\">Interfaccia orribilmente fratturata<\/td>\n<\/tr>\n<tr class=\"row-3 odd\">\n\t<td class=\"column-1\">Funzionalit\u00e0 di streaming cloud<\/td><td class=\"column-2\">Prezzi nascosti<\/td>\n<\/tr>\n<tr class=\"row-4 even\">\n\t<td class=\"column-1\">Crittografia sicura<\/td><td class=\"column-2\">App mobili obsolete<\/td>\n<\/tr>\n<tr class=\"row-5 odd\">\n\t<td class=\"column-1\"> Spazio di backup illimitato<\/td><td class=\"column-2\">Piani costosi<\/td>\n<\/tr>\n<\/tbody>\n<\/table>\n<\/strong><\/p>\n<h2>In conclusione<\/h2>\n<p>Coltivare una biblioteca musicale completa pu\u00f2 richiedere anni, per un vero amante della musica la coltivazione non si ferma mai, ci sono sempre pi\u00f9 canzoni da amare, pi\u00f9 melodie per calmare l&#8217;anima selvaggia. Quando un archivio di grandi suoni viene registrato su supporti fisici, sicuramente vive di tempo preso in prestito. Si consiglia di utilizzare sia CrashPlan che SugarSync per le loro funzioni intuitive e la facilit\u00e0 d&#8217;uso. Ulteriori informazioni sono disponibili qui: <a href=\"https:\/\/cloudreviews.info\/it\/\">https:\/\/cloudreviews.info\/it\/<\/a>.<\/p>\n","protected":false},"excerpt":{"rendered":"<p>Proteggere una libreria musicale accuratamente costruita nel corso degli anni \u00e8 una delle cose pi\u00f9 importanti per ogni amante della musica. Mentre molti piani offrono una protezione online per gli audiofili, SugarSync e CrashPlan sono venuti alla luce grazie alle loro funzioni facili da usare. Anche gli altri tre contendenti hanno un servizio unico e &#8230; <a title=\"Il miglior backup online per la musica\" class=\"read-more\" href=\"https:\/\/cloudreviews.info\/it\/il-miglior-backup-online-per-la-musica\/\" aria-label=\"Leggi di pi\u00f9 su Il miglior backup online per la musica\">Leggi tutto<\/a><\/p>\n","protected":false},"author":4,"featured_media":0,"parent":0,"menu_order":0,"comment_status":"closed","ping_status":"closed","template":"","meta":[],"yoast_head":"<!-- This site is optimized with the Yoast SEO plugin v18.3 - https:\/\/yoast.com\/wordpress\/plugins\/seo\/ -->\n<title>Il miglior backup online per la musica<\/title>\n<meta name=\"description\" content=\"Qual \u00e8 il miglior backup online per la musica? Guarda la risposta qui. \u2705 Diversi servizi \u2705 Scegliete il servizio migliore - Leggete qui \u279c\" \/>\n<meta name=\"robots\" content=\"index, follow, max-snippet:-1, max-image-preview:large, max-video-preview:-1\" \/>\n<link rel=\"canonical\" href=\"https:\/\/cloudreviews.info\/it\/il-miglior-backup-online-per-la-musica\/\" \/>\n<meta property=\"og:locale\" content=\"it_IT\" \/>\n<meta property=\"og:type\" content=\"article\" \/>\n<meta property=\"og:title\" content=\"Il miglior backup online per la musica\" \/>\n<meta property=\"og:description\" content=\"Qual \u00e8 il miglior backup online per la musica? Guarda la risposta qui. \u2705 Diversi servizi \u2705 Scegliete il servizio migliore - Leggete qui \u279c\" \/>\n<meta property=\"og:url\" content=\"https:\/\/cloudreviews.info\/it\/il-miglior-backup-online-per-la-musica\/\" \/>\n<meta property=\"og:site_name\" content=\"Confronta la migliore soluzione di memorizzazione cloud | Migliore VPN | Hosting Web &amp; Altro\" \/>\n<meta property=\"article:modified_time\" content=\"2020-09-05T15:42:07+00:00\" \/>\n<meta property=\"og:image\" content=\"https:\/\/cloudreviews.info\/wp-content\/uploads\/2018\/07\/music.jpg\" \/>\n<meta name=\"twitter:card\" content=\"summary\" \/>\n<meta name=\"twitter:label1\" content=\"Tempo di lettura stimato\" \/>\n\t<meta name=\"twitter:data1\" content=\"8 minuti\" \/>\n<script type=\"application\/ld+json\" class=\"yoast-schema-graph\">{\"@context\":\"https:\/\/schema.org\",\"@graph\":[{\"@type\":\"WebSite\",\"@id\":\"https:\/\/cloudreviews.info\/#website\",\"url\":\"https:\/\/cloudreviews.info\/\",\"name\":\"Confronta la migliore soluzione di memorizzazione cloud | Migliore VPN | Hosting Web &amp; Altro\",\"description\":\"\",\"potentialAction\":[{\"@type\":\"SearchAction\",\"target\":{\"@type\":\"EntryPoint\",\"urlTemplate\":\"https:\/\/cloudreviews.info\/?s={search_term_string}\"},\"query-input\":\"required name=search_term_string\"}],\"inLanguage\":\"it-IT\"},{\"@type\":\"ImageObject\",\"@id\":\"https:\/\/cloudreviews.info\/it\/il-miglior-backup-online-per-la-musica\/#primaryimage\",\"inLanguage\":\"it-IT\",\"url\":\"https:\/\/cloudreviews.info\/wp-content\/uploads\/2018\/07\/music.jpg\",\"contentUrl\":\"https:\/\/cloudreviews.info\/wp-content\/uploads\/2018\/07\/music.jpg\",\"width\":1280,\"height\":850,\"caption\":\"back up service for music\"},{\"@type\":\"WebPage\",\"@id\":\"https:\/\/cloudreviews.info\/it\/il-miglior-backup-online-per-la-musica\/#webpage\",\"url\":\"https:\/\/cloudreviews.info\/it\/il-miglior-backup-online-per-la-musica\/\",\"name\":\"Il miglior backup online per la musica\",\"isPartOf\":{\"@id\":\"https:\/\/cloudreviews.info\/#website\"},\"primaryImageOfPage\":{\"@id\":\"https:\/\/cloudreviews.info\/it\/il-miglior-backup-online-per-la-musica\/#primaryimage\"},\"datePublished\":\"2020-07-04T19:45:16+00:00\",\"dateModified\":\"2020-09-05T15:42:07+00:00\",\"description\":\"Qual \u00e8 il miglior backup online per la musica? Guarda la risposta qui. \u2705 Diversi servizi \u2705 Scegliete il servizio migliore - Leggete qui \u279c\",\"breadcrumb\":{\"@id\":\"https:\/\/cloudreviews.info\/it\/il-miglior-backup-online-per-la-musica\/#breadcrumb\"},\"inLanguage\":\"it-IT\",\"potentialAction\":[{\"@type\":\"ReadAction\",\"target\":[\"https:\/\/cloudreviews.info\/it\/il-miglior-backup-online-per-la-musica\/\"]}]},{\"@type\":\"BreadcrumbList\",\"@id\":\"https:\/\/cloudreviews.info\/it\/il-miglior-backup-online-per-la-musica\/#breadcrumb\",\"itemListElement\":[{\"@type\":\"ListItem\",\"position\":1,\"name\":\"Startseite\",\"item\":\"https:\/\/cloudreviews.info\/it\/\"},{\"@type\":\"ListItem\",\"position\":2,\"name\":\"Il miglior backup online per la musica\"}]}]}<\/script>\n<!-- \/ Yoast SEO plugin. -->","yoast_head_json":{"title":"Il miglior backup online per la musica","description":"Qual \u00e8 il miglior backup online per la musica? Guarda la risposta qui. \u2705 Diversi servizi \u2705 Scegliete il servizio migliore - Leggete qui \u279c","robots":{"index":"index","follow":"follow","max-snippet":"max-snippet:-1","max-image-preview":"max-image-preview:large","max-video-preview":"max-video-preview:-1"},"canonical":"https:\/\/cloudreviews.info\/it\/il-miglior-backup-online-per-la-musica\/","og_locale":"it_IT","og_type":"article","og_title":"Il miglior backup online per la musica","og_description":"Qual \u00e8 il miglior backup online per la musica? Guarda la risposta qui. \u2705 Diversi servizi \u2705 Scegliete il servizio migliore - Leggete qui \u279c","og_url":"https:\/\/cloudreviews.info\/it\/il-miglior-backup-online-per-la-musica\/","og_site_name":"Confronta la migliore soluzione di memorizzazione cloud | Migliore VPN | Hosting Web &amp; Altro","article_modified_time":"2020-09-05T15:42:07+00:00","og_image":[{"url":"https:\/\/cloudreviews.info\/wp-content\/uploads\/2018\/07\/music.jpg"}],"twitter_card":"summary","twitter_misc":{"Tempo di lettura stimato":"8 minuti"},"schema":{"@context":"https:\/\/schema.org","@graph":[{"@type":"WebSite","@id":"https:\/\/cloudreviews.info\/#website","url":"https:\/\/cloudreviews.info\/","name":"Confronta la migliore soluzione di memorizzazione cloud | Migliore VPN | Hosting Web &amp; Altro","description":"","potentialAction":[{"@type":"SearchAction","target":{"@type":"EntryPoint","urlTemplate":"https:\/\/cloudreviews.info\/?s={search_term_string}"},"query-input":"required name=search_term_string"}],"inLanguage":"it-IT"},{"@type":"ImageObject","@id":"https:\/\/cloudreviews.info\/it\/il-miglior-backup-online-per-la-musica\/#primaryimage","inLanguage":"it-IT","url":"https:\/\/cloudreviews.info\/wp-content\/uploads\/2018\/07\/music.jpg","contentUrl":"https:\/\/cloudreviews.info\/wp-content\/uploads\/2018\/07\/music.jpg","width":1280,"height":850,"caption":"back up service for music"},{"@type":"WebPage","@id":"https:\/\/cloudreviews.info\/it\/il-miglior-backup-online-per-la-musica\/#webpage","url":"https:\/\/cloudreviews.info\/it\/il-miglior-backup-online-per-la-musica\/","name":"Il miglior backup online per la musica","isPartOf":{"@id":"https:\/\/cloudreviews.info\/#website"},"primaryImageOfPage":{"@id":"https:\/\/cloudreviews.info\/it\/il-miglior-backup-online-per-la-musica\/#primaryimage"},"datePublished":"2020-07-04T19:45:16+00:00","dateModified":"2020-09-05T15:42:07+00:00","description":"Qual \u00e8 il miglior backup online per la musica? Guarda la risposta qui. \u2705 Diversi servizi \u2705 Scegliete il servizio migliore - Leggete qui \u279c","breadcrumb":{"@id":"https:\/\/cloudreviews.info\/it\/il-miglior-backup-online-per-la-musica\/#breadcrumb"},"inLanguage":"it-IT","potentialAction":[{"@type":"ReadAction","target":["https:\/\/cloudreviews.info\/it\/il-miglior-backup-online-per-la-musica\/"]}]},{"@type":"BreadcrumbList","@id":"https:\/\/cloudreviews.info\/it\/il-miglior-backup-online-per-la-musica\/#breadcrumb","itemListElement":[{"@type":"ListItem","position":1,"name":"Startseite","item":"https:\/\/cloudreviews.info\/it\/"},{"@type":"ListItem","position":2,"name":"Il miglior backup online per la musica"}]}]}},"_links":{"self":[{"href":"https:\/\/cloudreviews.info\/it\/wp-json\/wp\/v2\/pages\/1711\/"}],"collection":[{"href":"https:\/\/cloudreviews.info\/it\/wp-json\/wp\/v2\/pages\/"}],"about":[{"href":"https:\/\/cloudreviews.info\/it\/wp-json\/wp\/v2\/types\/page\/"}],"author":[{"embeddable":true,"href":"https:\/\/cloudreviews.info\/it\/wp-json\/wp\/v2\/users\/4\/"}],"replies":[{"embeddable":true,"href":"https:\/\/cloudreviews.info\/it\/wp-json\/wp\/v2\/comments\/?post=1711"}],"version-history":[{"count":4,"href":"https:\/\/cloudreviews.info\/it\/wp-json\/wp\/v2\/pages\/1711\/revisions\/"}],"predecessor-version":[{"id":5262,"href":"https:\/\/cloudreviews.info\/it\/wp-json\/wp\/v2\/pages\/1711\/revisions\/5262\/"}],"wp:attachment":[{"href":"https:\/\/cloudreviews.info\/it\/wp-json\/wp\/v2\/media\/?parent=1711"}],"curies":[{"name":"wp","href":"https:\/\/api.w.org\/{rel}","templated":true}]}}