{"id":1750,"date":"2020-07-03T19:22:51","date_gmt":"2020-07-03T18:22:51","guid":{"rendered":"https:\/\/cloudreviews.info\/?page_id=1750"},"modified":"2020-09-15T17:21:42","modified_gmt":"2020-09-15T16:21:42","slug":"miglior-backup-online-per-mobile","status":"publish","type":"page","link":"https:\/\/cloudreviews.info\/it\/miglior-backup-online-per-mobile\/","title":{"rendered":"Miglior Backup Online per Mobile"},"content":{"rendered":"<p>Da foto, video, messaggi di testo, contatti, ai registri delle chiamate, l&#8217;aumento dello smartphone ha notevolmente aumentato la quantit\u00e0 di dati generati dalla persona media. Perdere quel telefono, o vederlo affondare sul fondo della toilette, pu\u00f2 causare una perdita personale molto pi\u00f9 costosa rispetto al prezzo del telefono stesso.<\/p>\n<p><img loading=\"lazy\" class=\"alignnone size-full wp-image-1747\" src=\"https:\/\/cloudreviews.info\/wp-content\/uploads\/2018\/07\/back-up-service-for-mobile.jpg\" alt=\"back up service for mobile\" width=\"1280\" height=\"850\" srcset=\"https:\/\/cloudreviews.info\/wp-content\/uploads\/2018\/07\/back-up-service-for-mobile.jpg 1280w, https:\/\/cloudreviews.info\/wp-content\/uploads\/2018\/07\/back-up-service-for-mobile-300x199.jpg 300w, https:\/\/cloudreviews.info\/wp-content\/uploads\/2018\/07\/back-up-service-for-mobile-768x510.jpg 768w, https:\/\/cloudreviews.info\/wp-content\/uploads\/2018\/07\/back-up-service-for-mobile-1024x680.jpg 1024w\" sizes=\"(max-width: 1280px) 100vw, 1280px\" \/><\/p>\n<p>In seguito, affronteremo la questione dei migliori backup online per i telefoni cellulari. Per coloro che hanno bisogno di un po &#8216;di aiuto a piedi attraverso il processo, abbiamo anche una guida su come eseguire il backup di Android che include sia il servizio di backup Android nativo di Google e IDrive, uno dei migliori servizi di backup online per i backup del computer.<\/p>\n<p>Durante l&#8217;utilizzo di Android, o iOS, per eseguire il backup del telefono non \u00e8 apparso nel nostro elenco qui sotto, IDrive \u00e8 la scelta migliore. Questo pu\u00f2 lasciare alcuni fan di Google graffiare la testa, ma possiamo assicurarvi che le ragioni per lasciarlo fuori dalla lista sono buone. Prima di arrivare alla nostra classifica, una discussione sui nostri criteri di selezione dovrebbe aiutare a collocare le nostre decisioni in una prospettiva pi\u00f9 ampia.<\/p>\n<h2>Cosa rende il miglior backup mobile?<\/h2>\n<p>Leggi la nostra recensione su Google Drive e scoprirai che, pur apprezzando le funzionalit\u00e0 di collaborazione della piattaforma, non siamo affatto entusiasti dell&#8217;approccio aziendale alla sicurezza e alla privacy.<\/p>\n<p>Da un lato, Google \u00e8 stato collegato al sostegno alla sorveglianza governativa attraverso il progetto PRISM dell&#8217;ANS. Altrettanto male, secondo i <a href=\"https:\/\/www.google.com\/drive\/terms-of-service\/\">termini e le condizioni di Google<\/a>, l&#8217;azienda si concede il diritto di scansionare e analizzare i propri contenuti per un marketing mirato.<\/p>\n<p>Anche se ci sono alcuni passi che puoi fare per evitare questi sforzi, come usare Boxcryptor (leggi la nostra recensione di <a href=\"https:\/\/order.shareit.com\/product?vendorid=200168193&amp;productid=300584429&amp;affiliateid=200276371\">Boxcryptor<\/a>) per crittografare i file sul tuo smartphone, abbiamo deciso di continuare con i servizi di backup online che hanno un forte profilo di sicurezza e non hanno la reputazione di Google come trappola.<\/p>\n<p>Naturalmente, consideriamo anche ci\u00f2 che il servizio pu\u00f2 effettivamente supportare. Mentre servizi come pCloud e altre voci nel nostro migliore articolo di archiviazione di foto cloud possono offrire il caricamento automatico di foto sul dispositivo mobile, i servizi di backup online offrono idealmente una protezione pi\u00f9 ampia. Messaggi di testo, contatti, registri chiamate e backup dei dati delle applicazioni sono tutte le funzionalit\u00e0 che cerchiamo, con diversi gradi di successo.<\/p>\n<p>Consideriamo anche la qualit\u00e0 dell&#8217;applicazione stessa quando si tratta di facilit\u00e0 d&#8217;uso, in quanto un processo difficile pu\u00f2 portare a trascurare i file. Poi, naturalmente, c&#8217;\u00e8 un costo. Alcune delle selezioni qui sotto hanno piani gratuiti, ma per la maggior parte delle persone quelle offerte non saranno sufficienti per proteggere tutti i file, quindi probabilmente stai cercando un abbonamento.<\/p>\n<p>Infine, ci impegniamo a favore della diversit\u00e0 delle piattaforme. Sebbene su Google Play e App Store siano disponibili molte applicazioni di backup solo per dispositivi mobili, preferiamo anche strumenti in grado di proteggere il tuo smartphone e il tuo computer. Per fare questo, abbiamo approfondito la nostra libreria di recensioni di backup online per i servizi con supporto per Android e iOS.<\/p>\n<p>L&#8217;unica selezione che abbiamo fatto di seguito e che non \u00e8 presente nella nostra libreria \u00e8 Cloud G. Tuttavia, il team che lo supporta, Genie9, ha sviluppato sia Zoolz Home backup che Zoolz Intelligent Cloud, entrambi potenti strumenti di backup desktop. Ora che abbiamo spiegato correttamente il nostro modo di pensare, passiamo alle previsioni.<\/p>\n<h2>Migliore backup online per cellulari: IDrive<\/h2>\n<p>IDrive offre un facile backup di foto, video, contatti, testo, registri chiamate e calendario su Android, e lo stesso su iOS, con un minor numero di testi e registri chiamate. \u00c8 facile eseguire il backup automatico di tutto il contenuto di un particolare tipo con la semplice pressione di un pulsante accanto ad esso nell&#8217;applicazione. C&#8217;\u00e8 anche un&#8217;opzione &#8220;altri file&#8221; che consente di eseguire il backup di qualsiasi altro tipo di file.<\/p>\n<p>Il backup mobile con IDrive avviene solo una volta al giorno, il che significa che il backup continuo non \u00e8 un&#8217;opzione. Questo \u00e8 un po&#8217; fastidioso, soprattutto perch\u00e9 \u00e8 possibile disattivare l&#8217;uso del piano dati mobile in modo che le operazioni di backup non esauriscano l&#8217;allocazione mensile dei dati. Tuttavia, un backup aggiornato \u00e8 generalmente la norma per le applicazioni di backup mobile, quindi IDrive non \u00e8 l&#8217;unica soluzione.<\/p>\n<p>IDrive consente di scegliere l&#8217;ora di esecuzione del backup e di impostare una pianificazione separata per ciascuna categoria di backup. Inoltre, se si desidera eseguire un backup manuale in qualsiasi momento, questa \u00e8 un&#8217;opzione.<\/p>\n<p>Nel complesso, l&#8217;interfaccia IDrive \u00e8 estremamente facile da usare, con pi\u00f9 opzioni di configurazione rispetto alle impostazioni native Android o iOS, ma \u00e8 la sicurezza che ci piace di pi\u00f9. IDrive consente di abilitare la crittografia end-to-end privata per il backup mobile, a volte denominata crittografia a conoscenza zero. Utilizza inoltre il protocollo di crittografia 256-AES, che per motivi pratici \u00e8 impossibile da decifrare.<\/p>\n<p>L&#8217;applicazione mobile IDrive in Google Play ha oltre un milione di download registrati, molto pi\u00f9 della maggior parte delle applicazioni di backup, e un punteggio medio rispettabile di 4,2 per client. \u00c8 possibile utilizzare un generoso backup gratuito da 5 GB per testarlo prima di acquistarlo.<\/p>\n<h3>Altri motivi per cui ci piace IDrive<\/h3>\n<p>Se decidi di passare a un abbonamento IDrive, sei fortunato. Come descritto in dettaglio nel nostro esame IDrive, l&#8217;azienda offre piani di backup da 2 TB e 5 TB a prezzi accessibili, che possono essere utilizzati per supportare un numero illimitato di dispositivi. Questo include non solo Android e iOS, ma anche Windows e MacOS. In sostanza, si tratta di una soluzione di backup all-in-one adatta a tutta la famiglia.<\/p>\n<p><a href=\"https:\/\/cloudreviews.info\/idrive\/go\/\" rel=\"nofollow\"><img loading=\"lazy\" class=\"alignnone wp-image-1663 size-full\" src=\"https:\/\/cloudreviews.info\/wp-content\/uploads\/2018\/07\/idrive-online-image-backup-service.jpg\" alt=\"idrive online image backup service\" width=\"1887\" height=\"643\" srcset=\"https:\/\/cloudreviews.info\/wp-content\/uploads\/2018\/07\/idrive-online-image-backup-service.jpg 1887w, https:\/\/cloudreviews.info\/wp-content\/uploads\/2018\/07\/idrive-online-image-backup-service-300x102.jpg 300w, https:\/\/cloudreviews.info\/wp-content\/uploads\/2018\/07\/idrive-online-image-backup-service-768x262.jpg 768w, https:\/\/cloudreviews.info\/wp-content\/uploads\/2018\/07\/idrive-online-image-backup-service-1024x349.jpg 1024w\" sizes=\"(max-width: 1887px) 100vw, 1887px\" \/><\/a><\/p>\n<p>Inoltre, con un abbonamento IDrive, si ottiene un&#8217;allocazione corrispondente di spazio di archiviazione cloud che pu\u00f2 essere utilizzato per la sincronizzazione dei file tra i dispositivi. IDrive \u00e8 uno dei pochi servizi cloud a offrire backup online e cloud storage, migliorando ulteriormente il suo valore.<\/p>\n<p><strong>\n<table id=\"tablepress-411\" class=\"tablepress tablepress-id-411\">\n<thead>\n<tr class=\"row-1 odd\">\n\t<th class=\"column-1\">Pros<\/th><th class=\"column-2\">Cons<\/th>\n<\/tr>\n<\/thead>\n<tbody class=\"row-hover\">\n<tr class=\"row-2 even\">\n\t<td class=\"column-1\">Crittografia privata<\/td><td class=\"column-2\"> Il backup pu\u00f2 essere eseguito lentamente<\/td>\n<\/tr>\n<tr class=\"row-3 odd\">\n\t<td class=\"column-1\"> Piani convenienti per dispositivi illimitati<\/td><td class=\"column-2\"> Nessuna autenticazione a due fattori<\/td>\n<\/tr>\n<tr class=\"row-4 even\">\n\t<td class=\"column-1\">Messaggi di testo di backup<\/td><td class=\"column-2\"><\/td>\n<\/tr>\n<\/tbody>\n<\/table>\n<!-- #tablepress-411 from cache --><\/strong><\/p>\n<h3>Acronis True Image<\/h3>\n<p>Acronis True Image offre un buon vantaggio rispetto a IDrive, in quanto pu\u00f2 essere utilizzato per eseguire il backup in modalit\u00e0 wireless del telefono sul computer o sul dispositivo NAS se non si desidera eseguire il backup nel cloud. Il risultato \u00e8 un backup pi\u00f9 rapido. In alternativa, \u00e8 possibile eseguire il backup sia sul computer che nel cloud se si desidera seguire la regola di backup 3-2-1 (tre copie di file, due locali e una cloud).<\/p>\n<p>True Image non ha una base di fan cos\u00ec ampia come IDrive o G Cloud, almeno per i suoi modesti 50.000 download attraverso Google Play. Alcuni dei commenti degli utenti sono stati anche scortese, come le connessioni PC con errori sono una lamentela comune. Tuttavia, abbiamo provato e siamo stati in grado di eseguire i backup senza alcun problema.<\/p>\n<p>Il nostro problema con l&#8217;applicazione mobile \u00e8 che non \u00e8 possibile eseguire il backup dei dati dell&#8217;applicazione o dei documenti. Invece, \u00e8 limitato a contatti, foto, video e messaggi di testo. L&#8217;applicazione supporta la migrazione dei dati da iOS a Android per chi decide di sbarazzarsi del proprio iPhone o viceversa.<\/p>\n<p>In generale, tuttavia, il design dell&#8217;applicazione mobile ci piace molto e, se si intende utilizzare Acronis True Image per il backup del computer, \u00e8 anche possibile sfruttare la protezione avanzata per proteggere i dati personali, lasciando che Android Backup Service o iOS si occupino delle impostazioni del telefono e dei dati delle applicazioni.<\/p>\n<h3>Altri motivi per cui ci piace Acronis True Image<\/h3>\n<p>Quando si tratta di utilizzare True Image per eseguire il backup del computer, lo approviamo senza riserve. True Image ha fatto molta strada negli ultimi anni e offre un&#8217;esperienza di backup molto pi\u00f9 rapida rispetto alla maggior parte delle soluzioni di backup domestico. I dettagli sui test di velocit\u00e0 sono disponibili nella recensione di Acronis True Image.<\/p>\n<p>True Image non \u00e8 accessibile perch\u00e9 IDrive e gli abbonamenti non supportano dispositivi illimitati. Tuttavia, i prezzi sono ben lontani dal peggiore che abbiamo visto (250 GB all&#8217;anno costano 50 dollari), e backup veloci rendono la pena spendere di pi\u00f9.<\/p>\n<p><strong>\n<table id=\"tablepress-412\" class=\"tablepress tablepress-id-412\">\n<thead>\n<tr class=\"row-1 odd\">\n\t<th class=\"column-1\">Pros<\/th><th class=\"column-2\">Cons<\/th>\n<\/tr>\n<\/thead>\n<tbody class=\"row-hover\">\n<tr class=\"row-2 even\">\n\t<td class=\"column-1\">Backup di dati mobili su computer e cloud<\/td><td class=\"column-2\">Non esegue il backup dei documenti (mobile)<\/td>\n<\/tr>\n<tr class=\"row-3 odd\">\n\t<td class=\"column-1\">Velocit\u00e0 di backup elevate<\/td><td class=\"column-2\">Non esegue il backup dei dati dell'applicazione (mobile)<\/td>\n<\/tr>\n<tr class=\"row-4 even\">\n\t<td class=\"column-1\"> Bella app design<\/td><td class=\"column-2\">  Non esegue il backup di un numero illimitato di dispositivi<br \/>\n<\/td>\n<\/tr>\n<\/tbody>\n<\/table>\n<!-- #tablepress-412 from cache --><\/strong><\/p>\n<h2>SOS Online Backup<\/h2>\n<p>SOS Online-Backup ha le caratteristiche di un servizio di backup online decente, ma i costi di abbonamento sono un po&#8217; pi\u00f9 alti, in quanto costano 400 dollari all&#8217;anno per 1 TB di backup. Tuttavia, per i backup di smartphone, \u00e8 possibile scegliere un piano meno costoso, come 100 GB, per $80 all&#8217;anno. Ancora non grande, ma se si pu\u00f2 inghiottire il costo, le applicazioni Android e iOS funzionano bene.<\/p>\n<p><img loading=\"lazy\" class=\"alignnone size-full wp-image-1665\" src=\"https:\/\/cloudreviews.info\/wp-content\/uploads\/2018\/07\/sos-photo-backup-service.jpg\" alt=\"sos backup service\" width=\"1623\" height=\"818\" srcset=\"https:\/\/cloudreviews.info\/wp-content\/uploads\/2018\/07\/sos-photo-backup-service.jpg 1623w, https:\/\/cloudreviews.info\/wp-content\/uploads\/2018\/07\/sos-photo-backup-service-300x151.jpg 300w, https:\/\/cloudreviews.info\/wp-content\/uploads\/2018\/07\/sos-photo-backup-service-768x387.jpg 768w, https:\/\/cloudreviews.info\/wp-content\/uploads\/2018\/07\/sos-photo-backup-service-1024x516.jpg 1024w\" sizes=\"(max-width: 1623px) 100vw, 1623px\" \/><\/p>\n<p>\u00c8 possibile eseguire automaticamente il backup di immagini, video, musica e dati applicativi ed \u00e8 possibile selezionare manualmente qualsiasi altra cartella o file di cui eseguire il backup. Il backup dei messaggi di testo e la registrazione delle chiamate non sono funzioni.<\/p>\n<p>SOS Online Backup ha un&#8217;opzione di crittografia a conoscenza zero con AES a 256 bit, quindi \u00e8 un buon modo per proteggere i file da occhi indiscreti.<\/p>\n<h3>Altri motivi per cui ci piace SOS Online Backup<\/h3>\n<p>Sebbene non siano cos\u00ec veloci come Acronis True Image, i nostri test di velocit\u00e0 con SOS Online Backup sono stati migliori della media durante la revisione di SOS Online Backup. Ci piace anche il fatto che l&#8217;applicazione desktop consente di abilitare il versioning illimitato. Purtroppo, non esiste un piano di backup gratuito, e l&#8217;unica opzione per testare il servizio \u00e8 una prova gratuita di 15 giorni.<\/p>\n<p><strong>\n<table id=\"tablepress-413\" class=\"tablepress tablepress-id-413\">\n<thead>\n<tr class=\"row-1 odd\">\n\t<th class=\"column-1\">Pros<\/th><th class=\"column-2\">Cons<\/th>\n<\/tr>\n<\/thead>\n<tbody class=\"row-hover\">\n<tr class=\"row-2 even\">\n\t<td class=\"column-1\">Backup ragionevolmente veloce<\/td><td class=\"column-2\">Costoso<\/td>\n<\/tr>\n<tr class=\"row-3 odd\">\n\t<td class=\"column-1\">Bella app mobile<\/td><td class=\"column-2\">Nessun backup di SMS o contatti (mobile)<\/td>\n<\/tr>\n<tr class=\"row-4 even\">\n\t<td class=\"column-1\">Crittografia a conoscenza zero<\/td><td class=\"column-2\">Nessun backup continuo (desktop o mobile)<br \/>\n<\/td>\n<\/tr>\n<\/tbody>\n<\/table>\n<!-- #tablepress-413 from cache --><\/strong><\/p>\n<h2>Riflessioni finali<\/h2>\n<p>Per coloro che non vogliono fidarsi di Google o Apple per proteggere i loro dati mobili, ci sono molte opzioni per il backup di Android e iOS. Sebbene sia G Cloud che Acronis True Image siano opzioni interessanti, la cosa migliore del gruppo \u00e8 IDrive.<\/p>\n<p>IDrive esegue il backup di tutto ci\u00f2 che vorremmo su Android e di quasi tutto ci\u00f2 che vorremmo su iOS. E &#8216;anche a buon mercato e sicuro. Come ulteriore vantaggio, il servizio \u00e8 classificato come uno dei migliori backup online per gli strumenti per la casa: avete un&#8217;alternativa migliore a IDrive per il backup mobile? Condividete i vostri consigli nei commenti qui sotto, e vi ringrazio per la lettura. Ulteriori informazioni sono disponibili qui: <a href=\"https:\/\/cloudreviews.info\/it\/\">https:\/\/cloudreviews.info\/it\/<\/a>.<\/p>\n","protected":false},"excerpt":{"rendered":"<p>Da foto, video, messaggi di testo, contatti, ai registri delle chiamate, l&#8217;aumento dello smartphone ha notevolmente aumentato la quantit\u00e0 di dati generati dalla persona media. Perdere quel telefono, o vederlo affondare sul fondo della toilette, pu\u00f2 causare una perdita personale molto pi\u00f9 costosa rispetto al prezzo del telefono stesso. In seguito, affronteremo la questione dei &#8230; <a title=\"Miglior Backup Online per Mobile\" class=\"read-more\" href=\"https:\/\/cloudreviews.info\/it\/miglior-backup-online-per-mobile\/\" aria-label=\"Leggi di pi\u00f9 su Miglior Backup Online per Mobile\">Leggi tutto<\/a><\/p>\n","protected":false},"author":4,"featured_media":0,"parent":0,"menu_order":0,"comment_status":"closed","ping_status":"closed","template":"","meta":[],"yoast_head":"<!-- This site is optimized with the Yoast SEO plugin v18.3 - https:\/\/yoast.com\/wordpress\/plugins\/seo\/ -->\n<title>Miglior Backup Online per Mobile<\/title>\n<meta name=\"description\" content=\"Il backup dei dati del tuo dispositivo mobile pu\u00f2 essere un po&#039; complicato in quanto non tutti i provider offrono la stessa suite di funzionalit\u00e0 per Android e iOS che sul desktop. Consulta la nostra recensione per l&#039;opzione pi\u00f9 adatta per il backup mobile.\" \/>\n<meta name=\"robots\" content=\"index, follow, max-snippet:-1, max-image-preview:large, max-video-preview:-1\" \/>\n<link rel=\"canonical\" href=\"https:\/\/cloudreviews.info\/it\/miglior-backup-online-per-mobile\/\" \/>\n<meta property=\"og:locale\" content=\"it_IT\" \/>\n<meta property=\"og:type\" content=\"article\" \/>\n<meta property=\"og:title\" content=\"Miglior Backup Online per Mobile\" \/>\n<meta property=\"og:description\" content=\"Il backup dei dati del tuo dispositivo mobile pu\u00f2 essere un po&#039; complicato in quanto non tutti i provider offrono la stessa suite di funzionalit\u00e0 per Android e iOS che sul desktop. Consulta la nostra recensione per l&#039;opzione pi\u00f9 adatta per il backup mobile.\" \/>\n<meta property=\"og:url\" content=\"https:\/\/cloudreviews.info\/it\/miglior-backup-online-per-mobile\/\" \/>\n<meta property=\"og:site_name\" content=\"Confronta la migliore soluzione di memorizzazione cloud | Migliore VPN | Hosting Web &amp; Altro\" \/>\n<meta property=\"article:modified_time\" content=\"2020-09-15T16:21:42+00:00\" \/>\n<meta property=\"og:image\" content=\"https:\/\/cloudreviews.info\/wp-content\/uploads\/2018\/07\/back-up-service-for-mobile.jpg\" \/>\n<meta name=\"twitter:card\" content=\"summary\" \/>\n<meta name=\"twitter:label1\" content=\"Tempo di lettura stimato\" \/>\n\t<meta name=\"twitter:data1\" content=\"8 minuti\" \/>\n<script type=\"application\/ld+json\" class=\"yoast-schema-graph\">{\"@context\":\"https:\/\/schema.org\",\"@graph\":[{\"@type\":\"WebSite\",\"@id\":\"https:\/\/cloudreviews.info\/#website\",\"url\":\"https:\/\/cloudreviews.info\/\",\"name\":\"Confronta la migliore soluzione di memorizzazione cloud | Migliore VPN | Hosting Web &amp; Altro\",\"description\":\"\",\"potentialAction\":[{\"@type\":\"SearchAction\",\"target\":{\"@type\":\"EntryPoint\",\"urlTemplate\":\"https:\/\/cloudreviews.info\/?s={search_term_string}\"},\"query-input\":\"required name=search_term_string\"}],\"inLanguage\":\"it-IT\"},{\"@type\":\"ImageObject\",\"@id\":\"https:\/\/cloudreviews.info\/it\/miglior-backup-online-per-mobile\/#primaryimage\",\"inLanguage\":\"it-IT\",\"url\":\"https:\/\/cloudreviews.info\/wp-content\/uploads\/2018\/07\/back-up-service-for-mobile.jpg\",\"contentUrl\":\"https:\/\/cloudreviews.info\/wp-content\/uploads\/2018\/07\/back-up-service-for-mobile.jpg\",\"width\":1280,\"height\":850,\"caption\":\"back up service for mobile\"},{\"@type\":\"WebPage\",\"@id\":\"https:\/\/cloudreviews.info\/it\/miglior-backup-online-per-mobile\/#webpage\",\"url\":\"https:\/\/cloudreviews.info\/it\/miglior-backup-online-per-mobile\/\",\"name\":\"Miglior Backup Online per Mobile\",\"isPartOf\":{\"@id\":\"https:\/\/cloudreviews.info\/#website\"},\"primaryImageOfPage\":{\"@id\":\"https:\/\/cloudreviews.info\/it\/miglior-backup-online-per-mobile\/#primaryimage\"},\"datePublished\":\"2020-07-03T18:22:51+00:00\",\"dateModified\":\"2020-09-15T16:21:42+00:00\",\"description\":\"Il backup dei dati del tuo dispositivo mobile pu\u00f2 essere un po' complicato in quanto non tutti i provider offrono la stessa suite di funzionalit\u00e0 per Android e iOS che sul desktop. Consulta la nostra recensione per l'opzione pi\u00f9 adatta per il backup mobile.\",\"breadcrumb\":{\"@id\":\"https:\/\/cloudreviews.info\/it\/miglior-backup-online-per-mobile\/#breadcrumb\"},\"inLanguage\":\"it-IT\",\"potentialAction\":[{\"@type\":\"ReadAction\",\"target\":[\"https:\/\/cloudreviews.info\/it\/miglior-backup-online-per-mobile\/\"]}]},{\"@type\":\"BreadcrumbList\",\"@id\":\"https:\/\/cloudreviews.info\/it\/miglior-backup-online-per-mobile\/#breadcrumb\",\"itemListElement\":[{\"@type\":\"ListItem\",\"position\":1,\"name\":\"Startseite\",\"item\":\"https:\/\/cloudreviews.info\/it\/\"},{\"@type\":\"ListItem\",\"position\":2,\"name\":\"Miglior Backup Online per Mobile\"}]}]}<\/script>\n<!-- \/ Yoast SEO plugin. -->","yoast_head_json":{"title":"Miglior Backup Online per Mobile","description":"Il backup dei dati del tuo dispositivo mobile pu\u00f2 essere un po' complicato in quanto non tutti i provider offrono la stessa suite di funzionalit\u00e0 per Android e iOS che sul desktop. Consulta la nostra recensione per l'opzione pi\u00f9 adatta per il backup mobile.","robots":{"index":"index","follow":"follow","max-snippet":"max-snippet:-1","max-image-preview":"max-image-preview:large","max-video-preview":"max-video-preview:-1"},"canonical":"https:\/\/cloudreviews.info\/it\/miglior-backup-online-per-mobile\/","og_locale":"it_IT","og_type":"article","og_title":"Miglior Backup Online per Mobile","og_description":"Il backup dei dati del tuo dispositivo mobile pu\u00f2 essere un po' complicato in quanto non tutti i provider offrono la stessa suite di funzionalit\u00e0 per Android e iOS che sul desktop. Consulta la nostra recensione per l'opzione pi\u00f9 adatta per il backup mobile.","og_url":"https:\/\/cloudreviews.info\/it\/miglior-backup-online-per-mobile\/","og_site_name":"Confronta la migliore soluzione di memorizzazione cloud | Migliore VPN | Hosting Web &amp; Altro","article_modified_time":"2020-09-15T16:21:42+00:00","og_image":[{"url":"https:\/\/cloudreviews.info\/wp-content\/uploads\/2018\/07\/back-up-service-for-mobile.jpg"}],"twitter_card":"summary","twitter_misc":{"Tempo di lettura stimato":"8 minuti"},"schema":{"@context":"https:\/\/schema.org","@graph":[{"@type":"WebSite","@id":"https:\/\/cloudreviews.info\/#website","url":"https:\/\/cloudreviews.info\/","name":"Confronta la migliore soluzione di memorizzazione cloud | Migliore VPN | Hosting Web &amp; Altro","description":"","potentialAction":[{"@type":"SearchAction","target":{"@type":"EntryPoint","urlTemplate":"https:\/\/cloudreviews.info\/?s={search_term_string}"},"query-input":"required name=search_term_string"}],"inLanguage":"it-IT"},{"@type":"ImageObject","@id":"https:\/\/cloudreviews.info\/it\/miglior-backup-online-per-mobile\/#primaryimage","inLanguage":"it-IT","url":"https:\/\/cloudreviews.info\/wp-content\/uploads\/2018\/07\/back-up-service-for-mobile.jpg","contentUrl":"https:\/\/cloudreviews.info\/wp-content\/uploads\/2018\/07\/back-up-service-for-mobile.jpg","width":1280,"height":850,"caption":"back up service for mobile"},{"@type":"WebPage","@id":"https:\/\/cloudreviews.info\/it\/miglior-backup-online-per-mobile\/#webpage","url":"https:\/\/cloudreviews.info\/it\/miglior-backup-online-per-mobile\/","name":"Miglior Backup Online per Mobile","isPartOf":{"@id":"https:\/\/cloudreviews.info\/#website"},"primaryImageOfPage":{"@id":"https:\/\/cloudreviews.info\/it\/miglior-backup-online-per-mobile\/#primaryimage"},"datePublished":"2020-07-03T18:22:51+00:00","dateModified":"2020-09-15T16:21:42+00:00","description":"Il backup dei dati del tuo dispositivo mobile pu\u00f2 essere un po' complicato in quanto non tutti i provider offrono la stessa suite di funzionalit\u00e0 per Android e iOS che sul desktop. Consulta la nostra recensione per l'opzione pi\u00f9 adatta per il backup mobile.","breadcrumb":{"@id":"https:\/\/cloudreviews.info\/it\/miglior-backup-online-per-mobile\/#breadcrumb"},"inLanguage":"it-IT","potentialAction":[{"@type":"ReadAction","target":["https:\/\/cloudreviews.info\/it\/miglior-backup-online-per-mobile\/"]}]},{"@type":"BreadcrumbList","@id":"https:\/\/cloudreviews.info\/it\/miglior-backup-online-per-mobile\/#breadcrumb","itemListElement":[{"@type":"ListItem","position":1,"name":"Startseite","item":"https:\/\/cloudreviews.info\/it\/"},{"@type":"ListItem","position":2,"name":"Miglior Backup Online per Mobile"}]}]}},"_links":{"self":[{"href":"https:\/\/cloudreviews.info\/it\/wp-json\/wp\/v2\/pages\/1750\/"}],"collection":[{"href":"https:\/\/cloudreviews.info\/it\/wp-json\/wp\/v2\/pages\/"}],"about":[{"href":"https:\/\/cloudreviews.info\/it\/wp-json\/wp\/v2\/types\/page\/"}],"author":[{"embeddable":true,"href":"https:\/\/cloudreviews.info\/it\/wp-json\/wp\/v2\/users\/4\/"}],"replies":[{"embeddable":true,"href":"https:\/\/cloudreviews.info\/it\/wp-json\/wp\/v2\/comments\/?post=1750"}],"version-history":[{"count":9,"href":"https:\/\/cloudreviews.info\/it\/wp-json\/wp\/v2\/pages\/1750\/revisions\/"}],"predecessor-version":[{"id":5295,"href":"https:\/\/cloudreviews.info\/it\/wp-json\/wp\/v2\/pages\/1750\/revisions\/5295\/"}],"wp:attachment":[{"href":"https:\/\/cloudreviews.info\/it\/wp-json\/wp\/v2\/media\/?parent=1750"}],"curies":[{"name":"wp","href":"https:\/\/api.w.org\/{rel}","templated":true}]}}