{"id":1827,"date":"2020-07-03T20:52:40","date_gmt":"2020-07-03T19:52:40","guid":{"rendered":"https:\/\/cloudreviews.info\/?page_id=1827"},"modified":"2020-09-05T16:47:50","modified_gmt":"2020-09-05T15:47:50","slug":"il-miglior-backup-cloud-per-windows","status":"publish","type":"page","link":"https:\/\/cloudreviews.info\/it\/il-miglior-backup-cloud-per-windows\/","title":{"rendered":"Il miglior backup cloud per Windows"},"content":{"rendered":"<p>Secondo un rapporto pubblicato da Microsoft nel gennaio 2017, Windows 10 \u00e8 stato installato su oltre 200 milioni di dispositivi. Se sei anche un utente Windows, come me, alla ricerca della giusta soluzione di backup cloud, allora sei nel posto giusto. Microsoft dispone di un proprio servizio di archiviazione cloud, OneDrive, ma \u00e8 un servizio che sincronizza tutti i file con il server cloud.<\/p>\n<a class=\"maxbutton-23 maxbutton maxbutton-cta-backblaze-it\" target=\"_blank\" rel=\"nofollow noopener\" href=\"\/backblaze\/go\/\"><span class='mb-text'>\ud83e\udc46\ud83e\udc46 Vai a Backblaze! \ud83e\udc44\ud83e\udc44<\/span><\/a>\n<p><img loading=\"lazy\" class=\"alignnone size-full wp-image-1616\" src=\"https:\/\/cloudreviews.info\/wp-content\/uploads\/2018\/07\/windows_os.jpg\" alt=\"windows_os\" width=\"1695\" height=\"635\" srcset=\"https:\/\/cloudreviews.info\/wp-content\/uploads\/2018\/07\/windows_os.jpg 1695w, https:\/\/cloudreviews.info\/wp-content\/uploads\/2018\/07\/windows_os-300x112.jpg 300w, https:\/\/cloudreviews.info\/wp-content\/uploads\/2018\/07\/windows_os-768x288.jpg 768w, https:\/\/cloudreviews.info\/wp-content\/uploads\/2018\/07\/windows_os-1024x384.jpg 1024w\" sizes=\"(max-width: 1695px) 100vw, 1695px\" \/><\/p>\n<p>In caso di attacco di virus, se un file viene danneggiato, viene copiato anche sui server di OneDrive. Inoltre, Microsoft ha una politica a porte aperte per l&#8217;NSA, il che significa che il governo degli Stati Uniti pu\u00f2 rivedere i dati in qualsiasi momento. Ecco perch\u00e9 \u00e8 necessario un servizio di backup in-the-cloud affidabile, non OneDrive.<\/p>\n<h2>I tre principali vantaggi del backup in-the-cloud<\/h2>\n<p>Il backup in-the-cloud \u00e8 diventato non solo un modo per proteggersi da guasti del PC, ma anche un luogo importante per collaborare, condividere dati e salvaguardare le informazioni. E con Microsoft che vanta oltre 200 milioni di installazioni di Windows 10, l&#8217;utilizzo di backup cloud sul computer Windows \u00e8 una splendida idea.<\/p>\n<p>Per questo motivo, prima di introdurre le prime cinque applicazioni di backup in-the-cloud per Windows, analizzeremo i tre principali vantaggi del backup online.<\/p>\n<h3>1. L&#8217;economicit\u00e0<\/h3>\n<p>Al momento \u00e8 possibile acquistare un pacchetto completo, illimitato e completo di backup in-the-cloud, per meno di una tazza di caf\u00e9 au lait. Questo \u00e8 un grande vantaggio: \u00e8 un&#8217;industria competitiva che sopravvive offrendo prezzi inferiori a quelli della concorrenza o fornendo servizi migliori allo stesso prezzo.<\/p>\n<p>E i prezzi aumentano man mano che aumentano. Quindi, anche quando un&#8217;azienda o un&#8217;impresa \u00e8 alla ricerca di servizi di backup cloud di alto livello, i prezzi rimangono competitivi anche per le entit\u00e0 pi\u00f9 grandi.<\/p>\n<h3>2. Sicurezza<\/h3>\n<p>Grazie alla natura digitale del cloud, tutti i vostri dati saranno naturalmente immuni da inondazioni, terremoti, uragani e altri disastri non causati dall&#8217;uomo.<\/p>\n<p>Tuttavia, parlando dei mali causati dall&#8217;ingegneria umana &#8211; virus, cavalli di Troia e criminalit\u00e0 informatica &#8211; sono soggetti che affliggono l&#8217;era moderna come Dio ha devastato l&#8217;Egitto. La grande novit\u00e0 \u00e8 che le soluzioni di backup cloud sono attrezzate per essere al sicuro dalle intrusioni informatiche, grazie alla crittografia di nuova generazione, alle politiche sulla privacy e ai firewall sicuri.<\/p>\n<h3>3. Recupero e versione dei file<\/h3>\n<p>Bene, non dimentichiamo il lavoro principale del backup in-the-cloud: la protezione e il ripristino dei dati. Il backup online conserva una copia delle informazioni in centri dati di massa situati in tutto il mondo, finch\u00e9 succede qualcosa al PC, \u00e8 sufficiente fare clic su &#8220;Ripristina&#8221; e i dati torneranno.<\/p>\n<p>Un altro vantaggio interessante associato ai backup cloud \u00e8 la possibilit\u00e0 di selezionare e ripristinare le iterazioni precedenti di un file. Questo processo si chiama file versioning ed \u00e8 un ottimo modo per eseguire revisioni, confrontare versioni e tornare indietro nel tempo. Diversi servizi di backup in-the-cloud offrono diversi livelli di versioning dei file.<\/p>\n<a class=\"maxbutton-23 maxbutton maxbutton-cta-backblaze-it\" target=\"_blank\" rel=\"nofollow noopener\" href=\"\/backblaze\/go\/\"><span class='mb-text'>\ud83e\udc46\ud83e\udc46 Vai a Backblaze! \ud83e\udc44\ud83e\udc44<\/span><\/a>\n<h2>Backblaze<\/h2>\n<p>Backblaze \u00e8 il servizio di backup online pi\u00f9 semplice che abbia mai utilizzato, anche se con funzionalit\u00e0 limitate. Si tratta di una buona soluzione secondaria che viene fornito con il backup vero illimitato. Backblaze \u00e8 progettato per le persone che vogliono una semplice soluzione di &#8220;click e backup&#8221;. \u00c8 possibile selezionare i dischi rigidi per il backup e automatizzare l&#8217;ingombro della larghezza di banda o decidere di personalizzarne la velocit\u00e0.<\/p>\n<p>Tecnicamente, \u00e8 disponibile un pianificatore di backup, ma non offre il tipo di flessibilit\u00e0 che ci si potrebbe aspettare da un pianificatore tipico. \u00c8 possibile scegliere di eseguire il backup dei dati in modo continuo, una volta al giorno o quando si desidera. Mentre Backblaze inizia a eseguire il backup di tutti i dati una volta installati, l&#8217;applicazione esclude i file di sistema, ma gli utenti possono aggiungerli se lo desiderano.<\/p>\n<p><a href=\"https:\/\/cloudreviews.info\/backblaze\/go\/\" rel=\"nofollow\"><img loading=\"lazy\" class=\"alignnone wp-image-1664 size-full\" src=\"https:\/\/cloudreviews.info\/wp-content\/uploads\/2018\/07\/backblaze-image-back-up-service.jpg\" alt=\"backblaze back up service\" width=\"1522\" height=\"610\" srcset=\"https:\/\/cloudreviews.info\/wp-content\/uploads\/2018\/07\/backblaze-image-back-up-service.jpg 1522w, https:\/\/cloudreviews.info\/wp-content\/uploads\/2018\/07\/backblaze-image-back-up-service-300x120.jpg 300w, https:\/\/cloudreviews.info\/wp-content\/uploads\/2018\/07\/backblaze-image-back-up-service-768x308.jpg 768w, https:\/\/cloudreviews.info\/wp-content\/uploads\/2018\/07\/backblaze-image-back-up-service-1024x410.jpg 1024w\" sizes=\"(max-width: 1522px) 100vw, 1522px\" \/><\/a><\/p>\n<p>\u00c8 anche possibile aggiungere cartelle specifiche a un elenco di esclusione per impedire l&#8217;esecuzione di backup. Backblaze dispone anche di chiavi di crittografia private, protette dalla crittografia locale a 128 bit e dalla crittografia lato server a 256 bit. Ha la versione del file e mantiene i file cancellati per pi\u00f9 di 30 giorni. Perch\u00e9 tutto in Backblaze \u00e8 automatizzato, pu\u00f2 essere frustrante per le persone che vogliono una maggiore personalizzazione.<\/p>\n<h3>Perch\u00e9 ci piace Backblaze:<\/h3>\n<p>Backblaze \u00e8 stato progettato per la nonna che ha sempre bisogno di aiuto per aprire una e-mail. Niente opzioni complicate, niente orari, niente di tutto questo. Anche le impostazioni disponibili sono molto semplici.<\/p>\n<a class=\"maxbutton-23 maxbutton maxbutton-cta-backblaze-it\" target=\"_blank\" rel=\"nofollow noopener\" href=\"\/backblaze\/go\/\"><span class='mb-text'>\ud83e\udc46\ud83e\udc46 Vai a Backblaze! \ud83e\udc44\ud83e\udc44<\/span><\/a>\n<p><strong>\n<table id=\"tablepress-437\" class=\"tablepress tablepress-id-437\">\n<thead>\n<tr class=\"row-1 odd\">\n\t<th class=\"column-1\">Pros<\/th><th class=\"column-2\">Cons<\/th>\n<\/tr>\n<\/thead>\n<tbody class=\"row-hover\">\n<tr class=\"row-2 even\">\n\t<td class=\"column-1\">Backup illimitato<\/td><td class=\"column-2\">Mancanza di opzioni di personalizzazione<\/td>\n<\/tr>\n<tr class=\"row-3 odd\">\n\t<td class=\"column-1\">Interfaccia pulita e ordinata<\/td><td class=\"column-2\"> Backblaze sceglie le cartelle di cui eseguire il backup<\/td>\n<\/tr>\n<tr class=\"row-4 even\">\n\t<td class=\"column-1\">Backup automatizzato<\/td><td class=\"column-2\">Impossibile visualizzare i file di backup nel cloud<\/td>\n<\/tr>\n<\/tbody>\n<\/table>\n<!-- #tablepress-437 from cache --><\/strong><\/p>\n<h2 id=\"IDrive\">IDrive<\/h2>\n<p>IDrive offre trasferimenti, backup e ripristini incredibilmente rapidi. Viene anche fornito con un sacco di caratteristiche, opzioni e altre delizie. IDrive \u00e8 l&#8217;unico backup cloud del nostro elenco a disporre di una funzione di sincronizzazione dei file. Infatti, \u00e8 possibile convertire qualsiasi cartella di un sistema in una cartella di sincronizzazione dedicata.<\/p>\n<p>Questa soluzione risolverebbe ovviamente molti dei problemi per le persone che costantemente destreggiano dati tra computer personali e di lavoro. Ma ricordate, una cartella di sincronizzazione copier\u00e0 ogni modifica caricata sul server cloud, compresi i virus e altre cose spiacevoli.<\/p>\n<p><a href=\"https:\/\/cloudreviews.info\/idrive\/go\/\" rel=\"nofollow\"><img loading=\"lazy\" class=\"aligncenter wp-image-4784 size-full\" src=\"https:\/\/cloudreviews.info\/wp-content\/uploads\/2020\/06\/IDrive-Platform.png\" alt=\"\" width=\"1300\" height=\"628\" srcset=\"https:\/\/cloudreviews.info\/wp-content\/uploads\/2020\/06\/IDrive-Platform.png 1300w, https:\/\/cloudreviews.info\/wp-content\/uploads\/2020\/06\/IDrive-Platform-300x145.png 300w, https:\/\/cloudreviews.info\/wp-content\/uploads\/2020\/06\/IDrive-Platform-1024x495.png 1024w, https:\/\/cloudreviews.info\/wp-content\/uploads\/2020\/06\/IDrive-Platform-768x371.png 768w\" sizes=\"(max-width: 1300px) 100vw, 1300px\" \/><\/a><\/p>\n<p>Naturalmente, IDrive esegue anche backup regolari e in modo corretto. Una volta installato, IDrive seleziona automaticamente tutte le cartelle importanti e le carica. Ma, naturalmente, \u00e8 possibile selezionare cartelle specifiche da escludere o dire direttamente all&#8217;applicazione per consentire il backup manuale. L&#8217;unico vero svantaggio di IDrive \u00e8 che la quantit\u00e0 massima di spazio di archiviazione disponibile \u00e8 di 10 TB.<\/p>\n<h3>Perch\u00e9 ci piace IDrive:<\/h3>\n<p>IDrive si integra molto facilmente con Esplora risorse. E non \u00e8 tutto: ha anche funzioni come Disk Image Backup e pu\u00f2 eseguire il backup dei server.<\/p>\n<a class=\"maxbutton-32 maxbutton maxbutton-cta-idrive-it\" target=\"_blank\" rel=\"nofollow noopener\" href=\"\/idrive\/go\/\"><span class='mb-text'>\ud83e\udc46\ud83e\udc46 Vai a Idrive! \ud83e\udc44\ud83e\udc44<\/span><\/a>\n<p><strong>\n<table id=\"tablepress-438\" class=\"tablepress tablepress-id-438\">\n<thead>\n<tr class=\"row-1 odd\">\n\t<th class=\"column-1\">Pros<\/th><th class=\"column-2\">Cons<\/th>\n<\/tr>\n<\/thead>\n<tbody class=\"row-hover\">\n<tr class=\"row-2 even\">\n\t<td class=\"column-1\">Sincronizzazione file<\/td><td class=\"column-2\">Un po 'costoso<\/td>\n<\/tr>\n<tr class=\"row-3 odd\">\n\t<td class=\"column-1\">Integrazione con Esplora risorse <\/td><td class=\"column-2\"> Non \u00e8 consentito uno stoccaggio illimitato<\/td>\n<\/tr>\n<tr class=\"row-4 even\">\n\t<td class=\"column-1\">Crittografia privata<\/td><td class=\"column-2\">  Nessun piano di pagamento mensile<br \/>\n<\/td>\n<\/tr>\n<\/tbody>\n<\/table>\n<!-- #tablepress-438 from cache --><\/strong><\/p>\n<h2 id=\"Carbonite\">Carbonite<\/h2>\n<p>La soluzione di backup online illimitata di Carbonite \u00e8 la pi\u00f9 adatta per gli utenti con esigenze di backup medio-piccole. Perch\u00e9 la sua funzione di backup &#8220;illimitata&#8221; \u00e8 dotata di avvisi. La carbonite \u00e8 molto simile a CrashPlan per quanto riguarda i piani di storage e i prezzi, ma non offre tante opzioni di personalizzazione.<\/p>\n<p>Ad esempio, se si sceglie di eseguire il backup manualmente, non sar\u00e0 possibile sfogliare e caricare un file dall&#8217;applicazione stessa. Andare invece in Esplora risorse, fare clic con il pulsante destro del mouse sul file o sulla cartella che si desidera caricare e selezionare Carbonite.<\/p>\n<p><img loading=\"lazy\" class=\"alignnone size-full wp-image-1787\" src=\"https:\/\/cloudreviews.info\/wp-content\/uploads\/2018\/07\/carbonite.jpg\" alt=\"carbonite\" width=\"1579\" height=\"821\" srcset=\"https:\/\/cloudreviews.info\/wp-content\/uploads\/2018\/07\/carbonite.jpg 1579w, https:\/\/cloudreviews.info\/wp-content\/uploads\/2018\/07\/carbonite-300x156.jpg 300w, https:\/\/cloudreviews.info\/wp-content\/uploads\/2018\/07\/carbonite-768x399.jpg 768w, https:\/\/cloudreviews.info\/wp-content\/uploads\/2018\/07\/carbonite-1024x532.jpg 1024w\" sizes=\"(max-width: 1579px) 100vw, 1579px\" \/><\/p>\n<p>Se il logo Carbonite sulla barra delle applicazioni \u00e8 verde, significa che i file sono stati caricati, giallo significa che i file sono in attesa di essere caricati e bianco con un bordo verde significa che tutti i file sono stati caricati. In generale, questo servizio di backup cloud \u00e8 per le persone che vogliono avere il controllo sui loro backup, che non vogliono perdere tempo a scegliere una miriade di impostazioni esatte.<\/p>\n<h3>Perch\u00e9 ci piace la carbonite:<\/h3>\n<p>La carbonite offre semplicit\u00e0. Non appena viene installato su un sistema, viene avviata la scansione dei file di cui eseguire il backup nell&#8217;unit\u00e0 di sistema. Se si sceglie il backup automatico, verranno caricati tutti i documenti, le foto, la musica e le e-mail salvati sul sistema. Carbonite ha anche un sistema di codifica a colori che consente di conoscere lo stato di un backup senza dover aprire l&#8217;applicazione desktop.<\/p>\n<p><strong>\n<table id=\"tablepress-436\" class=\"tablepress tablepress-id-436\">\n<thead>\n<tr class=\"row-1 odd\">\n\t<th class=\"column-1\">Pros<\/th><th class=\"column-2\">Cons<\/th>\n<\/tr>\n<\/thead>\n<tbody class=\"row-hover\">\n<tr class=\"row-2 even\">\n\t<td class=\"column-1\">Integrazione di Esplora risorse<\/td><td class=\"column-2\">Nessuna condivisione o sincronizzazione di file<\/td>\n<\/tr>\n<tr class=\"row-3 odd\">\n\t<td class=\"column-1\">Crittografia privata<\/td><td class=\"column-2\"> Nessun backup di rete o dell'unit\u00e0 esterna<\/td>\n<\/tr>\n<tr class=\"row-4 even\">\n\t<td class=\"column-1\">Archiviazione file illimitata<\/td><td class=\"column-2\"> Nessun backup video automatico<\/td>\n<\/tr>\n<\/tbody>\n<\/table>\n<!-- #tablepress-436 from cache --><\/strong><\/p>\n<h2 id=\"SOS Online Backup\">SOS Online Backup<\/h2>\n<p>SOS Online Backup \u00e8 uno dei servizi di backup online pi\u00f9 veloci oggi disponibili e offre anche funzionalit\u00e0 decenti. Purtroppo, il servizio clienti \u00e8 lento. Come i nostri quattro servizi precedenti, SOS Online esegue automaticamente la scansione del sistema e consiglia quali cartelle caricare.<\/p>\n<p>Una volta che l&#8217;applicazione ha eseguito la scansione attraverso il suo disco, visualizza ogni categoria di tipo di dati, insieme con la sua dimensione totale e il numero di file. Il caricamento dei file\/cartelle raccomandati verr\u00e0 avviato solo dopo l&#8217;approvazione da parte dell&#8217;utente. Per una maggiore sicurezza, SOS Online offre due livelli di crittografia: UltraSafe e UltraSafe Max.<\/p>\n<p>Anche se entrambi offrono la crittografia privata, ma con UltraSafe Max, nemmeno la password verr\u00e0 inviata ai server. Scegliere questa opzione significa che non sar\u00e0 possibile accedere ai file da applicazioni web o mobili SOS.<\/p>\n<h3>Perch\u00e9 ci piace SOS Online Backup:<\/h3>\n<p>Con una delle migliori applicazioni desktop, SOS mi ha convinto. \u00c8 inoltre possibile eseguire il backup di un massimo di cinque computer diversi, insieme ai backup dell&#8217;unit\u00e0 locale e dei social network.<\/p>\n<p><strong>\n<table id=\"tablepress-439\" class=\"tablepress tablepress-id-439\">\n<thead>\n<tr class=\"row-1 odd\">\n\t<th class=\"column-1\">Pros<\/th><th class=\"column-2\">Cons<\/th>\n<\/tr>\n<\/thead>\n<tbody class=\"row-hover\">\n<tr class=\"row-2 even\">\n\t<td class=\"column-1\">Forte crittografia privata<\/td><td class=\"column-2\"> No Integrazione con Esplora risorse<\/td>\n<\/tr>\n<tr class=\"row-3 odd\">\n\t<td class=\"column-1\">Archiviazione illimitata<\/td><td class=\"column-2\"> Nessuna sincronizzazione o condivisione di file<\/td>\n<\/tr>\n<tr class=\"row-4 even\">\n\t<td class=\"column-1\"> Filtra e carica in base al tipo di file<\/td><td class=\"column-2\">Rimossa l'opzione cloud illimitata<\/td>\n<\/tr>\n<\/tbody>\n<\/table>\n<!-- #tablepress-439 from cache --><\/strong><\/p>\n<h2>In Riassunto<\/h2>\n<p>Windows \u00e8 il sistema operativo pi\u00f9 utilizzato e popolare al mondo, ma anche il pi\u00f9 vulnerabile. Nessuno pu\u00f2 avere la loro torta e mangiare &#8211; a quanto pare. Ecco perch\u00e9 \u00e8 importante mantenere il backup dei dati in un servizio di backup cloud sicuro e facile da usare, all&#8217;interno del budget e con le funzionalit\u00e0 necessarie.<\/p>\n<p>Con i primi cinque servizi di backup cloud di Windows, speriamo che ora sia possibile iniziare a controllare le nostre recensioni, provare alcuni dei servizi attraverso i vostri piani gratuiti o periodi di prova &#8211; prima di prendere una decisione definitiva. Grazie per essere rimasti fino alla fine, e come ricompensa, sentitevi liberi di lasciare un commento qui sotto condividendo i vostri pensieri e le opinioni. Ulteriori informazioni sono disponibili qui: <a href=\"https:\/\/cloudreviews.info\/it\/\">https:\/\/cloudreviews.info\/it\/<\/a>.<\/p>\n","protected":false},"excerpt":{"rendered":"<p>Secondo un rapporto pubblicato da Microsoft nel gennaio 2017, Windows 10 \u00e8 stato installato su oltre 200 milioni di dispositivi. Se sei anche un utente Windows, come me, alla ricerca della giusta soluzione di backup cloud, allora sei nel posto giusto. Microsoft dispone di un proprio servizio di archiviazione cloud, OneDrive, ma \u00e8 un servizio &#8230; <a title=\"Il miglior backup cloud per Windows\" class=\"read-more\" href=\"https:\/\/cloudreviews.info\/it\/il-miglior-backup-cloud-per-windows\/\" aria-label=\"Leggi di pi\u00f9 su Il miglior backup cloud per Windows\">Leggi tutto<\/a><\/p>\n","protected":false},"author":4,"featured_media":0,"parent":0,"menu_order":0,"comment_status":"closed","ping_status":"closed","template":"","meta":[],"yoast_head":"<!-- This site is optimized with the Yoast SEO plugin v18.3 - https:\/\/yoast.com\/wordpress\/plugins\/seo\/ -->\n<title>Il miglior backup cloud per Windows<\/title>\n<meta name=\"description\" content=\"Qual \u00e8 la migliore Backup Cloud per Windows? Abbiamo la risposta. \u2705 Prezzi bassi \u2705 Ottimo storage - Clicca qui ora \u279c\" \/>\n<meta name=\"robots\" content=\"index, follow, max-snippet:-1, max-image-preview:large, max-video-preview:-1\" \/>\n<link rel=\"canonical\" href=\"https:\/\/cloudreviews.info\/it\/il-miglior-backup-cloud-per-windows\/\" \/>\n<meta property=\"og:locale\" content=\"it_IT\" \/>\n<meta property=\"og:type\" content=\"article\" \/>\n<meta property=\"og:title\" content=\"Il miglior backup cloud per Windows\" \/>\n<meta property=\"og:description\" content=\"Qual \u00e8 la migliore Backup Cloud per Windows? Abbiamo la risposta. \u2705 Prezzi bassi \u2705 Ottimo storage - Clicca qui ora \u279c\" \/>\n<meta property=\"og:url\" content=\"https:\/\/cloudreviews.info\/it\/il-miglior-backup-cloud-per-windows\/\" \/>\n<meta property=\"og:site_name\" content=\"Confronta la migliore soluzione di memorizzazione cloud | Migliore VPN | Hosting Web &amp; Altro\" \/>\n<meta property=\"article:modified_time\" content=\"2020-09-05T15:47:50+00:00\" \/>\n<meta property=\"og:image\" content=\"https:\/\/cloudreviews.info\/wp-content\/uploads\/2018\/07\/windows_os.jpg\" \/>\n<meta name=\"twitter:card\" content=\"summary\" \/>\n<meta name=\"twitter:label1\" content=\"Tempo di lettura stimato\" \/>\n\t<meta name=\"twitter:data1\" content=\"7 minuti\" \/>\n<script type=\"application\/ld+json\" class=\"yoast-schema-graph\">{\"@context\":\"https:\/\/schema.org\",\"@graph\":[{\"@type\":\"WebSite\",\"@id\":\"https:\/\/cloudreviews.info\/#website\",\"url\":\"https:\/\/cloudreviews.info\/\",\"name\":\"Confronta la migliore soluzione di memorizzazione cloud | Migliore VPN | Hosting Web &amp; Altro\",\"description\":\"\",\"potentialAction\":[{\"@type\":\"SearchAction\",\"target\":{\"@type\":\"EntryPoint\",\"urlTemplate\":\"https:\/\/cloudreviews.info\/?s={search_term_string}\"},\"query-input\":\"required name=search_term_string\"}],\"inLanguage\":\"it-IT\"},{\"@type\":\"ImageObject\",\"@id\":\"https:\/\/cloudreviews.info\/it\/il-miglior-backup-cloud-per-windows\/#primaryimage\",\"inLanguage\":\"it-IT\",\"url\":\"https:\/\/cloudreviews.info\/wp-content\/uploads\/2018\/07\/windows_os.jpg\",\"contentUrl\":\"https:\/\/cloudreviews.info\/wp-content\/uploads\/2018\/07\/windows_os.jpg\",\"width\":1695,\"height\":635,\"caption\":\"windows_os\"},{\"@type\":\"WebPage\",\"@id\":\"https:\/\/cloudreviews.info\/it\/il-miglior-backup-cloud-per-windows\/#webpage\",\"url\":\"https:\/\/cloudreviews.info\/it\/il-miglior-backup-cloud-per-windows\/\",\"name\":\"Il miglior backup cloud per Windows\",\"isPartOf\":{\"@id\":\"https:\/\/cloudreviews.info\/#website\"},\"primaryImageOfPage\":{\"@id\":\"https:\/\/cloudreviews.info\/it\/il-miglior-backup-cloud-per-windows\/#primaryimage\"},\"datePublished\":\"2020-07-03T19:52:40+00:00\",\"dateModified\":\"2020-09-05T15:47:50+00:00\",\"description\":\"Qual \u00e8 la migliore Backup Cloud per Windows? Abbiamo la risposta. \u2705 Prezzi bassi \u2705 Ottimo storage - Clicca qui ora \u279c\",\"breadcrumb\":{\"@id\":\"https:\/\/cloudreviews.info\/it\/il-miglior-backup-cloud-per-windows\/#breadcrumb\"},\"inLanguage\":\"it-IT\",\"potentialAction\":[{\"@type\":\"ReadAction\",\"target\":[\"https:\/\/cloudreviews.info\/it\/il-miglior-backup-cloud-per-windows\/\"]}]},{\"@type\":\"BreadcrumbList\",\"@id\":\"https:\/\/cloudreviews.info\/it\/il-miglior-backup-cloud-per-windows\/#breadcrumb\",\"itemListElement\":[{\"@type\":\"ListItem\",\"position\":1,\"name\":\"Startseite\",\"item\":\"https:\/\/cloudreviews.info\/it\/\"},{\"@type\":\"ListItem\",\"position\":2,\"name\":\"Il miglior backup cloud per Windows\"}]}]}<\/script>\n<!-- \/ Yoast SEO plugin. -->","yoast_head_json":{"title":"Il miglior backup cloud per Windows","description":"Qual \u00e8 la migliore Backup Cloud per Windows? Abbiamo la risposta. \u2705 Prezzi bassi \u2705 Ottimo storage - Clicca qui ora \u279c","robots":{"index":"index","follow":"follow","max-snippet":"max-snippet:-1","max-image-preview":"max-image-preview:large","max-video-preview":"max-video-preview:-1"},"canonical":"https:\/\/cloudreviews.info\/it\/il-miglior-backup-cloud-per-windows\/","og_locale":"it_IT","og_type":"article","og_title":"Il miglior backup cloud per Windows","og_description":"Qual \u00e8 la migliore Backup Cloud per Windows? Abbiamo la risposta. \u2705 Prezzi bassi \u2705 Ottimo storage - Clicca qui ora \u279c","og_url":"https:\/\/cloudreviews.info\/it\/il-miglior-backup-cloud-per-windows\/","og_site_name":"Confronta la migliore soluzione di memorizzazione cloud | Migliore VPN | Hosting Web &amp; Altro","article_modified_time":"2020-09-05T15:47:50+00:00","og_image":[{"url":"https:\/\/cloudreviews.info\/wp-content\/uploads\/2018\/07\/windows_os.jpg"}],"twitter_card":"summary","twitter_misc":{"Tempo di lettura stimato":"7 minuti"},"schema":{"@context":"https:\/\/schema.org","@graph":[{"@type":"WebSite","@id":"https:\/\/cloudreviews.info\/#website","url":"https:\/\/cloudreviews.info\/","name":"Confronta la migliore soluzione di memorizzazione cloud | Migliore VPN | Hosting Web &amp; Altro","description":"","potentialAction":[{"@type":"SearchAction","target":{"@type":"EntryPoint","urlTemplate":"https:\/\/cloudreviews.info\/?s={search_term_string}"},"query-input":"required name=search_term_string"}],"inLanguage":"it-IT"},{"@type":"ImageObject","@id":"https:\/\/cloudreviews.info\/it\/il-miglior-backup-cloud-per-windows\/#primaryimage","inLanguage":"it-IT","url":"https:\/\/cloudreviews.info\/wp-content\/uploads\/2018\/07\/windows_os.jpg","contentUrl":"https:\/\/cloudreviews.info\/wp-content\/uploads\/2018\/07\/windows_os.jpg","width":1695,"height":635,"caption":"windows_os"},{"@type":"WebPage","@id":"https:\/\/cloudreviews.info\/it\/il-miglior-backup-cloud-per-windows\/#webpage","url":"https:\/\/cloudreviews.info\/it\/il-miglior-backup-cloud-per-windows\/","name":"Il miglior backup cloud per Windows","isPartOf":{"@id":"https:\/\/cloudreviews.info\/#website"},"primaryImageOfPage":{"@id":"https:\/\/cloudreviews.info\/it\/il-miglior-backup-cloud-per-windows\/#primaryimage"},"datePublished":"2020-07-03T19:52:40+00:00","dateModified":"2020-09-05T15:47:50+00:00","description":"Qual \u00e8 la migliore Backup Cloud per Windows? Abbiamo la risposta. \u2705 Prezzi bassi \u2705 Ottimo storage - Clicca qui ora \u279c","breadcrumb":{"@id":"https:\/\/cloudreviews.info\/it\/il-miglior-backup-cloud-per-windows\/#breadcrumb"},"inLanguage":"it-IT","potentialAction":[{"@type":"ReadAction","target":["https:\/\/cloudreviews.info\/it\/il-miglior-backup-cloud-per-windows\/"]}]},{"@type":"BreadcrumbList","@id":"https:\/\/cloudreviews.info\/it\/il-miglior-backup-cloud-per-windows\/#breadcrumb","itemListElement":[{"@type":"ListItem","position":1,"name":"Startseite","item":"https:\/\/cloudreviews.info\/it\/"},{"@type":"ListItem","position":2,"name":"Il miglior backup cloud per Windows"}]}]}},"_links":{"self":[{"href":"https:\/\/cloudreviews.info\/it\/wp-json\/wp\/v2\/pages\/1827\/"}],"collection":[{"href":"https:\/\/cloudreviews.info\/it\/wp-json\/wp\/v2\/pages\/"}],"about":[{"href":"https:\/\/cloudreviews.info\/it\/wp-json\/wp\/v2\/types\/page\/"}],"author":[{"embeddable":true,"href":"https:\/\/cloudreviews.info\/it\/wp-json\/wp\/v2\/users\/4\/"}],"replies":[{"embeddable":true,"href":"https:\/\/cloudreviews.info\/it\/wp-json\/wp\/v2\/comments\/?post=1827"}],"version-history":[{"count":8,"href":"https:\/\/cloudreviews.info\/it\/wp-json\/wp\/v2\/pages\/1827\/revisions\/"}],"predecessor-version":[{"id":5271,"href":"https:\/\/cloudreviews.info\/it\/wp-json\/wp\/v2\/pages\/1827\/revisions\/5271\/"}],"wp:attachment":[{"href":"https:\/\/cloudreviews.info\/it\/wp-json\/wp\/v2\/media\/?parent=1827"}],"curies":[{"name":"wp","href":"https:\/\/api.w.org\/{rel}","templated":true}]}}