{"id":1872,"date":"2020-07-03T19:19:51","date_gmt":"2020-07-03T18:19:51","guid":{"rendered":"https:\/\/cloudreviews.info\/?page_id=1872"},"modified":"2020-09-15T17:22:29","modified_gmt":"2020-09-15T16:22:29","slug":"i-migliori-servizi-cloud-online-per-il-backup-illimitato","status":"publish","type":"page","link":"https:\/\/cloudreviews.info\/it\/i-migliori-servizi-cloud-online-per-il-backup-illimitato\/","title":{"rendered":"I migliori servizi cloud online per il backup illimitato"},"content":{"rendered":"<p>Mentre il backup online illimitato pu\u00f2 sembrare una promessa troppo buona per essere vera, Backblaze e CrashPlan sono usciti primi oggi, rendendo questa promessa una realt\u00e0. Tuttavia, ognuno dei nostri tre contendenti rimanenti ha caratteristiche uniche da offrire, oltre a un supporto illimitato.<\/p>\n<a class=\"maxbutton-23 maxbutton maxbutton-cta-backblaze-it\" target=\"_blank\" rel=\"nofollow noopener\" href=\"\/backblaze\/go\/\"><span class='mb-text'>\ud83e\udc46\ud83e\udc46 Vai a Backblaze! \ud83e\udc44\ud83e\udc44<\/span><\/a>\n<p><img loading=\"lazy\" class=\"alignnone wp-image-1870 size-full\" src=\"https:\/\/cloudreviews.info\/wp-content\/uploads\/2018\/07\/cloud-back-up.jpg\" alt=\"cloud back up\" width=\"1280\" height=\"720\" srcset=\"https:\/\/cloudreviews.info\/wp-content\/uploads\/2018\/07\/cloud-back-up.jpg 1280w, https:\/\/cloudreviews.info\/wp-content\/uploads\/2018\/07\/cloud-back-up-300x169.jpg 300w, https:\/\/cloudreviews.info\/wp-content\/uploads\/2018\/07\/cloud-back-up-768x432.jpg 768w, https:\/\/cloudreviews.info\/wp-content\/uploads\/2018\/07\/cloud-back-up-1024x576.jpg 1024w\" sizes=\"(max-width: 1280px) 100vw, 1280px\" \/><\/p>\n<p>Unitevi a noi per scoprire i migliori servizi di backup illimitato del 2018. Il backup online illimitato suona come un sogno impossibile, ma non lo \u00e8. Con l&#8217;espansione della capacit\u00e0 di storage e della scalabilit\u00e0 dei data center e l&#8217;avvento della tecnologia ibrida cloud di dati di grandi dimensioni, molte aziende sono ora in grado di offrire backup reali e illimitati a basso costo.<\/p>\n<h2>Che cos&#8217;\u00e8 il backup cloud illimitato?<\/h2>\n<p>Il backup cloud illimitato significa che un utente pu\u00f2 eseguire il backup di tutti i dati desiderati senza perdere spazio. Si tratta di un&#8217;ottima soluzione per le persone con pi\u00f9 di un terabyte di dati che hanno bisogno di avere una seconda copia non distruttibile in giro, o per le persone che si occupano regolarmente di file di grandi dimensioni. Purtroppo, molti utenti si sono resi conto che non tutti i servizi cloud offrono un backup veramente illimitato, anche se affermano di farlo.<\/p>\n<p>Siamo qui per riassumere ed eseguire il drill down sui servizi di backup cloud che non limitano la quantit\u00e0 di spazio che si utilizza per eseguire il backup dei file, n\u00e9 strangolano la larghezza di banda. Abbiamo anche cercato sul web i servizi con le caratteristiche di cui sopra, oltre a buoni prezzi, caratteristiche aggiuntive e tutta la sicurezza che possono fornire. Mentre la maggior parte dei servizi di backup online fornisce copertura per computer e dispositivi mobili, sullo stesso account, spesso limitano ci\u00f2 che pu\u00f2 essere addebitato.<\/p>\n<p>Creare la difficile situazione di dover scegliere ci\u00f2 che \u00e8 oggetto di backup e ci\u00f2 che non lo \u00e8. Le aziende di backup spesso utilizzano molti modi per limitare i propri clienti, come la riduzione della larghezza di banda, grandi pool di dati e backup lenti. Ricordate, non \u00e8 vero che il backup \u00e8 illimitato se c&#8217;\u00e8 un limite alla quantit\u00e0 di dati che possono essere memorizzati in una posizione, anche se il limite superiore \u00e8 di diversi terabyte.<\/p>\n<p>A nessuno piace essere alla merc\u00e9 della propria elettronica, e avere un piano di backup per il proprio laptop o smartphone quando inevitabilmente si blocca, non \u00e8 un&#8217;idea che si dovrebbe ignorare leggermente. Perch\u00e9, perch\u00e9? Beh, uno dei vantaggi principali dei backup online illimitati \u00e8 la possibilit\u00e0 di accedere ai dati da qualsiasi luogo e in qualsiasi momento, anche quando il dispositivo del personal computer non \u00e8 disponibile per l&#8217;attivit\u00e0 (per qualsiasi motivo).<\/p>\n<a class=\"maxbutton-23 maxbutton maxbutton-cta-backblaze-it\" target=\"_blank\" rel=\"nofollow noopener\" href=\"\/backblaze\/go\/\"><span class='mb-text'>\ud83e\udc46\ud83e\udc46 Vai a Backblaze! \ud83e\udc44\ud83e\udc44<\/span><\/a>\n<h2>I migliori servizi cloud online per il backup illimitato 2020<\/h2>\n<p>Molte persone che sono nuove al backup online cadono preda della follia dell&#8217;impazienza durante la fase iniziale del backup (da qui la citazione biblica). Indipendentemente dalla velocit\u00e0 o dal numero illimitato di fornitori di backup online, il primo backup richiede sempre molto tempo. Poich\u00e9 di solito il software di backup esegue la scansione di un intero disco rigido e quindi carica tutto singolarmente la prima volta, un backup iniziale pu\u00f2 richiedere da giorni a settimane, a seconda della quantit\u00e0 di dati disponibili.<\/p>\n<p>Una volta completato il backup iniziale, i backup incrementali prendono in considerazione solo i nuovi file, per cui il processo di solito richiede meno di pochi minuti. La buona notizia in entrambi i casi \u00e8 che il software che carica i file in rete di solito funziona in background, in modo da essere liberi di continuare a utilizzare il computer portatile come al solito, mentre il software lo fa in silenzio.<\/p>\n<p>Prima di immergerci nell&#8217;articolo, spieghiamo come \u00e8 configurato. Quello che stiamo fornendo qui \u00e8 una piccola ripartizione di ogni servizio, una sintesi del perch\u00e9 ci \u00e8 piaciuto, e un elenco di pro e contro. Per ottenere una panoramica completa e dettagliata del servizio in questione, si consiglia vivamente di fare clic sul pulsante &#8220;Leggi recensione&#8221; sotto ogni sommario. Ora che sai come funziona l&#8217;articolo, proseguiamo con lo spettacolo!<\/p>\n<a class=\"maxbutton-23 maxbutton maxbutton-cta-backblaze-it\" target=\"_blank\" rel=\"nofollow noopener\" href=\"\/backblaze\/go\/\"><span class='mb-text'>\ud83e\udc46\ud83e\udc46 Vai a Backblaze! \ud83e\udc44\ud83e\udc44<\/span><\/a>\n<h2>Backblaze<\/h2>\n<p>Backblaze \u00e8 in cima alla nostra lista perch\u00e9 offre solo la migliore serie di servizi, ai prezzi pi\u00f9 economici, e ha anche ottime caratteristiche di privacy per avviare. Backblaze offre spazio di backup illimitato, insieme a velocit\u00e0 di caricamento e dimensioni dei file illimitate, il tutto per cinque dollari al mese. Il servizio \u00e8 ideale per gli utenti che sono nuovi al mondo del backup online e hanno una tonnellata di dati sul loro PC, tablet o smartphone. Cependant, chacun de nos trois autres concurrents a des caract\u00e9ristiques uniques \u00e0 offrir, ainsi qu&#8217;un support illimit\u00e9.<\/p>\n<a class=\"maxbutton-24 maxbutton maxbutton-cta-backblaze-fr\" target=\"_blank\" rel=\"nofollow noopener\" href=\"\/backblaze\/go\/\"><span class='mb-text'>\ud83e\udc46\ud83e\udc46 Aller \u00e0 Backblaze maintenant! \ud83e\udc44\ud83e\udc44<\/span><\/a>\n<p><a href=\"https:\/\/cloudreviews.info\/backblaze\/go\/\" rel=\"nofollow\"><img loading=\"lazy\" class=\"alignnone wp-image-1664 size-full\" src=\"https:\/\/cloudreviews.info\/wp-content\/uploads\/2018\/07\/backblaze-image-back-up-service.jpg\" alt=\"backblaze back up service\" width=\"1522\" height=\"610\" srcset=\"https:\/\/cloudreviews.info\/wp-content\/uploads\/2018\/07\/backblaze-image-back-up-service.jpg 1522w, https:\/\/cloudreviews.info\/wp-content\/uploads\/2018\/07\/backblaze-image-back-up-service-300x120.jpg 300w, https:\/\/cloudreviews.info\/wp-content\/uploads\/2018\/07\/backblaze-image-back-up-service-768x308.jpg 768w, https:\/\/cloudreviews.info\/wp-content\/uploads\/2018\/07\/backblaze-image-back-up-service-1024x410.jpg 1024w\" sizes=\"(max-width: 1522px) 100vw, 1522px\" \/><\/a><\/p>\n<p>Il software Backblaze \u00e8 un vero e proprio gioco, in quanto esegue automaticamente la scansione di un disco rigido e avvia il backup dei file trovati. Naturalmente, gli utenti possono scegliere di regolare la larghezza di banda per soddisfare le loro esigenze di utilizzo personale, o per evitare di superare i limiti dei dati dei loro ISP. Mentre Backblaze offre spazio sufficiente per archiviare tutto sul vostro computer portatile e dispositivi mobili, gli utenti possono selezionare i file da escludere dal processo di backup.<\/p>\n<p>In caso di cancellazione accidentale di qualcosa, una copia dei dati rimane disponibile per il ripristino per un massimo di 30 giorni. Parlando di restauro, Backblaze offre diversi modi per ripristinare i file. \u00c8 possibile scaricarli direttamente dall&#8217;applicazione Web. Il che fa scattare il download di un file zip sul tuo desktop; naturalmente, \u00e8 gratuito.<\/p>\n<h3>Perch\u00e9 ci piace Backblaze:<\/h3>\n<p>Senza limiti di dimensione, velocit\u00e0 di caricamento e un account illimitato, Backblaze \u00e8 perfetto per coloro che vogliono eseguire il backup di tutto ci\u00f2 che si trova sul proprio computer. Questo servizio ha caratteristiche che altri non hanno, come ad esempio pi\u00f9 modi per ripristinare i file e la possibilit\u00e0 di individuare un PC perduto. Gli utenti possono ordinare un&#8217;unit\u00e0 flash USB o un disco rigido esterno a pagamento.<\/p>\n<p>La chiavetta USB costa $99, mentre il disco rigido da quattro terabyte costa $189. Ancora pi\u00f9 freddo, \u00e8 possibile mantenere il disco rigido per sempre. L&#8217;azienda invier\u00e0 inoltre un&#8217;unit\u00e0 USB da 4 TB agli utenti che non desiderano scaricare i dati di backup.<\/p>\n\n<table id=\"tablepress-451\" class=\"tablepress tablepress-id-451\">\n<thead>\n<tr class=\"row-1 odd\">\n\t<th class=\"column-1\">Pros<\/th><th class=\"column-2\">Cons<\/th>\n<\/tr>\n<\/thead>\n<tbody class=\"row-hover\">\n<tr class=\"row-2 even\">\n\t<td class=\"column-1\">Trova un computer perso<\/td><td class=\"column-2\">Metodi di ripristino multipli costano di pi\u00f9<\/td>\n<\/tr>\n<tr class=\"row-3 odd\">\n\t<td class=\"column-1\">30 giorni di recupero file cancellati <\/td><td class=\"column-2\">Mancanza di funzionalit\u00e0 di condivisione dei file<\/td>\n<\/tr>\n<tr class=\"row-4 even\">\n\t<td class=\"column-1\">Autenticazione a due fattori<\/td><td class=\"column-2\">Ripristino lento tramite web app<\/td>\n<\/tr>\n<\/tbody>\n<\/table>\n<!-- #tablepress-451 from cache -->\n<h2 id=\"Carbonite\">Carbonite<\/h2>\n<p>Carbonite offre agli utenti la libert\u00e0 di pianificare e delegare i backup a un sistema con timer automatico. \u00c8 inoltre disponibile una memoria illimitata per un singolo PC e chiavi di crittografia. La carbonite \u00e8 progettata per essere utilizzata da una persona normale, che \u00e8 nuova ai backup online e non dispone di molti dati. Il servizio offre un software facile da navigare e opzioni intuitive. I consumatori possono impostare una pianificazione di backup, quindi sedersi e godersi i file automaticamente memorizzati fuori sede.<\/p>\n<p><img loading=\"lazy\" class=\"alignnone size-full wp-image-1787\" src=\"https:\/\/cloudreviews.info\/wp-content\/uploads\/2018\/07\/carbonite.jpg\" alt=\"carbonite\" width=\"1579\" height=\"821\" srcset=\"https:\/\/cloudreviews.info\/wp-content\/uploads\/2018\/07\/carbonite.jpg 1579w, https:\/\/cloudreviews.info\/wp-content\/uploads\/2018\/07\/carbonite-300x156.jpg 300w, https:\/\/cloudreviews.info\/wp-content\/uploads\/2018\/07\/carbonite-768x399.jpg 768w, https:\/\/cloudreviews.info\/wp-content\/uploads\/2018\/07\/carbonite-1024x532.jpg 1024w\" sizes=\"(max-width: 1579px) 100vw, 1579px\" \/><\/p>\n<p>La cosa migliore di Carbonite \u00e8 la sua personalizzazione. Anche se sei un principiante, impostare un tempo per l&#8217;esecuzione del programma e selezionare una cartella specifica o file di cui eseguire il backup \u00e8 facile. Se non si \u00e8 sicuri di quali file siano necessari, \u00e8 sufficiente lasciare che il software effettui il backup dell&#8217;intero disco rigido. La carbonite ha uno stoccaggio illimitato e non limita i tipi di file.<\/p>\n<p>La carbonite \u00e8 un&#8217;opzione eccellente, ma il suo servizio presenta alcuni svantaggi che vale la pena notare. Innanzitutto, il backup iniziale di un intero sistema pu\u00f2 richiedere giorni o addirittura settimane se la pianificazione non consente di eseguire backup continui. Inoltre, i file video non vengono copiati automaticamente, ma devono essere caricati manualmente. La stessa restrizione si applica ai file di dimensioni superiori a 4 GB e gli utenti del piano di base non possono salvare dischi rigidi esterni.<\/p>\n<h3>Perch\u00e9 ci piace la carbonite:<\/h3>\n<p>Ci \u00e8 piaciuta la facilit\u00e0 d&#8217;uso e la libert\u00e0 che si ottiene con la carbonite. La maggior parte dei fornitori di servizi consente di impostare una pianificazione per il backup, ma spesso non sono molto intuitivi e possono creare confusione per i nuovi utenti. La carbonite \u00e8 facile da installare e offre la libert\u00e0 di eseguire il backup di tutti o solo di alcuni file specifici.<\/p>\n<p>Gli utenti esperti possono scegliere di utilizzare le chiavi di crittografia personali per una maggiore sicurezza. Naturalmente, la chiave non viene conservata dalla carbonite. Quindi, se \u00e8 mai perso o dimenticato, non c&#8217;\u00e8 modo di farlo tornare indietro.<\/p>\n\n<table id=\"tablepress-452\" class=\"tablepress tablepress-id-452\">\n<thead>\n<tr class=\"row-1 odd\">\n\t<th class=\"column-1\">Pros<\/th><th class=\"column-2\">Cons<\/th>\n<\/tr>\n<\/thead>\n<tbody class=\"row-hover\">\n<tr class=\"row-2 even\">\n\t<td class=\"column-1\"> Chiavi di crittografia personalizzate<\/td><td class=\"column-2\">Nessuna funzione di collaborazione<\/td>\n<\/tr>\n<tr class=\"row-3 odd\">\n\t<td class=\"column-1\">Pianificatore del backup <\/td><td class=\"column-2\"> Nessun supporto telefonico<\/td>\n<\/tr>\n<tr class=\"row-4 even\">\n\t<td class=\"column-1\"> Versione file<\/td><td class=\"column-2\">Nessuna funzione di condivisione<\/td>\n<\/tr>\n<\/tbody>\n<\/table>\n<!-- #tablepress-452 from cache -->\n<h2 id=\"Livedrive\">Livedrive<\/h2>\n<p>Considerato costoso e mal progettato, Livedrive \u00e8 un servizio che l&#8217;utente dovrebbe scegliere solo per la sua particolare serie di opzioni, in quanto \u00e8 dotato di molte caratteristiche aggiuntive e uniche. Livedrive \u00e8 il tipo di servizio che potrebbe essere necessario in determinate circostanze, in quanto \u00e8 dotato di funzioni esclusive che non sono disponibili nella maggior parte degli altri servizi di backup cloud illimitati.<\/p>\n<p>In effetti, il set di funzionalit\u00e0 del servizio pu\u00f2 risultare interessante per gli sviluppatori o gli utenti che hanno bisogno di utilizzare i backup FTP, WebDAV e NAS. Il piano Pro Suite include la condivisione dei file, la sincronizzazione multi-dispositivo e lo storage in-the-cloud.<\/p>\n<p>Tuttavia, per ottenere tutto questo, gli utenti devono supportare prezzi nascosti, software per desktop terribili (che non integra le loro opzioni in una singola finestra) e applicazioni per smartphone maldestri. Livedrive fornisce utili funzionalit\u00e0 attraverso il periscopio di una terribile esperienza utente, a prezzi elevati, bloccato a difficile da annullare i piani.<\/p>\n<h3>Perch\u00e9 Livedrive ci piace:<\/h3>\n<p>Livedrive non \u00e8 un software di backup facile da usare per i principianti, ma \u00e8 abbastanza facile da usare per gli utenti esperti.<\/p>\n<p>L&#8217;interfaccia fornisce agli utenti una stima in tempo reale del tempo necessario per eseguire il backup, una caratteristica che apprezziamo molto. Mostra inoltre agli utenti la velocit\u00e0 precisa e l&#8217;utilizzo della larghezza di banda attraverso gli indicatori sullo schermo.<\/p>\n\n<table id=\"tablepress-453\" class=\"tablepress tablepress-id-453\">\n<thead>\n<tr class=\"row-1 odd\">\n\t<th class=\"column-1\"><center>Pros<\/center><\/th><th class=\"column-2\"><center>Cons<\/center><\/th>\n<\/tr>\n<\/thead>\n<tbody class=\"row-hover\">\n<tr class=\"row-2 even\">\n\t<td class=\"column-1\"><center>Condivisione di file decente<\/center><\/td><td class=\"column-2\"><center>Cattiva esperienza utente<\/center><\/td>\n<\/tr>\n<tr class=\"row-3 odd\">\n\t<td class=\"column-1\"><center>Accesso FTP\/WebDAV<\/center><\/td><td class=\"column-2\"><center>Prezzi nascosti<\/center><\/td>\n<\/tr>\n<tr class=\"row-4 even\">\n\t<td class=\"column-1\"><center>Backup del sistema totale<\/center><\/td><td class=\"column-2\"><center>Software di ripristino extra<\/center><\/td>\n<\/tr>\n<\/tbody>\n<\/table>\n<!-- #tablepress-453 from cache -->\n<h2>Conclusione<\/h2>\n<p>Per soldi, non si pu\u00f2 sbagliare con Backblaze o Carbonite, entrambi i quali hanno caratteristiche che la maggior parte dei consumatori utilizzano regolarmente. Sono anche sicuri e progettati per offrire al cliente un&#8217;esperienza eccezionale. Tuttavia, per caratteristiche che vanno oltre quelle fornite dalle nostre due migliori squadre, si consiglia vivamente che gli altri contendenti essere indagato a fondo.<\/p>\n<p>Soprattutto Livedrive, dal momento che quel servizio \u00e8 una spada a doppio taglio. Approfittate dei piani gratuiti e dei periodi di prova offerti da ogni fornitore di backup illimitato, provateli in base alle vostre esigenze personali prima di decidere quale scegliere. Grazie per la lettura, e per favore non dimenticate di farci sapere i vostri pensieri nella sezione commenti qui sotto! Ulteriori informazioni sono disponibili qui: <a href=\"https:\/\/cloudreviews.info\/it\/\">https:\/\/cloudreviews.info\/it\/<\/a>.<\/p>\n","protected":false},"excerpt":{"rendered":"<p>Mentre il backup online illimitato pu\u00f2 sembrare una promessa troppo buona per essere vera, Backblaze e CrashPlan sono usciti primi oggi, rendendo questa promessa una realt\u00e0. Tuttavia, ognuno dei nostri tre contendenti rimanenti ha caratteristiche uniche da offrire, oltre a un supporto illimitato. Unitevi a noi per scoprire i migliori servizi di backup illimitato del &#8230; <a title=\"I migliori servizi cloud online per il backup illimitato\" class=\"read-more\" href=\"https:\/\/cloudreviews.info\/it\/i-migliori-servizi-cloud-online-per-il-backup-illimitato\/\" aria-label=\"Leggi di pi\u00f9 su I migliori servizi cloud online per il backup illimitato\">Leggi tutto<\/a><\/p>\n","protected":false},"author":4,"featured_media":0,"parent":0,"menu_order":0,"comment_status":"closed","ping_status":"closed","template":"","meta":[],"yoast_head":"<!-- This site is optimized with the Yoast SEO plugin v18.3 - https:\/\/yoast.com\/wordpress\/plugins\/seo\/ -->\n<title>I migliori servizi cloud online per il backup illimitato<\/title>\n<meta name=\"description\" content=\"Questo \u00e8 il miglior servizio online basato sul cloud con backup illimitato. \u2705 Servizi Premium \u2705 Prezzi bassi \u2705 Per saperne di pi\u00f9 e iscriversi \u2794\" \/>\n<meta name=\"robots\" content=\"index, follow, max-snippet:-1, max-image-preview:large, max-video-preview:-1\" \/>\n<link rel=\"canonical\" href=\"https:\/\/cloudreviews.info\/it\/i-migliori-servizi-cloud-online-per-il-backup-illimitato\/\" \/>\n<meta property=\"og:locale\" content=\"it_IT\" \/>\n<meta property=\"og:type\" content=\"article\" \/>\n<meta property=\"og:title\" content=\"I migliori servizi cloud online per il backup illimitato\" \/>\n<meta property=\"og:description\" content=\"Questo \u00e8 il miglior servizio online basato sul cloud con backup illimitato. \u2705 Servizi Premium \u2705 Prezzi bassi \u2705 Per saperne di pi\u00f9 e iscriversi \u2794\" \/>\n<meta property=\"og:url\" content=\"https:\/\/cloudreviews.info\/it\/i-migliori-servizi-cloud-online-per-il-backup-illimitato\/\" \/>\n<meta property=\"og:site_name\" content=\"Confronta la migliore soluzione di memorizzazione cloud | Migliore VPN | Hosting Web &amp; Altro\" \/>\n<meta property=\"article:modified_time\" content=\"2020-09-15T16:22:29+00:00\" \/>\n<meta property=\"og:image\" content=\"https:\/\/cloudreviews.info\/wp-content\/uploads\/2018\/07\/cloud-back-up.jpg\" \/>\n<meta name=\"twitter:card\" content=\"summary\" \/>\n<meta name=\"twitter:label1\" content=\"Tempo di lettura stimato\" \/>\n\t<meta name=\"twitter:data1\" content=\"8 minuti\" \/>\n<script type=\"application\/ld+json\" class=\"yoast-schema-graph\">{\"@context\":\"https:\/\/schema.org\",\"@graph\":[{\"@type\":\"WebSite\",\"@id\":\"https:\/\/cloudreviews.info\/#website\",\"url\":\"https:\/\/cloudreviews.info\/\",\"name\":\"Confronta la migliore soluzione di memorizzazione cloud | Migliore VPN | Hosting Web &amp; Altro\",\"description\":\"\",\"potentialAction\":[{\"@type\":\"SearchAction\",\"target\":{\"@type\":\"EntryPoint\",\"urlTemplate\":\"https:\/\/cloudreviews.info\/?s={search_term_string}\"},\"query-input\":\"required name=search_term_string\"}],\"inLanguage\":\"it-IT\"},{\"@type\":\"ImageObject\",\"@id\":\"https:\/\/cloudreviews.info\/it\/i-migliori-servizi-cloud-online-per-il-backup-illimitato\/#primaryimage\",\"inLanguage\":\"it-IT\",\"url\":\"https:\/\/cloudreviews.info\/wp-content\/uploads\/2018\/07\/cloud-back-up.jpg\",\"contentUrl\":\"https:\/\/cloudreviews.info\/wp-content\/uploads\/2018\/07\/cloud-back-up.jpg\",\"width\":1280,\"height\":720},{\"@type\":\"WebPage\",\"@id\":\"https:\/\/cloudreviews.info\/it\/i-migliori-servizi-cloud-online-per-il-backup-illimitato\/#webpage\",\"url\":\"https:\/\/cloudreviews.info\/it\/i-migliori-servizi-cloud-online-per-il-backup-illimitato\/\",\"name\":\"I migliori servizi cloud online per il backup illimitato\",\"isPartOf\":{\"@id\":\"https:\/\/cloudreviews.info\/#website\"},\"primaryImageOfPage\":{\"@id\":\"https:\/\/cloudreviews.info\/it\/i-migliori-servizi-cloud-online-per-il-backup-illimitato\/#primaryimage\"},\"datePublished\":\"2020-07-03T18:19:51+00:00\",\"dateModified\":\"2020-09-15T16:22:29+00:00\",\"description\":\"Questo \u00e8 il miglior servizio online basato sul cloud con backup illimitato. \u2705 Servizi Premium \u2705 Prezzi bassi \u2705 Per saperne di pi\u00f9 e iscriversi \u2794\",\"breadcrumb\":{\"@id\":\"https:\/\/cloudreviews.info\/it\/i-migliori-servizi-cloud-online-per-il-backup-illimitato\/#breadcrumb\"},\"inLanguage\":\"it-IT\",\"potentialAction\":[{\"@type\":\"ReadAction\",\"target\":[\"https:\/\/cloudreviews.info\/it\/i-migliori-servizi-cloud-online-per-il-backup-illimitato\/\"]}]},{\"@type\":\"BreadcrumbList\",\"@id\":\"https:\/\/cloudreviews.info\/it\/i-migliori-servizi-cloud-online-per-il-backup-illimitato\/#breadcrumb\",\"itemListElement\":[{\"@type\":\"ListItem\",\"position\":1,\"name\":\"Startseite\",\"item\":\"https:\/\/cloudreviews.info\/it\/\"},{\"@type\":\"ListItem\",\"position\":2,\"name\":\"I migliori servizi cloud online per il backup illimitato\"}]}]}<\/script>\n<!-- \/ Yoast SEO plugin. -->","yoast_head_json":{"title":"I migliori servizi cloud online per il backup illimitato","description":"Questo \u00e8 il miglior servizio online basato sul cloud con backup illimitato. \u2705 Servizi Premium \u2705 Prezzi bassi \u2705 Per saperne di pi\u00f9 e iscriversi \u2794","robots":{"index":"index","follow":"follow","max-snippet":"max-snippet:-1","max-image-preview":"max-image-preview:large","max-video-preview":"max-video-preview:-1"},"canonical":"https:\/\/cloudreviews.info\/it\/i-migliori-servizi-cloud-online-per-il-backup-illimitato\/","og_locale":"it_IT","og_type":"article","og_title":"I migliori servizi cloud online per il backup illimitato","og_description":"Questo \u00e8 il miglior servizio online basato sul cloud con backup illimitato. \u2705 Servizi Premium \u2705 Prezzi bassi \u2705 Per saperne di pi\u00f9 e iscriversi \u2794","og_url":"https:\/\/cloudreviews.info\/it\/i-migliori-servizi-cloud-online-per-il-backup-illimitato\/","og_site_name":"Confronta la migliore soluzione di memorizzazione cloud | Migliore VPN | Hosting Web &amp; Altro","article_modified_time":"2020-09-15T16:22:29+00:00","og_image":[{"url":"https:\/\/cloudreviews.info\/wp-content\/uploads\/2018\/07\/cloud-back-up.jpg"}],"twitter_card":"summary","twitter_misc":{"Tempo di lettura stimato":"8 minuti"},"schema":{"@context":"https:\/\/schema.org","@graph":[{"@type":"WebSite","@id":"https:\/\/cloudreviews.info\/#website","url":"https:\/\/cloudreviews.info\/","name":"Confronta la migliore soluzione di memorizzazione cloud | Migliore VPN | Hosting Web &amp; Altro","description":"","potentialAction":[{"@type":"SearchAction","target":{"@type":"EntryPoint","urlTemplate":"https:\/\/cloudreviews.info\/?s={search_term_string}"},"query-input":"required name=search_term_string"}],"inLanguage":"it-IT"},{"@type":"ImageObject","@id":"https:\/\/cloudreviews.info\/it\/i-migliori-servizi-cloud-online-per-il-backup-illimitato\/#primaryimage","inLanguage":"it-IT","url":"https:\/\/cloudreviews.info\/wp-content\/uploads\/2018\/07\/cloud-back-up.jpg","contentUrl":"https:\/\/cloudreviews.info\/wp-content\/uploads\/2018\/07\/cloud-back-up.jpg","width":1280,"height":720},{"@type":"WebPage","@id":"https:\/\/cloudreviews.info\/it\/i-migliori-servizi-cloud-online-per-il-backup-illimitato\/#webpage","url":"https:\/\/cloudreviews.info\/it\/i-migliori-servizi-cloud-online-per-il-backup-illimitato\/","name":"I migliori servizi cloud online per il backup illimitato","isPartOf":{"@id":"https:\/\/cloudreviews.info\/#website"},"primaryImageOfPage":{"@id":"https:\/\/cloudreviews.info\/it\/i-migliori-servizi-cloud-online-per-il-backup-illimitato\/#primaryimage"},"datePublished":"2020-07-03T18:19:51+00:00","dateModified":"2020-09-15T16:22:29+00:00","description":"Questo \u00e8 il miglior servizio online basato sul cloud con backup illimitato. \u2705 Servizi Premium \u2705 Prezzi bassi \u2705 Per saperne di pi\u00f9 e iscriversi \u2794","breadcrumb":{"@id":"https:\/\/cloudreviews.info\/it\/i-migliori-servizi-cloud-online-per-il-backup-illimitato\/#breadcrumb"},"inLanguage":"it-IT","potentialAction":[{"@type":"ReadAction","target":["https:\/\/cloudreviews.info\/it\/i-migliori-servizi-cloud-online-per-il-backup-illimitato\/"]}]},{"@type":"BreadcrumbList","@id":"https:\/\/cloudreviews.info\/it\/i-migliori-servizi-cloud-online-per-il-backup-illimitato\/#breadcrumb","itemListElement":[{"@type":"ListItem","position":1,"name":"Startseite","item":"https:\/\/cloudreviews.info\/it\/"},{"@type":"ListItem","position":2,"name":"I migliori servizi cloud online per il backup illimitato"}]}]}},"_links":{"self":[{"href":"https:\/\/cloudreviews.info\/it\/wp-json\/wp\/v2\/pages\/1872\/"}],"collection":[{"href":"https:\/\/cloudreviews.info\/it\/wp-json\/wp\/v2\/pages\/"}],"about":[{"href":"https:\/\/cloudreviews.info\/it\/wp-json\/wp\/v2\/types\/page\/"}],"author":[{"embeddable":true,"href":"https:\/\/cloudreviews.info\/it\/wp-json\/wp\/v2\/users\/4\/"}],"replies":[{"embeddable":true,"href":"https:\/\/cloudreviews.info\/it\/wp-json\/wp\/v2\/comments\/?post=1872"}],"version-history":[{"count":6,"href":"https:\/\/cloudreviews.info\/it\/wp-json\/wp\/v2\/pages\/1872\/revisions\/"}],"predecessor-version":[{"id":5300,"href":"https:\/\/cloudreviews.info\/it\/wp-json\/wp\/v2\/pages\/1872\/revisions\/5300\/"}],"wp:attachment":[{"href":"https:\/\/cloudreviews.info\/it\/wp-json\/wp\/v2\/media\/?parent=1872"}],"curies":[{"name":"wp","href":"https:\/\/api.w.org\/{rel}","templated":true}]}}