{"id":1964,"date":"2018-07-30T14:18:55","date_gmt":"2018-07-30T13:18:55","guid":{"rendered":"https:\/\/cloudreviews.info\/?page_id=1964"},"modified":"2018-07-30T14:19:51","modified_gmt":"2018-07-30T13:19:51","slug":"computermuseum","status":"publish","type":"page","link":"https:\/\/cloudreviews.info\/it\/computermuseum\/","title":{"rendered":"Computermuseum.li se convierte en Cloudreviews.info"},"content":{"rendered":"<p>El sitio web computermuseum.li se ha movido y estar\u00e1 disponible en cloudreviews.info en el futuro.<\/p>\n<p>Cloudreviews.info es un portal que comprueba y compara a fondo diferentes proveedores de servicios cloud.<\/p>\n<p>Puede encontrar m\u00e1s informaci\u00f3n aqu\u00ed: <a href=\"https:\/\/cloudreviews.info\/\">cloudreviews.info<\/a><\/p>\n<p>&#8212;&#8212;&#8212;-<\/p>\n<p>Il sito computermuseum.li \u00e8 stato spostato e sar\u00e0 disponibile su cloudreviews.info in futuro.<\/p>\n<p>Cloudreviews.info \u00e8 un portale che controlla e confronta in modo approfondito i diversi fornitori di servizi cloud.<\/p>\n<p>Maggiori informazioni possono essere trovate qui:\u00a0<a href=\"https:\/\/cloudreviews.info\/it\/\">cloudreviews.info<\/a><\/p>\n","protected":false},"excerpt":{"rendered":"<p>El sitio web computermuseum.li se ha movido y estar\u00e1 disponible en cloudreviews.info en el futuro. Cloudreviews.info es un portal que comprueba y compara a fondo diferentes proveedores de servicios cloud. Puede encontrar m\u00e1s informaci\u00f3n aqu\u00ed: cloudreviews.info &#8212;&#8212;&#8212;- Il sito computermuseum.li \u00e8 stato spostato e sar\u00e0 disponibile su cloudreviews.info in futuro. Cloudreviews.info \u00e8 un portale che &#8230; <a title=\"Computermuseum.li se convierte en Cloudreviews.info\" class=\"read-more\" href=\"https:\/\/cloudreviews.info\/it\/computermuseum\/\" aria-label=\"Leggi di pi\u00f9 su Computermuseum.li se convierte en Cloudreviews.info\">Leggi tutto<\/a><\/p>\n","protected":false},"author":4,"featured_media":0,"parent":0,"menu_order":0,"comment_status":"closed","ping_status":"closed","template":"","meta":[],"yoast_head":"<!-- This site is optimized with the Yoast SEO plugin v18.3 - https:\/\/yoast.com\/wordpress\/plugins\/seo\/ -->\n<title>Computermuseum.li se convierte en Cloudreviews.info - Confronta la migliore soluzione di memorizzazione cloud | Migliore VPN | Hosting Web &amp; Altro<\/title>\n<meta name=\"robots\" content=\"noindex, follow\" \/>\n<meta property=\"og:locale\" content=\"it_IT\" \/>\n<meta property=\"og:type\" content=\"article\" \/>\n<meta property=\"og:title\" content=\"Computermuseum.li se convierte en Cloudreviews.info - Confronta la migliore soluzione di memorizzazione cloud | Migliore VPN | Hosting Web &amp; Altro\" \/>\n<meta property=\"og:description\" content=\"El sitio web computermuseum.li se ha movido y estar\u00e1 disponible en cloudreviews.info en el futuro. Cloudreviews.info es un portal que comprueba y compara a fondo diferentes proveedores de servicios cloud. Puede encontrar m\u00e1s informaci\u00f3n aqu\u00ed: cloudreviews.info &#8212;&#8212;&#8212;- Il sito computermuseum.li \u00e8 stato spostato e sar\u00e0 disponibile su cloudreviews.info in futuro. Cloudreviews.info \u00e8 un portale che ... Leggi tutto\" \/>\n<meta property=\"og:url\" content=\"https:\/\/cloudreviews.info\/nl\/computermuseum\/\" \/>\n<meta property=\"og:site_name\" content=\"Confronta la migliore soluzione di memorizzazione cloud | Migliore VPN | Hosting Web &amp; Altro\" \/>\n<meta property=\"article:modified_time\" content=\"2018-07-30T13:19:51+00:00\" \/>\n<meta name=\"twitter:card\" content=\"summary\" \/>\n<script type=\"application\/ld+json\" class=\"yoast-schema-graph\">{\"@context\":\"https:\/\/schema.org\",\"@graph\":[{\"@type\":\"WebSite\",\"@id\":\"https:\/\/cloudreviews.info\/#website\",\"url\":\"https:\/\/cloudreviews.info\/\",\"name\":\"Confronta la migliore soluzione di memorizzazione cloud | Migliore VPN | Hosting Web &amp; Altro\",\"description\":\"\",\"potentialAction\":[{\"@type\":\"SearchAction\",\"target\":{\"@type\":\"EntryPoint\",\"urlTemplate\":\"https:\/\/cloudreviews.info\/?s={search_term_string}\"},\"query-input\":\"required name=search_term_string\"}],\"inLanguage\":\"it-IT\"},{\"@type\":\"WebPage\",\"@id\":\"https:\/\/cloudreviews.info\/nl\/computermuseum\/#webpage\",\"url\":\"https:\/\/cloudreviews.info\/nl\/computermuseum\/\",\"name\":\"Computermuseum.li se convierte en Cloudreviews.info - Confronta la migliore soluzione di memorizzazione cloud | Migliore VPN | Hosting Web &amp; Altro\",\"isPartOf\":{\"@id\":\"https:\/\/cloudreviews.info\/#website\"},\"datePublished\":\"2018-07-30T13:18:55+00:00\",\"dateModified\":\"2018-07-30T13:19:51+00:00\",\"breadcrumb\":{\"@id\":\"https:\/\/cloudreviews.info\/nl\/computermuseum\/#breadcrumb\"},\"inLanguage\":\"it-IT\",\"potentialAction\":[{\"@type\":\"ReadAction\",\"target\":[\"https:\/\/cloudreviews.info\/nl\/computermuseum\/\"]}]},{\"@type\":\"BreadcrumbList\",\"@id\":\"https:\/\/cloudreviews.info\/nl\/computermuseum\/#breadcrumb\",\"itemListElement\":[{\"@type\":\"ListItem\",\"position\":1,\"name\":\"Startseite\",\"item\":\"https:\/\/cloudreviews.info\/it\/\"},{\"@type\":\"ListItem\",\"position\":2,\"name\":\"Computermuseum.li se convierte en Cloudreviews.info\"}]}]}<\/script>\n<!-- \/ Yoast SEO plugin. -->","yoast_head_json":{"title":"Computermuseum.li se convierte en Cloudreviews.info - Confronta la migliore soluzione di memorizzazione cloud | Migliore VPN | Hosting Web &amp; Altro","robots":{"index":"noindex","follow":"follow"},"og_locale":"it_IT","og_type":"article","og_title":"Computermuseum.li se convierte en Cloudreviews.info - Confronta la migliore soluzione di memorizzazione cloud | Migliore VPN | Hosting Web &amp; Altro","og_description":"El sitio web computermuseum.li se ha movido y estar\u00e1 disponible en cloudreviews.info en el futuro. Cloudreviews.info es un portal que comprueba y compara a fondo diferentes proveedores de servicios cloud. Puede encontrar m\u00e1s informaci\u00f3n aqu\u00ed: cloudreviews.info &#8212;&#8212;&#8212;- Il sito computermuseum.li \u00e8 stato spostato e sar\u00e0 disponibile su cloudreviews.info in futuro. Cloudreviews.info \u00e8 un portale che ... Leggi tutto","og_url":"https:\/\/cloudreviews.info\/nl\/computermuseum\/","og_site_name":"Confronta la migliore soluzione di memorizzazione cloud | Migliore VPN | Hosting Web &amp; Altro","article_modified_time":"2018-07-30T13:19:51+00:00","twitter_card":"summary","schema":{"@context":"https:\/\/schema.org","@graph":[{"@type":"WebSite","@id":"https:\/\/cloudreviews.info\/#website","url":"https:\/\/cloudreviews.info\/","name":"Confronta la migliore soluzione di memorizzazione cloud | Migliore VPN | Hosting Web &amp; Altro","description":"","potentialAction":[{"@type":"SearchAction","target":{"@type":"EntryPoint","urlTemplate":"https:\/\/cloudreviews.info\/?s={search_term_string}"},"query-input":"required name=search_term_string"}],"inLanguage":"it-IT"},{"@type":"WebPage","@id":"https:\/\/cloudreviews.info\/nl\/computermuseum\/#webpage","url":"https:\/\/cloudreviews.info\/nl\/computermuseum\/","name":"Computermuseum.li se convierte en Cloudreviews.info - Confronta la migliore soluzione di memorizzazione cloud | Migliore VPN | Hosting Web &amp; Altro","isPartOf":{"@id":"https:\/\/cloudreviews.info\/#website"},"datePublished":"2018-07-30T13:18:55+00:00","dateModified":"2018-07-30T13:19:51+00:00","breadcrumb":{"@id":"https:\/\/cloudreviews.info\/nl\/computermuseum\/#breadcrumb"},"inLanguage":"it-IT","potentialAction":[{"@type":"ReadAction","target":["https:\/\/cloudreviews.info\/nl\/computermuseum\/"]}]},{"@type":"BreadcrumbList","@id":"https:\/\/cloudreviews.info\/nl\/computermuseum\/#breadcrumb","itemListElement":[{"@type":"ListItem","position":1,"name":"Startseite","item":"https:\/\/cloudreviews.info\/it\/"},{"@type":"ListItem","position":2,"name":"Computermuseum.li se convierte en Cloudreviews.info"}]}]}},"_links":{"self":[{"href":"https:\/\/cloudreviews.info\/it\/wp-json\/wp\/v2\/pages\/1964\/"}],"collection":[{"href":"https:\/\/cloudreviews.info\/it\/wp-json\/wp\/v2\/pages\/"}],"about":[{"href":"https:\/\/cloudreviews.info\/it\/wp-json\/wp\/v2\/types\/page\/"}],"author":[{"embeddable":true,"href":"https:\/\/cloudreviews.info\/it\/wp-json\/wp\/v2\/users\/4\/"}],"replies":[{"embeddable":true,"href":"https:\/\/cloudreviews.info\/it\/wp-json\/wp\/v2\/comments\/?post=1964"}],"version-history":[{"count":1,"href":"https:\/\/cloudreviews.info\/it\/wp-json\/wp\/v2\/pages\/1964\/revisions\/"}],"predecessor-version":[{"id":1965,"href":"https:\/\/cloudreviews.info\/it\/wp-json\/wp\/v2\/pages\/1964\/revisions\/1965\/"}],"wp:attachment":[{"href":"https:\/\/cloudreviews.info\/it\/wp-json\/wp\/v2\/media\/?parent=1964"}],"curies":[{"name":"wp","href":"https:\/\/api.w.org\/{rel}","templated":true}]}}