{"id":1455,"date":"2020-07-04T18:26:37","date_gmt":"2020-07-04T17:26:37","guid":{"rendered":"https:\/\/cloudreviews.info\/?page_id=1455"},"modified":"2020-09-05T16:56:44","modified_gmt":"2020-09-05T15:56:44","slug":"beste-vpn-voor-iphone","status":"publish","type":"page","link":"https:\/\/cloudreviews.info\/nl\/beste-vpn-voor-iphone\/","title":{"rendered":"Beste VPN voor iPhone"},"content":{"rendered":"<p>Apple liefhebbers zijn dol op hun producten &#8211; van MacBook tot iPhone en Apple Watch &#8211; en kopen altijd de nieuwste en beste versie. Cupertino lijkt altijd een nieuw product te cre\u00ebren dat zijn fans alles biedt wat ze nodig denken te hebben. De meeste Apple gebruikers zijn zelfs overtuigd van de superioriteit van het bedrijf in elk opzicht. Bij Cloudwards.net willen we er zeker van zijn dat u ook de beste VPN voor uw iPhone gebruikt.<\/p>\n<p>Een VPN is uw eerste verdedigingslinie als het gaat om het beschermen van uw privacy. Dit is een programma dat u toegang geeft tot het internet via een server, waarbij uw werkelijke locatie wordt verborgen. Als u wilt weten wat u naast het gebruik van een VPN kunt doen, raadpleegt u onze online privacygids.<\/p>\n<a class=\"maxbutton-17 maxbutton maxbutton-cta-pia-nl\" target=\"_blank\" rel=\"nofollow noopener\" href=\"\/pia\/go\/\"><span class='mb-text'>\ud83e\udc46\ud83e\udc46 Ga nu naar PrivateInternetAccess! \ud83e\udc44\ud83e\udc44<\/span><\/a>\n<p><img loading=\"lazy\" class=\"aligncenter wp-image-2831 size-full\" src=\"https:\/\/cloudreviews.info\/wp-content\/uploads\/2018\/06\/best_vpn_provider.jpg\" alt=\"\" width=\"1200\" height=\"628\" srcset=\"https:\/\/cloudreviews.info\/wp-content\/uploads\/2018\/06\/best_vpn_provider.jpg 1200w, https:\/\/cloudreviews.info\/wp-content\/uploads\/2018\/06\/best_vpn_provider-300x157.jpg 300w, https:\/\/cloudreviews.info\/wp-content\/uploads\/2018\/06\/best_vpn_provider-768x402.jpg 768w, https:\/\/cloudreviews.info\/wp-content\/uploads\/2018\/06\/best_vpn_provider-1024x536.jpg 1024w, https:\/\/cloudreviews.info\/wp-content\/uploads\/2018\/06\/best_vpn_provider-390x205.jpg 390w\" sizes=\"(max-width: 1200px) 100vw, 1200px\" \/><\/p>\n<p>Hoewel Apple producten door velen worden beschouwd als een premium-optie, zal veel software niet goed werken op een Mac, waaronder veel van onze beste VPN-opties. In feite lijkt het er vaak op dat de ondersteuning van Apple het laatste deel is van een product dat door het Windows-marktdomein groeit.<\/p>\n<p>Bij het aanbevelen van de beste VPN&#8217;s voor iPhone, is het eerste wat je moet overwegen of ze compatibel zijn met de iPhone in het bijzonder en iOS-apparaten in het algemeen (dus je kunt de VPN ook gebruiken voor je MacBook en iPad). Onze toonaangevende providers bieden niet alleen een applicatie aan, maar maken VPN-activering op uw iPhone ook een eenvoudig proces.<\/p>\n<p>ExpressVPN is de duidelijke winnaar omdat het niet alleen een goede iOS-interface biedt, maar ook een uitstekende service is voor iedereen. Het heeft bijvoorbeeld servers in veel verschillende landen, waardoor u de snelheid hebt om videocontent te streamen.<\/p>\n<a class=\"maxbutton-17 maxbutton maxbutton-cta-pia-nl\" target=\"_blank\" rel=\"nofollow noopener\" href=\"\/pia\/go\/\"><span class='mb-text'>\ud83e\udc46\ud83e\udc46 Ga nu naar PrivateInternetAccess! \ud83e\udc44\ud83e\udc44<\/span><\/a>\n<h2>Wat maakt een VPN het beste voor iPhone<\/h2>\n<p>Aangezien de meeste softwaregebruikers op Windows of Linux werken, moeten iOS- en Mac-gebruikers ervoor zorgen dat de software die ze kopen een versie heeft die daadwerkelijk op hun apparaten werkt. Niemand wil dat een MacBook met Windows op een virtuele machine alleen maar een VPN inschakelt (als dat meer is dan u zoekt, vergeet dan niet ons artikel over de beste VPN voor Mac te lezen).<\/p>\n<p>Gelukkig bieden de beste VPN-diensten ondersteuning voor Macs en programma&#8217;s die zowel voor Android als iOS werken. Hoewel u het OpenVPN-protocol kunt gebruiken om een iOS-apparaat te verbinden met elke VPN-provider die OpenVPN gebruikt, is het veel gemakkelijker wanneer de provider een toepassing heeft.<\/p>\n<p>Hoewel we een apart artikel over de beste VPN voor Android-telefoons, de vijf providers hieronder vermeld zijn de beste VPN-diensten voor iPhone. Ze bieden niet alleen geoptimaliseerde iOS-toepassingen voor de iPhone, maar ook vele andere functies en voordelen.<\/p>\n<a class=\"maxbutton-17 maxbutton maxbutton-cta-pia-nl\" target=\"_blank\" rel=\"nofollow noopener\" href=\"\/pia\/go\/\"><span class='mb-text'>\ud83e\udc46\ud83e\udc46 Ga nu naar PrivateInternetAccess! \ud83e\udc44\ud83e\udc44<\/span><\/a>\n<h2>Beste VPN voor iPhone:<\/h2>\n<h2>Private Internet Access<\/h2>\n<p>Private Internet Access biedt een goede combinatie van snelheid, prijs en uitstekende iOS-toepassing. Private Internet Access&#8217;s bieden echt waar voor hun geld. Hoewel de servers niet zo snel zijn als ExpressVPN, biedt Private Internet Access VPN een beschikbaarheidsgarantie van 99,99%, zodat u altijd veilig kunt surfen.<\/p>\n<p>Het is ook een veel minder duur alternatief, met plannen vanaf 3,33 dollar per maand. Hoewel de geld-terug-garantie slechts zeven dagen is in plaats van 30, geeft dit u een venster om de Private Internet Access te testen op al uw apparaten en ervoor te zorgen dat het de beste is voor uw apparaten en uw surfgewoonten.<\/p>\n<p><a href=\"https:\/\/cloudreviews.info\/pia\/go\/\" rel=\"nofollow\"><img loading=\"lazy\" class=\"aligncenter wp-image-2807 size-full\" src=\"https:\/\/cloudreviews.info\/wp-content\/uploads\/2018\/06\/pia.jpg\" alt=\"\" width=\"1802\" height=\"819\" srcset=\"https:\/\/cloudreviews.info\/wp-content\/uploads\/2018\/06\/pia.jpg 1802w, https:\/\/cloudreviews.info\/wp-content\/uploads\/2018\/06\/pia-300x136.jpg 300w, https:\/\/cloudreviews.info\/wp-content\/uploads\/2018\/06\/pia-768x349.jpg 768w, https:\/\/cloudreviews.info\/wp-content\/uploads\/2018\/06\/pia-1024x465.jpg 1024w\" sizes=\"(max-width: 1802px) 100vw, 1802px\" \/><\/a><\/p>\n<p>Het grootste nadeel van Private Internet Access is dat het in de Verenigde Staten is gevestigd en daarom onderworpen is aan de wet- en regelgeving van de Verenigde Staten, waardoor het open kan blijven staan voor beoordeling door niet-overheidsactoren. Het heeft ook een kleiner netwerk van servers dan andere aanbieders, die slechts in 24 landen aanwezig zijn, waaronder Canada, het Verenigd Koninkrijk, Hongkong en Singapore.<\/p>\n<h3>Andere redenen waarom we van Private Internet Access houden<\/h3>\n<p>Een gebied waar de Private Internet Access ExpressVPN overschrijdt, is het aantal gelijktijdige apparaten dat tegelijkertijd kan worden aangesloten. Door \u00e9\u00e9n account toe te staan om tot vijf apparaten aan te sluiten, is het een uitstekende keuze voor gezinnen die alles in \u00e9\u00e9n keer willen beschermen.<\/p>\n<p>Private Internet Access biedt ook een sterke bescherming door het gebruik van SOCKS5 proxyservers en 256-bits OpenVPN-codering. Er zijn verschillende andere redenen waarom we Private Internet Access&#8217;s leuk vinden, waaronder het feit dat ze Bitcoin accepteren als betaling, dus lees onze volledige Private Internet Access review voor meer informatie.<\/p>\n<a class=\"maxbutton-17 maxbutton maxbutton-cta-pia-nl\" target=\"_blank\" rel=\"nofollow noopener\" href=\"\/pia\/go\/\"><span class='mb-text'>\ud83e\udc46\ud83e\udc46 Ga nu naar PrivateInternetAccess! \ud83e\udc44\ud83e\udc44<\/span><\/a>\n<p><strong>\n<table id=\"tablepress-317\" class=\"tablepress tablepress-id-317\">\n<thead>\n<tr class=\"row-1 odd\">\n\t<th class=\"column-1\">Pros<\/th><th class=\"column-2\">Cons<\/th>\n<\/tr>\n<\/thead>\n<tbody class=\"row-hover\">\n<tr class=\"row-2 even\">\n\t<td class=\"column-1\">Rendabel<\/td><td class=\"column-2\">Servers in slechts 24 landen<\/td>\n<\/tr>\n<tr class=\"row-3 odd\">\n\t<td class=\"column-1\">99. 99% uptimegarantie<\/td><td class=\"column-2\">Geen ondersteuning voor live chatten<\/td>\n<\/tr>\n<tr class=\"row-4 even\">\n\t<td class=\"column-1\">DNS lekbescherming<\/td><td class=\"column-2\">Niet de beste interface<\/td>\n<\/tr>\n<\/tbody>\n<\/table>\n<!-- #tablepress-317 from cache --><\/strong><\/p>\n<h2>TorGuard<\/h2>\n<p>Tegen een prijs tussen ExpressVPN en Private Internet Access VPN, TorGuard VPN is een andere ideale keuze voor iPhone-gebruikers op zoek naar privacy. Met pakketten vanaf $4,99 per maand, is het nog steeds mogelijk om maximaal vijf gelijktijdige verbindingen, waardoor het een andere optie voor het hele gezin.<\/p>\n<p>Naast prijs en aansluitingen biedt TorGuard een aantal extra beveiligingsfuncties. Met Stealth VPN kan het verkeer deep packet inspection (DPI) vermijden, een methode die vaak wordt gebruikt door firewalls om header- en metagegevens weer te geven in verzonden gegevens.<\/p>\n<p><a href=\"https:\/\/cloudreviews.info\/torguard\/go\/\" rel=\"nofollow\"><img loading=\"lazy\" class=\"alignnone wp-image-1295 size-full\" src=\"https:\/\/cloudreviews.info\/wp-content\/uploads\/2018\/07\/torguard-privacy-protection.jpg\" alt=\"torguard\" width=\"1854\" height=\"677\" srcset=\"https:\/\/cloudreviews.info\/wp-content\/uploads\/2018\/07\/torguard-privacy-protection.jpg 1854w, https:\/\/cloudreviews.info\/wp-content\/uploads\/2018\/07\/torguard-privacy-protection-300x110.jpg 300w, https:\/\/cloudreviews.info\/wp-content\/uploads\/2018\/07\/torguard-privacy-protection-768x280.jpg 768w, https:\/\/cloudreviews.info\/wp-content\/uploads\/2018\/07\/torguard-privacy-protection-1024x374.jpg 1024w\" sizes=\"(max-width: 1854px) 100vw, 1854px\" \/><\/a><\/p>\n<h3>Andere redenen waarom we van TorGuard houden<\/h3>\n<p>Voor iPhone-gebruikers is de mobiele iOS-toepassing een voordeel, net als het feit dat TorGuard in 50 landen opereert en in Panama is gevestigd. TorGuard biedt gebruikers ook toegang tot SSL-verbindingen met behulp van Cisco AnyConnect- en OpenConnect-protocollen.<\/p>\n<p>TorGuard biedt zowel DNS als IPv6 verliespreventie voor alle gebruikers en blokkeert WebRTC verliezen. Daarnaast bieden zij versleuteling aan voor AES-128 en AES-256, perfecte overdrachtsgeheim en heeft hun software de mogelijkheid om zowel bewaking als rapportage van malware te blokkeren.<\/p>\n<p>Hoewel niet al deze beveiligingsfuncties uw antivirussoftware vervangen, zijn ze perfect om de privacy van uw surfervaring te garanderen. Lees ons gedetailleerde TorGuard magazine voor meer informatie over de verschillende beveiligingsfuncties die beschikbaar zijn en hoe je je surfgewoonten veilig kunt houden terwijl je een uitstekende iOS-optie aanbiedt.<\/p>\n<a class=\"maxbutton-34 maxbutton maxbutton-cta-torguard-nl\" target=\"_blank\" rel=\"nofollow noopener\" href=\"\/torguard\/go\/\"><span class='mb-text'>\ud83e\udc46\ud83e\udc46 Ga nu naar Torguard! \ud83e\udc44\ud83e\udc44<\/span><\/a>\n<p><strong>\n<table id=\"tablepress-318\" class=\"tablepress tablepress-id-318\">\n<thead>\n<tr class=\"row-1 odd\">\n\t<th class=\"column-1\">Pros<\/th><th class=\"column-2\">Cons<\/th>\n<\/tr>\n<\/thead>\n<tbody class=\"row-hover\">\n<tr class=\"row-2 even\">\n\t<td class=\"column-1\">Uitgebreide veiligheidskenmerken<\/td><td class=\"column-2\">Verwarrend voor beginners<\/td>\n<\/tr>\n<tr class=\"row-3 odd\">\n\t<td class=\"column-1\">Redelijk prijspunt<\/td><td class=\"column-2\">Verwarrende interface<\/td>\n<\/tr>\n<tr class=\"row-4 even\">\n\t<td class=\"column-1\">10Gb netwerktoegang<\/td><td class=\"column-2\"><\/td>\n<\/tr>\n<\/tbody>\n<\/table>\n<!-- #tablepress-318 from cache --><\/strong><\/p>\n<h2>IPVanish<\/h2>\n<p>Een andere in de VS gebaseerde optie is IPVanish, dat een SOCKS5 web-proxyserver combineert met een VPN-tunnel. Met honderden servers in meer dan 60 landen blijft deze dienst groeien en wordt steeds competitiever in de VPN-industrie. Het maakt ook tot vijf gelijktijdige verbindingen mogelijk, waardoor het ideaal is voor gezinnen.<\/p>\n<p>IPVanish biedt een geld-terug-garantie van zeven dagen om gebruikers in staat te stellen hun diensten en toepassingen te testen. Hoewel het iets meer kost dan sommige van de providers die hier worden genoemd, heeft het nog andere functies, waaronder onbeperkt wisselen van server, onbeperkte bandbreedte (ideaal als je op een snelle verbinding) en onbeperkte data.<\/p>\n<p><a href=\"https:\/\/cloudreviews.info\/ipvanish\/go\/\" rel=\"nofollow\"><img loading=\"lazy\" class=\"aligncenter wp-image-2861 size-full\" src=\"https:\/\/cloudreviews.info\/wp-content\/uploads\/2018\/07\/ipvanish.jpg\" alt=\"\" width=\"1599\" height=\"735\" srcset=\"https:\/\/cloudreviews.info\/wp-content\/uploads\/2018\/07\/ipvanish.jpg 1599w, https:\/\/cloudreviews.info\/wp-content\/uploads\/2018\/07\/ipvanish-300x138.jpg 300w, https:\/\/cloudreviews.info\/wp-content\/uploads\/2018\/07\/ipvanish-768x353.jpg 768w, https:\/\/cloudreviews.info\/wp-content\/uploads\/2018\/07\/ipvanish-1024x471.jpg 1024w\" sizes=\"(max-width: 1599px) 100vw, 1599px\" \/><\/a><\/p>\n<h3>Andere redenen waarom we IPVanish leuk vinden<\/h3>\n<p>Met IPVanish en zijn onbeperkte bandbreedte en data, kunnen gebruikers gemakkelijk genieten van streaming content van de dienst van hun keuze. Hoewel we in de VS gebaseerde VPN-diensten normaal gesproken niet ondersteunen vanwege de grappen van PRISM en de Patriot Act, heeft IPVanish een sterk veiligheidsbeleid dat ook een non-registratiebeleid omvat.<\/p>\n<p>Daarnaast biedt de dienst gebruikers de mogelijkheid om verbinding te maken met OpenVPN, PPTP en L2TP\/IPSec. Voor meer informatie, lees onze gedetailleerde IPVanish recensie.<\/p>\n<a class=\"maxbutton-41 maxbutton maxbutton-cta-ipvanish-nl\" target=\"_blank\" rel=\"nofollow noopener\" href=\"\/ipvanish\/go\/\"><span class='mb-text'>\ud83e\udc46\ud83e\udc46 Ga nu naar IPVanish! \ud83e\udc44\ud83e\udc44<\/span><\/a>\n<p><strong>\n<table id=\"tablepress-319\" class=\"tablepress tablepress-id-319\">\n<thead>\n<tr class=\"row-1 odd\">\n\t<th class=\"column-1\">Pros<\/th><th class=\"column-2\">Cons<\/th>\n<\/tr>\n<\/thead>\n<tbody class=\"row-hover\">\n<tr class=\"row-2 even\">\n\t<td class=\"column-1\">7 dagen geld terug garantie<\/td><td class=\"column-2\">US Based<\/td>\n<\/tr>\n<tr class=\"row-3 odd\">\n\t<td class=\"column-1\">Onbeperkte bandbreedte<\/td><td class=\"column-2\">Korte geld-terug-garantie<\/td>\n<\/tr>\n<tr class=\"row-4 even\">\n\t<td class=\"column-1\">NAT firewall ondersteuning<\/td><td class=\"column-2\">Geen ondersteuning voor live chatten<\/td>\n<\/tr>\n<\/tbody>\n<\/table>\n<!-- #tablepress-319 from cache --><\/strong><\/p>\n<h2>ExpressVPN<\/h2>\n<p>ExpressVPN is onze favoriet in vele categorie\u00ebn (waaronder de beste VPN voor Netflix) omdat het veel functies heeft, gemakkelijk te gebruiken is en de hele Apple productfamilie ondersteunt. Dankzij drie gelijktijdige verbindingen kun je dus anoniem, veilig en gelijktijdig met je MacBook, iPhone en iPad surfen.<\/p>\n<p>Voor onze behoeften is de belangrijkste functie van ExpressVPN de grote iOS-client. Hoewel er geen gratis versie om te proberen is, haar 30 dagen geld terug garantie kunt u testen haar service en zorg ervoor dat het perfect werkt op uw apparaten voordat u zich vastlegt aan zijn zeker duur jaarplan.<\/p>\n<p><img loading=\"lazy\" class=\"alignnone size-full wp-image-586\" src=\"https:\/\/cloudreviews.info\/wp-content\/uploads\/2018\/06\/expressvpn.jpg\" alt=\"expressvpn\" width=\"1520\" height=\"800\" srcset=\"https:\/\/cloudreviews.info\/wp-content\/uploads\/2018\/06\/expressvpn.jpg 1520w, https:\/\/cloudreviews.info\/wp-content\/uploads\/2018\/06\/expressvpn-300x158.jpg 300w, https:\/\/cloudreviews.info\/wp-content\/uploads\/2018\/06\/expressvpn-768x404.jpg 768w, https:\/\/cloudreviews.info\/wp-content\/uploads\/2018\/06\/expressvpn-1024x539.jpg 1024w, https:\/\/cloudreviews.info\/wp-content\/uploads\/2018\/06\/expressvpn-390x205.jpg 390w\" sizes=\"(max-width: 1520px) 100vw, 1520px\" \/><\/p>\n<h3>Andere redenen waarom we van ExpressVPN houden<\/h3>\n<p>ExpressVPN biedt een uitstekend verwijzingsprogramma waarin u 30 dagen gratis service kunt krijgen door een vriend uit te nodigen. Als leider in VPN, bieden ze veel functies die hen een aantrekkelijke optie, niet alleen voor iPhone-gebruikers, maar ook voor vele anderen.<\/p>\n<p>ExpressVPN, met hoofdkantoor op de Britse Maagdeneilanden, heeft momenteel servers in 94 landen over de hele wereld. Dit betekent dat u overal uw servers kunt kiezen om te dienen als een toegangspunt tot de inhoud. Als u meer wilt weten over de verschillende functies van ExpressVPN, lees dan ons artikel over ExpressVPN.<\/p>\n<p><strong>\n<table id=\"tablepress-316\" class=\"tablepress tablepress-id-316\">\n<thead>\n<tr class=\"row-1 odd\">\n\t<th class=\"column-1\">Pros<\/th><th class=\"column-2\">Cons<\/th>\n<\/tr>\n<\/thead>\n<tbody class=\"row-hover\">\n<tr class=\"row-2 even\">\n\t<td class=\"column-1\">Inheemse iOS-app<\/td><td class=\"column-2\">Bit prijzig<\/td>\n<\/tr>\n<tr class=\"row-3 odd\">\n\t<td class=\"column-1\">30 dagen geld terug garantie<\/td><td class=\"column-2\">Slechts 3 aansluitingen<\/td>\n<\/tr>\n<tr class=\"row-4 even\">\n\t<td class=\"column-1\">Sterke aanwezigheid in 94 landen<\/td><td class=\"column-2\"><\/td>\n<\/tr>\n<\/tbody>\n<\/table>\n<!-- #tablepress-316 from cache --><\/strong><\/p>\n<h2>Conclusie<\/h2>\n<p>Hoewel er veel liefde is voor Apple apparaten en de iPhone in het bijzonder, voor gebruikers die op zoek zijn naar meer privacy en veiligheid, zijn er gewoon minder opties beschikbaar. Gelukkig bieden een aantal van de beste VPN-operators echter diensten aan die op alle Apple producten werken en programma&#8217;s voor MacBook, iPhone en iPad bevatten.<\/p>\n<p>Het maakt niet uit welk apparaat u gebruikt of wat u online wilt zoeken, raden wij u ten zeerste aan gebruik te maken van een van onze favoriete VPN-services om een extra niveau van bescherming te bieden voor al uw informatie. Hoewel deze vijf opties, en in het bijzonder ExpressVPN, ideaal zijn voor uw iPhone, moet u een optie kiezen die voor al uw apparaten werkt.<\/p>\n<p>Zijn er andere leveranciers onder onze VPN-magazines waarvan u denkt dat ze het beter doen? Deel ze met ons in de commentaren hieronder. Als Apple fan kun je onze artikelen ook bekijken op de beste online back-up voor Mac en de beste cloud-opslag voor Mac. Hartelijk dank voor uw lezing. Meer informatie vindt u hier: <a href=\"https:\/\/cloudreviews.info\/nl\/\">https:\/\/cloudreviews.info\/nl\/<\/a>.<\/p>\n","protected":false},"excerpt":{"rendered":"<p>Apple liefhebbers zijn dol op hun producten &#8211; van MacBook tot iPhone en Apple Watch &#8211; en kopen altijd de nieuwste en beste versie. Cupertino lijkt altijd een nieuw product te cre\u00ebren dat zijn fans alles biedt wat ze nodig denken te hebben. De meeste Apple gebruikers zijn zelfs overtuigd van de superioriteit van het &#8230; <a title=\"Beste VPN voor iPhone\" class=\"read-more\" href=\"https:\/\/cloudreviews.info\/nl\/beste-vpn-voor-iphone\/\" aria-label=\"Meer op Beste VPN voor iPhone\">Lees meer<\/a><\/p>\n","protected":false},"author":4,"featured_media":0,"parent":0,"menu_order":0,"comment_status":"closed","ping_status":"closed","template":"","meta":[],"yoast_head":"<!-- This site is optimized with the Yoast SEO plugin v18.3 - https:\/\/yoast.com\/wordpress\/plugins\/seo\/ -->\n<title>Beste VPN voor iPhone<\/title>\n<meta name=\"description\" content=\"Wat is het beste VPN voor iPhone? Bekijk hier de antwoord. \u2705 Verschillende services \u2705 Kies het beste service - Lees hier meer \u279c\" \/>\n<meta name=\"robots\" content=\"index, follow, max-snippet:-1, max-image-preview:large, max-video-preview:-1\" \/>\n<link rel=\"canonical\" href=\"https:\/\/cloudreviews.info\/nl\/beste-vpn-voor-iphone\/\" \/>\n<meta property=\"og:locale\" content=\"nl_NL\" \/>\n<meta property=\"og:type\" content=\"article\" \/>\n<meta property=\"og:title\" content=\"Beste VPN voor iPhone\" \/>\n<meta property=\"og:description\" content=\"Wat is het beste VPN voor iPhone? Bekijk hier de antwoord. \u2705 Verschillende services \u2705 Kies het beste service - Lees hier meer \u279c\" \/>\n<meta property=\"og:url\" content=\"https:\/\/cloudreviews.info\/nl\/beste-vpn-voor-iphone\/\" \/>\n<meta property=\"og:site_name\" content=\"Confronta la migliore soluzione di memorizzazione cloud | Migliore VPN | Hosting Web &amp; Altro\" \/>\n<meta property=\"article:modified_time\" content=\"2020-09-05T15:56:44+00:00\" \/>\n<meta property=\"og:image\" content=\"https:\/\/cloudreviews.info\/wp-content\/uploads\/2018\/06\/best_vpn_provider.jpg\" \/>\n<meta name=\"twitter:card\" content=\"summary\" \/>\n<meta name=\"twitter:label1\" content=\"Geschatte leestijd\" \/>\n\t<meta name=\"twitter:data1\" content=\"8 minuten\" \/>\n<script type=\"application\/ld+json\" class=\"yoast-schema-graph\">{\"@context\":\"https:\/\/schema.org\",\"@graph\":[{\"@type\":\"WebSite\",\"@id\":\"https:\/\/cloudreviews.info\/#website\",\"url\":\"https:\/\/cloudreviews.info\/\",\"name\":\"Confronta la migliore soluzione di memorizzazione cloud | Migliore VPN | Hosting Web &amp; Altro\",\"description\":\"\",\"potentialAction\":[{\"@type\":\"SearchAction\",\"target\":{\"@type\":\"EntryPoint\",\"urlTemplate\":\"https:\/\/cloudreviews.info\/?s={search_term_string}\"},\"query-input\":\"required name=search_term_string\"}],\"inLanguage\":\"nl\"},{\"@type\":\"ImageObject\",\"@id\":\"https:\/\/cloudreviews.info\/nl\/beste-vpn-voor-iphone\/#primaryimage\",\"inLanguage\":\"nl\",\"url\":\"https:\/\/cloudreviews.info\/wp-content\/uploads\/2018\/06\/best_vpn_provider.jpg\",\"contentUrl\":\"https:\/\/cloudreviews.info\/wp-content\/uploads\/2018\/06\/best_vpn_provider.jpg\",\"width\":1200,\"height\":628,\"caption\":\"best vpn provider\"},{\"@type\":\"WebPage\",\"@id\":\"https:\/\/cloudreviews.info\/nl\/beste-vpn-voor-iphone\/#webpage\",\"url\":\"https:\/\/cloudreviews.info\/nl\/beste-vpn-voor-iphone\/\",\"name\":\"Beste VPN voor iPhone\",\"isPartOf\":{\"@id\":\"https:\/\/cloudreviews.info\/#website\"},\"primaryImageOfPage\":{\"@id\":\"https:\/\/cloudreviews.info\/nl\/beste-vpn-voor-iphone\/#primaryimage\"},\"datePublished\":\"2020-07-04T17:26:37+00:00\",\"dateModified\":\"2020-09-05T15:56:44+00:00\",\"description\":\"Wat is het beste VPN voor iPhone? Bekijk hier de antwoord. \u2705 Verschillende services \u2705 Kies het beste service - Lees hier meer \u279c\",\"breadcrumb\":{\"@id\":\"https:\/\/cloudreviews.info\/nl\/beste-vpn-voor-iphone\/#breadcrumb\"},\"inLanguage\":\"nl\",\"potentialAction\":[{\"@type\":\"ReadAction\",\"target\":[\"https:\/\/cloudreviews.info\/nl\/beste-vpn-voor-iphone\/\"]}]},{\"@type\":\"BreadcrumbList\",\"@id\":\"https:\/\/cloudreviews.info\/nl\/beste-vpn-voor-iphone\/#breadcrumb\",\"itemListElement\":[{\"@type\":\"ListItem\",\"position\":1,\"name\":\"Startseite\",\"item\":\"https:\/\/cloudreviews.info\/nl\/\"},{\"@type\":\"ListItem\",\"position\":2,\"name\":\"Beste VPN voor iPhone\"}]}]}<\/script>\n<!-- \/ Yoast SEO plugin. -->","yoast_head_json":{"title":"Beste VPN voor iPhone","description":"Wat is het beste VPN voor iPhone? Bekijk hier de antwoord. \u2705 Verschillende services \u2705 Kies het beste service - Lees hier meer \u279c","robots":{"index":"index","follow":"follow","max-snippet":"max-snippet:-1","max-image-preview":"max-image-preview:large","max-video-preview":"max-video-preview:-1"},"canonical":"https:\/\/cloudreviews.info\/nl\/beste-vpn-voor-iphone\/","og_locale":"nl_NL","og_type":"article","og_title":"Beste VPN voor iPhone","og_description":"Wat is het beste VPN voor iPhone? Bekijk hier de antwoord. \u2705 Verschillende services \u2705 Kies het beste service - Lees hier meer \u279c","og_url":"https:\/\/cloudreviews.info\/nl\/beste-vpn-voor-iphone\/","og_site_name":"Confronta la migliore soluzione di memorizzazione cloud | Migliore VPN | Hosting Web &amp; Altro","article_modified_time":"2020-09-05T15:56:44+00:00","og_image":[{"url":"https:\/\/cloudreviews.info\/wp-content\/uploads\/2018\/06\/best_vpn_provider.jpg"}],"twitter_card":"summary","twitter_misc":{"Geschatte leestijd":"8 minuten"},"schema":{"@context":"https:\/\/schema.org","@graph":[{"@type":"WebSite","@id":"https:\/\/cloudreviews.info\/#website","url":"https:\/\/cloudreviews.info\/","name":"Confronta la migliore soluzione di memorizzazione cloud | Migliore VPN | Hosting Web &amp; Altro","description":"","potentialAction":[{"@type":"SearchAction","target":{"@type":"EntryPoint","urlTemplate":"https:\/\/cloudreviews.info\/?s={search_term_string}"},"query-input":"required name=search_term_string"}],"inLanguage":"nl"},{"@type":"ImageObject","@id":"https:\/\/cloudreviews.info\/nl\/beste-vpn-voor-iphone\/#primaryimage","inLanguage":"nl","url":"https:\/\/cloudreviews.info\/wp-content\/uploads\/2018\/06\/best_vpn_provider.jpg","contentUrl":"https:\/\/cloudreviews.info\/wp-content\/uploads\/2018\/06\/best_vpn_provider.jpg","width":1200,"height":628,"caption":"best vpn provider"},{"@type":"WebPage","@id":"https:\/\/cloudreviews.info\/nl\/beste-vpn-voor-iphone\/#webpage","url":"https:\/\/cloudreviews.info\/nl\/beste-vpn-voor-iphone\/","name":"Beste VPN voor iPhone","isPartOf":{"@id":"https:\/\/cloudreviews.info\/#website"},"primaryImageOfPage":{"@id":"https:\/\/cloudreviews.info\/nl\/beste-vpn-voor-iphone\/#primaryimage"},"datePublished":"2020-07-04T17:26:37+00:00","dateModified":"2020-09-05T15:56:44+00:00","description":"Wat is het beste VPN voor iPhone? Bekijk hier de antwoord. \u2705 Verschillende services \u2705 Kies het beste service - Lees hier meer \u279c","breadcrumb":{"@id":"https:\/\/cloudreviews.info\/nl\/beste-vpn-voor-iphone\/#breadcrumb"},"inLanguage":"nl","potentialAction":[{"@type":"ReadAction","target":["https:\/\/cloudreviews.info\/nl\/beste-vpn-voor-iphone\/"]}]},{"@type":"BreadcrumbList","@id":"https:\/\/cloudreviews.info\/nl\/beste-vpn-voor-iphone\/#breadcrumb","itemListElement":[{"@type":"ListItem","position":1,"name":"Startseite","item":"https:\/\/cloudreviews.info\/nl\/"},{"@type":"ListItem","position":2,"name":"Beste VPN voor iPhone"}]}]}},"_links":{"self":[{"href":"https:\/\/cloudreviews.info\/nl\/wp-json\/wp\/v2\/pages\/1455\/"}],"collection":[{"href":"https:\/\/cloudreviews.info\/nl\/wp-json\/wp\/v2\/pages\/"}],"about":[{"href":"https:\/\/cloudreviews.info\/nl\/wp-json\/wp\/v2\/types\/page\/"}],"author":[{"embeddable":true,"href":"https:\/\/cloudreviews.info\/nl\/wp-json\/wp\/v2\/users\/4\/"}],"replies":[{"embeddable":true,"href":"https:\/\/cloudreviews.info\/nl\/wp-json\/wp\/v2\/comments\/?post=1455"}],"version-history":[{"count":11,"href":"https:\/\/cloudreviews.info\/nl\/wp-json\/wp\/v2\/pages\/1455\/revisions\/"}],"predecessor-version":[{"id":5243,"href":"https:\/\/cloudreviews.info\/nl\/wp-json\/wp\/v2\/pages\/1455\/revisions\/5243\/"}],"wp:attachment":[{"href":"https:\/\/cloudreviews.info\/nl\/wp-json\/wp\/v2\/media\/?parent=1455"}],"curies":[{"name":"wp","href":"https:\/\/api.w.org\/{rel}","templated":true}]}}