{"id":1689,"date":"2020-07-05T18:37:16","date_gmt":"2020-07-05T17:37:16","guid":{"rendered":"https:\/\/cloudreviews.info\/?page_id=1689"},"modified":"2020-09-05T16:37:20","modified_gmt":"2020-09-05T15:37:20","slug":"best-online-backup-for-photos","status":"publish","type":"page","link":"https:\/\/cloudreviews.info\/nl\/best-online-backup-for-photos\/","title":{"rendered":"Beste online back-up voor foto&#8217;s"},"content":{"rendered":"<p>Online fotoback-ups voorkomen het verlies van waardevolle herinneringen als gevolg van verlies, diefstal of rampzalige gebeurtenissen. IDrive en Backblaze boden de beste prijs-kwaliteitverhouding voor de bescherming van het beeld, zonder dat dit ten koste ging van de bank. Onze concurrenten hebben echter ook serieuze wapens te bieden, dus vergeet niet om ze ook te controleren.<\/p>\n<a class=\"maxbutton-33 maxbutton maxbutton-cta-idrive-nl\" target=\"_blank\" rel=\"nofollow noopener\" href=\"\/idrive\/go\/\"><span class='mb-text'>\ud83e\udc46\ud83e\udc46 Ga nu naar Idrive! \ud83e\udc44\ud83e\udc44<\/span><\/a>\n<p><img loading=\"lazy\" class=\"alignnone size-full wp-image-1662\" src=\"https:\/\/cloudreviews.info\/wp-content\/uploads\/2018\/07\/back-up-your-image.jpg\" alt=\"back up your image\" width=\"1280\" height=\"857\" srcset=\"https:\/\/cloudreviews.info\/wp-content\/uploads\/2018\/07\/back-up-your-image.jpg 1280w, https:\/\/cloudreviews.info\/wp-content\/uploads\/2018\/07\/back-up-your-image-300x201.jpg 300w, https:\/\/cloudreviews.info\/wp-content\/uploads\/2018\/07\/back-up-your-image-768x514.jpg 768w, https:\/\/cloudreviews.info\/wp-content\/uploads\/2018\/07\/back-up-your-image-1024x686.jpg 1024w\" sizes=\"(max-width: 1280px) 100vw, 1280px\" \/><\/p>\n<p>Het beschermen van uw gegevens tegen verlies is een belangrijk onderdeel van uw dagelijkse werkzaamheden. Ervoor zorgen dat uw antivirussoftware up-to-date is, is slechts een klein deel van wat er gedaan moet worden om uw gegevens te beschermen.<\/p>\n<p>Om u te helpen de beste online back-up voor uw foto&#8217;s te vinden, hebben we elke service met elkaar vergeleken om u een vogelvlucht te geven waarop u kunt vertrouwen, want foto&#8217;s en video&#8217;s zijn mijlpalen die ons helpen belangrijke dagen of gebeurtenissen te onthouden. Stel u nu voor dat u deze beelden niet meer kunt zien omdat u een telefoon bent kwijtgeraakt of uw computer is gecrasht.<\/p>\n<a class=\"maxbutton-33 maxbutton maxbutton-cta-idrive-nl\" target=\"_blank\" rel=\"nofollow noopener\" href=\"\/idrive\/go\/\"><span class='mb-text'>\ud83e\udc46\ud83e\udc46 Ga nu naar Idrive! \ud83e\udc44\ud83e\udc44<\/span><\/a>\n<h2>Waarom online back-up echt belangrijk is<\/h2>\n<p>Online back-ups beschermen uw dierbare herinneringen en elk ander belangrijk moment in het leven van uw gezin. Online back-updiensten zijn een essentieel onderdeel van de bescherming van uw foto&#8217;s en andere belangrijke documenten.<\/p>\n<p>De vijf bedrijven voor online back-up die we zullen zien zijn automatische diensten die een systeem op de achtergrond beschermen, zodat u zich geen zorgen hoeft te maken over iets wat u verliest (of wat vrije tijd moet nemen om lui te zijn\/busy).<\/p>\n<p>Het per ongeluk verwijderen is ook een externe factor (meestal), omdat veel afdelingen bestanden minstens 30 dagen bewaren om ervoor te zorgen dat niemand iets verwijdert wat ze niet wilden verwijderen.<\/p>\n<a class=\"maxbutton-33 maxbutton maxbutton-cta-idrive-nl\" target=\"_blank\" rel=\"nofollow noopener\" href=\"\/idrive\/go\/\"><span class='mb-text'>\ud83e\udc46\ud83e\udc46 Ga nu naar Idrive! \ud83e\udc44\ud83e\udc44<\/span><\/a>\n<h2>IDrive<\/h2>\n<p>IDrive is een eenvoudig te gebruiken optie voor degenen die geen bestand back-up experts &#8211; hier zijn de nieuwkomers! Maar aan de andere kant heeft IDrive genoeg opties om zelfs een ervaren gebruiker tevreden te stellen. IDrive biedt een eenvoudige en zeer veilige service. Perfect voor professionals en mensen die hun foto&#8217;s in een digitale kluis willen bewaren.<\/p>\n<p><a href=\"https:\/\/cloudreviews.info\/idrive\/go\/\" rel=\"nofollow\"><img loading=\"lazy\" class=\"alignnone wp-image-1663 size-full\" src=\"https:\/\/cloudreviews.info\/wp-content\/uploads\/2018\/07\/idrive-online-image-backup-service.jpg\" alt=\"idrive online image backup service\" width=\"1887\" height=\"643\" srcset=\"https:\/\/cloudreviews.info\/wp-content\/uploads\/2018\/07\/idrive-online-image-backup-service.jpg 1887w, https:\/\/cloudreviews.info\/wp-content\/uploads\/2018\/07\/idrive-online-image-backup-service-300x102.jpg 300w, https:\/\/cloudreviews.info\/wp-content\/uploads\/2018\/07\/idrive-online-image-backup-service-768x262.jpg 768w, https:\/\/cloudreviews.info\/wp-content\/uploads\/2018\/07\/idrive-online-image-backup-service-1024x349.jpg 1024w\" sizes=\"(max-width: 1887px) 100vw, 1887px\" \/><\/a><\/p>\n<p>Over kluizen gesproken, IDrive Express is een geweldige manier om een back-up te maken van tonnen gegevens zonder bandbreedtebeperkingen te bereiken. Express bespaart u ook tijd omdat het werkt door de scheepvaart. Hoewel de mogelijkheid om bestanden en afbeeldingen te delen iets is dat veel gebruikers aantrekt, is er een truc. U moet een standaard coderingssleutel gebruiken die door IDrive wordt geleverd. Als u ervoor kiest om een persoonlijke coderingssleutel te configureren, verliest u de mogelijkheid om deze met anderen te delen.<\/p>\n<p>Het systeem is ontworpen om de bestanden te selecteren voor back-up, tijd en locatie. IDrive kan bestanden online en op een lokaal apparaat (verbonden via USB of Wi-Fi) opslaan. Bestanden kunnen ook worden geselecteerd en verwijderd, maar soms kunnen gedeselecteerde objecten defect zijn. Om ze te verwijderen, gaat u naar het bedieningspaneel, klikt u met de rechtermuisknop op de bestandsnaam en selecteert u de optie Verwijderen.<\/p>\n<h3>Andere redenen waarom we van IDrive houden<\/h3>\n<p>IDrive staat bovenaan de lijst van vandaag omdat er geen beperkingen zijn aan de bestandsgrootte of het bestandstype, een groot voordeel voor degenen die veel foto&#8217;s willen maken. Als de bestandsgrootte niet groter is dan de toegewezen opslagruimte, kunt u deze opslaan.<\/p>\n<p>Bestandsopslagruimte (waarvoor abonnementskosten in rekening worden gebracht) begint bij 1 TB. Dat is veel ruimte om mooie herinneringen te bewaren. Gebruikers kunnen ook bestanden delen met andere gebruikers, een unieke en zeldzame functie onder online back-updiensten. De vrije ruimte van 5 GB van IDrive is een geweldige manier om te evalueren of de service aan uw behoeften voldoet.<\/p>\n<a class=\"maxbutton-33 maxbutton maxbutton-cta-idrive-nl\" target=\"_blank\" rel=\"nofollow noopener\" href=\"\/idrive\/go\/\"><span class='mb-text'>\ud83e\udc46\ud83e\udc46 Ga nu naar Idrive! \ud83e\udc44\ud83e\udc44<\/span><\/a>\n<p><strong>\n<table id=\"tablepress-392\" class=\"tablepress tablepress-id-392\">\n<thead>\n<tr class=\"row-1 odd\">\n\t<th class=\"column-1\">Pros<\/th><th class=\"column-2\">Cons<\/th>\n<\/tr>\n<\/thead>\n<tbody class=\"row-hover\">\n<tr class=\"row-2 even\">\n\t<td class=\"column-1\">Codering van militaire kwaliteit<\/td><td class=\"column-2\">Kan bestanden niet delen als ze versleuteld zijn<\/td>\n<\/tr>\n<tr class=\"row-3 odd\">\n\t<td class=\"column-1\">Blazing-snelle overdrachtssnelheden<\/td><td class=\"column-2\">Geen onbeperkte opslagmogelijkheden<\/td>\n<\/tr>\n<tr class=\"row-4 even\">\n\t<td class=\"column-1\">Delen van bestanden<\/td><td class=\"column-2\">Geen maandelijkse betalingsplannen<\/td>\n<\/tr>\n<\/tbody>\n<\/table>\n<\/strong><\/p>\n<h2>Backblaze<\/h2>\n<p>Backblaze is een eenvoudige en perfect ontworpen service voor de beginnende gebruiker. Het biedt de mogelijkheid om snel en naadloos bestanden van meerdere systemen op te slaan en is erg handig. Backblaze is een van de weinige services die meerdere manieren biedt om bestanden te herstellen. Inclusief een webportal optie, waar klanten een ZIP bestand van hun gegevens kunnen downloaden en opnieuw installeren van het recent gedownloade bestand.<\/p>\n<p>Hoewel deze optie gratis is, kan het pijnlijk zijn voor mensen die niet alles in \u00e9\u00e9n keer opnieuw willen installeren. Backblaze heeft een harde schijf leveringsservice (in aanvulling op IDrive) genaamd USB Hard Drive Restore, waarmee u snel grote hoeveelheden gegevens te herstellen, momenteel met maximaal 4 TB per schijf.<\/p>\n<p><a href=\"https:\/\/cloudreviews.info\/backblaze\/go\/\" rel=\"nofollow\"><img loading=\"lazy\" class=\"alignnone wp-image-1664 size-full\" src=\"https:\/\/cloudreviews.info\/wp-content\/uploads\/2018\/07\/backblaze-image-back-up-service.jpg\" alt=\"backblaze image back up service\" width=\"1522\" height=\"610\" srcset=\"https:\/\/cloudreviews.info\/wp-content\/uploads\/2018\/07\/backblaze-image-back-up-service.jpg 1522w, https:\/\/cloudreviews.info\/wp-content\/uploads\/2018\/07\/backblaze-image-back-up-service-300x120.jpg 300w, https:\/\/cloudreviews.info\/wp-content\/uploads\/2018\/07\/backblaze-image-back-up-service-768x308.jpg 768w, https:\/\/cloudreviews.info\/wp-content\/uploads\/2018\/07\/backblaze-image-back-up-service-1024x410.jpg 1024w\" sizes=\"(max-width: 1522px) 100vw, 1522px\" \/><\/a><\/p>\n<p>Helaas is het verzenden van bestanden naar een fysiek apparaat duur. Een USB-stick kost $99 en een harde schijf kost $128. Een terugbetaling kan worden gedaan als de apparaten binnen 30 dagen worden geretourneerd. Omdat de makers van Backblaze om beveiliging geven, kunnen gebruikers hun eigen persoonlijke coderingssleutel defini\u00ebren. Dit wordt nog versterkt door authenticatie in twee stappen om de account van een gebruiker te beschermen tegen hackers en snoopers.<\/p>\n<h3>Andere redenen waarom we van Backblaze houden<\/h3>\n<p>Wanneer u op zoek bent naar een eenvoudige en onbeperkte back-updienst, is Backblaze de beste manier om dit te doen. Het is een van de weinige online back-updiensten waarmee gebruikers informatie van meerdere systemen kunnen opslaan. Download de software en gebruik dezelfde toegangsinformatie op elk systeem.<\/p>\n<p>Omdat deze dienst onbeperkte opslagruimte biedt, moeten gebruikers een back-up maken van al hun gegevens op elk apparaat op een gemakkelijk toegankelijke locatie. Backblaze biedt een extra functie, de Lost Computer Locator, ontworpen om een verloren of gestolen PC te lokaliseren.<\/p>\n<a class=\"maxbutton-25 maxbutton maxbutton-cta-backblaze-nl\" target=\"_blank\" rel=\"nofollow noopener\" href=\"\/backblaze\/go\/\"><span class='mb-text'>\ud83e\udc46\ud83e\udc46 Ga nu naar Backblaze! \ud83e\udc44\ud83e\udc44<\/span><\/a>\n<p><strong>\n<table id=\"tablepress-393\" class=\"tablepress tablepress-id-393\">\n<thead>\n<tr class=\"row-1 odd\">\n\t<th class=\"column-1\">Pros<\/th><th class=\"column-2\">Cons<\/th>\n<\/tr>\n<\/thead>\n<tbody class=\"row-hover\">\n<tr class=\"row-2 even\">\n\t<td class=\"column-1\">Gratis proefversie van 15 dagen<\/td><td class=\"column-2\">Bestand alleen herstellen via webclient<\/td>\n<\/tr>\n<tr class=\"row-3 odd\">\n\t<td class=\"column-1\">Gepersonaliseerde versleuteling<\/td><td class=\"column-2\">Geen uitwisseling van bestanden<\/td>\n<\/tr>\n<tr class=\"row-4 even\">\n\t<td class=\"column-1\"> Verloren computer lokator<\/td><td class=\"column-2\">Helemaal geen Linux-optie<\/td>\n<\/tr>\n<\/tbody>\n<\/table>\n<\/strong><\/p>\n<h2>Carbonite<\/h2>\n<p>Carboniet is een goede service voor degenen die willen terugtreden en laat het met rust. Hoewel er grenzen zijn aan wat automatisch wordt geladen, biedt de service onbeperkte opslagruimte en aangepaste coderingssleutels. Carbonite is een gebruiksvriendelijke service waarmee gebruikers hun up-to-date back-ups van afbeeldingen kunnen beheren. Terwijl continue back-up wenselijk kan zijn voor sommige gebruikers, anderen vinden dat de bandbreedte die wordt gebruikt door deze functie is te hoog of te duur.<\/p>\n<p>Het plannen van back-ups na uren is een geweldige manier om dit te voorkomen en ervoor te zorgen dat van uw meest recente foto&#8217;s een back-up wordt gemaakt. Carbonite biedt een verscheidenheid van vliegtuigen. Ze hebben allemaal onbeperkte opslagruimte, maar basisservice heeft zijn beperkingen.<\/p>\n<p>Als een bestand bijvoorbeeld groter is dan 4 GB (wat zelden het geval is als u een back-up van uw afbeeldingsbestanden wilt maken), wordt de back-up niet automatisch uitgevoerd. Bovendien moeten videobestanden handmatig aan een account worden toegevoegd, aangezien automatisch downloaden van video&#8217;s (momenteel) alleen beschikbaar is voor betalingsplannen.<\/p>\n<h3>Andere redenen waarom we houden van carboniet<\/h3>\n<p>Met Carbonite kunt u niet alleen een persoonlijke coderingssleutel instellen, maar ook plannen wanneer u uw bestanden wilt opslaan. Totale tijdsbesparing.<\/p>\n<p>Door de back-uptijden te beperken, maakt u uw systeem vrij voor het werk dat u overdag nodig hebt en voert u de software alleen uit wanneer de bandbreedte van het systeem niet wordt gebruikt, bijvoorbeeld &#8217;s nachts. Momenteel kunnen alleen Windows-gebruikers zich abonneren op Persoonlijke Premie of Persoonlijke Premie.<\/p>\n<p><strong>\n<table id=\"tablepress-394\" class=\"tablepress tablepress-id-394\">\n<thead>\n<tr class=\"row-1 odd\">\n\t<th class=\"column-1\">Pros<\/th><th class=\"column-2\">Cons<\/th>\n<\/tr>\n<\/thead>\n<tbody class=\"row-hover\">\n<tr class=\"row-2 even\">\n\t<td class=\"column-1\">Gepersonaliseerde encryptiesleutels<\/td><td class=\"column-2\">Geen automatische back-up van bestanden van meer dan 4 GB<\/td>\n<\/tr>\n<tr class=\"row-3 odd\">\n\t<td class=\"column-1\"> Geplande back-ups<\/td><td class=\"column-2\">Geen automatische back-up van videobestanden<\/td>\n<\/tr>\n<tr class=\"row-4 even\">\n\t<td class=\"column-1\">30 dagen opgeslagen verwijderde bestanden<\/td><td class=\"column-2\">Externe back-up alleen op bepaalde plannen<br \/>\n<\/td>\n<\/tr>\n<\/tbody>\n<\/table>\n<\/strong><\/p>\n<h2>SOS Online Backup<\/h2>\n<p>SOS Online Backup biedt 256-bits militaire AES-codering voor alle gebruikers. De dienst laat gebruikers toe om hun eigen encryptiesleutels te defini\u00ebren. Maar er is momenteel geen gratis proefversie beschikbaar. SOS Online Backup biedt echt onbeperkte opslagruimte omdat er niets van de servers wordt verwijderd. Dat is prima, voor het geval je per ongeluk iets verwijdert en je niet realiseert dat het nodig was, tot enkele maanden later.<\/p>\n<p><img loading=\"lazy\" class=\"alignnone size-full wp-image-1665\" src=\"https:\/\/cloudreviews.info\/wp-content\/uploads\/2018\/07\/sos-photo-backup-service.jpg\" alt=\"sos photo backup service\" width=\"1623\" height=\"818\" srcset=\"https:\/\/cloudreviews.info\/wp-content\/uploads\/2018\/07\/sos-photo-backup-service.jpg 1623w, https:\/\/cloudreviews.info\/wp-content\/uploads\/2018\/07\/sos-photo-backup-service-300x151.jpg 300w, https:\/\/cloudreviews.info\/wp-content\/uploads\/2018\/07\/sos-photo-backup-service-768x387.jpg 768w, https:\/\/cloudreviews.info\/wp-content\/uploads\/2018\/07\/sos-photo-backup-service-1024x516.jpg 1024w\" sizes=\"(max-width: 1623px) 100vw, 1623px\" \/><\/p>\n<p>Dit kenmerk, dat zich onderscheidt van de concurrentie, heeft een tegengestelde kant die een last kan worden. Als items niet handmatig worden verwijderd uit een account, zal de gebruiker worden overspoeld met gegevens die moeten worden vertraagd om de afbeelding of het bestand dat ze nodig hebben te vinden. U kunt ervoor kiezen een back-up te plannen of, indien u dat wenst, uw systeem op elk gewenst moment te laten draaien. Als een back-up wordt onderbroken door een stroomstoring of een trage internetverbinding, zal SOS gewoon verdergaan vanaf de plaats waar de back-up werd onderbroken, zonder de bestanden te beschadigen.<\/p>\n<p>Helaas, deze dienst biedt geen gratis proefversie, kunnen gebruikers kiezen tussen plannen om een of vijf computers te beschermen. Als u een back-up van meer dan vijf computers wilt maken, zijn extra beveiligingsplannen vereist. U kunt ervoor kiezen om maandelijks te betalen, in tegenstelling tot veel concurrenten, omdat SOS Online Backup niet de zorg over het werken met het systeem.<\/p>\n<h3>Andere redenen waarom we houden van SOS Online Backup<\/h3>\n<p>We zijn blij dat SOS Online Backup 256-bit AES militaire codering biedt. Deze versleuteling vindt plaats zodra de gebruiker de bestanden selecteert die hij wenst op te slaan, tijdens de overdracht wordt onderhouden en nadat de gegevens op de servers van het bedrijf zijn opgeslagen.<\/p>\n<p>Gebruikers kunnen ook hun eigen coderingssleutels defini\u00ebren. SOS online back-ups staan bekend om militaire encryptie. Met 256-bits AES-codering biedt de service een van de hoogste transmissiesnelheden in onze lijst.<\/p>\n<p><strong>\n<table id=\"tablepress-395\" class=\"tablepress tablepress-id-395\">\n<thead>\n<tr class=\"row-1 odd\">\n\t<th class=\"column-1\">Pros<\/th><th class=\"column-2\">Cons<\/th>\n<\/tr>\n<\/thead>\n<tbody class=\"row-hover\">\n<tr class=\"row-2 even\">\n\t<td class=\"column-1\">Mobiele toegang<\/td><td class=\"column-2\">Geen gratis proefversie<\/td>\n<\/tr>\n<tr class=\"row-3 odd\">\n\t<td class=\"column-1\">Geen grenzen aan de bestandsgrootte<\/td><td class=\"column-2\">Geen telefonische ondersteuning<\/td>\n<\/tr>\n<tr class=\"row-4 even\">\n\t<td class=\"column-1\">Onbeperkt opslaan<\/td><td class=\"column-2\">Onbeperkt archief moeilijk te zoeken<\/td>\n<\/tr>\n<\/tbody>\n<\/table>\n<\/strong><\/p>\n<h2>Conclusie<\/h2>\n<p>Het is belangrijk dat u uw foto&#8217;s veilig bewaart. U wilt uw dierbare herinneringen niet kwijtraken door een systeemstoring of een andere onvermijdelijke ramp. IDrive is onze keuze voor de beste online fotoback-up vanwege de mogelijkheid om afbeeldingen te delen met andere gebruikers.<\/p>\n<p>Dit is een zeldzame functie die u kunt vinden in een online back-updienst. De andere vier concurrenten bieden echter een reeks unieke functies die beter kunnen worden gesynchroniseerd met uw persoonlijke behoeften voor het maken van back-ups van foto&#8217;s. Dus minstens \u00e9\u00e9n droge test alvorens een definitieve beslissing te nemen. Aarzel daarna niet om uw idee\u00ebn en meningen te delen in de commentarensectie hieronder. Meer informatie vindt u hier: <a href=\"https:\/\/cloudreviews.info\">https:\/\/cloudreviews.info<\/a>.<\/p>\n","protected":false},"excerpt":{"rendered":"<p>Online fotoback-ups voorkomen het verlies van waardevolle herinneringen als gevolg van verlies, diefstal of rampzalige gebeurtenissen. IDrive en Backblaze boden de beste prijs-kwaliteitverhouding voor de bescherming van het beeld, zonder dat dit ten koste ging van de bank. Onze concurrenten hebben echter ook serieuze wapens te bieden, dus vergeet niet om ze ook te controleren. &#8230; <a title=\"Beste online back-up voor foto&#8217;s\" class=\"read-more\" href=\"https:\/\/cloudreviews.info\/nl\/best-online-backup-for-photos\/\" aria-label=\"Meer op Beste online back-up voor foto&#8217;s\">Lees meer<\/a><\/p>\n","protected":false},"author":4,"featured_media":0,"parent":0,"menu_order":0,"comment_status":"closed","ping_status":"closed","template":"","meta":[],"yoast_head":"<!-- This site is optimized with the Yoast SEO plugin v18.3 - https:\/\/yoast.com\/wordpress\/plugins\/seo\/ -->\n<title>Beste online back-up voor foto&#039;s<\/title>\n<meta name=\"description\" content=\"Wat is de beste Online Back-up service voor foto&#039;s? \u2705 Bekijk het nu \u2705 We hebben het antwoord \u2705 Verschillende opties Kies de jouwe \u279c\" \/>\n<meta name=\"robots\" content=\"index, follow, max-snippet:-1, max-image-preview:large, max-video-preview:-1\" \/>\n<link rel=\"canonical\" href=\"https:\/\/cloudreviews.info\/nl\/best-online-backup-for-photos\/\" \/>\n<meta property=\"og:locale\" content=\"nl_NL\" \/>\n<meta property=\"og:type\" content=\"article\" \/>\n<meta property=\"og:title\" content=\"Beste online back-up voor foto&#039;s\" \/>\n<meta property=\"og:description\" content=\"Wat is de beste Online Back-up service voor foto&#039;s? \u2705 Bekijk het nu \u2705 We hebben het antwoord \u2705 Verschillende opties Kies de jouwe \u279c\" \/>\n<meta property=\"og:url\" content=\"https:\/\/cloudreviews.info\/nl\/best-online-backup-for-photos\/\" \/>\n<meta property=\"og:site_name\" content=\"Confronta la migliore soluzione di memorizzazione cloud | Migliore VPN | Hosting Web &amp; Altro\" \/>\n<meta property=\"article:modified_time\" content=\"2020-09-05T15:37:20+00:00\" \/>\n<meta property=\"og:image\" content=\"https:\/\/cloudreviews.info\/wp-content\/uploads\/2018\/07\/back-up-your-image.jpg\" \/>\n<meta name=\"twitter:card\" content=\"summary\" \/>\n<meta name=\"twitter:label1\" content=\"Geschatte leestijd\" \/>\n\t<meta name=\"twitter:data1\" content=\"8 minuten\" \/>\n<script type=\"application\/ld+json\" class=\"yoast-schema-graph\">{\"@context\":\"https:\/\/schema.org\",\"@graph\":[{\"@type\":\"WebSite\",\"@id\":\"https:\/\/cloudreviews.info\/#website\",\"url\":\"https:\/\/cloudreviews.info\/\",\"name\":\"Confronta la migliore soluzione di memorizzazione cloud | Migliore VPN | Hosting Web &amp; Altro\",\"description\":\"\",\"potentialAction\":[{\"@type\":\"SearchAction\",\"target\":{\"@type\":\"EntryPoint\",\"urlTemplate\":\"https:\/\/cloudreviews.info\/?s={search_term_string}\"},\"query-input\":\"required name=search_term_string\"}],\"inLanguage\":\"nl\"},{\"@type\":\"ImageObject\",\"@id\":\"https:\/\/cloudreviews.info\/nl\/best-online-backup-for-photos\/#primaryimage\",\"inLanguage\":\"nl\",\"url\":\"https:\/\/cloudreviews.info\/wp-content\/uploads\/2018\/07\/back-up-your-image.jpg\",\"contentUrl\":\"https:\/\/cloudreviews.info\/wp-content\/uploads\/2018\/07\/back-up-your-image.jpg\",\"width\":1280,\"height\":857,\"caption\":\"back up your image\"},{\"@type\":\"WebPage\",\"@id\":\"https:\/\/cloudreviews.info\/nl\/best-online-backup-for-photos\/#webpage\",\"url\":\"https:\/\/cloudreviews.info\/nl\/best-online-backup-for-photos\/\",\"name\":\"Beste online back-up voor foto's\",\"isPartOf\":{\"@id\":\"https:\/\/cloudreviews.info\/#website\"},\"primaryImageOfPage\":{\"@id\":\"https:\/\/cloudreviews.info\/nl\/best-online-backup-for-photos\/#primaryimage\"},\"datePublished\":\"2020-07-05T17:37:16+00:00\",\"dateModified\":\"2020-09-05T15:37:20+00:00\",\"description\":\"Wat is de beste Online Back-up service voor foto's? \u2705 Bekijk het nu \u2705 We hebben het antwoord \u2705 Verschillende opties Kies de jouwe \u279c\",\"breadcrumb\":{\"@id\":\"https:\/\/cloudreviews.info\/nl\/best-online-backup-for-photos\/#breadcrumb\"},\"inLanguage\":\"nl\",\"potentialAction\":[{\"@type\":\"ReadAction\",\"target\":[\"https:\/\/cloudreviews.info\/nl\/best-online-backup-for-photos\/\"]}]},{\"@type\":\"BreadcrumbList\",\"@id\":\"https:\/\/cloudreviews.info\/nl\/best-online-backup-for-photos\/#breadcrumb\",\"itemListElement\":[{\"@type\":\"ListItem\",\"position\":1,\"name\":\"Startseite\",\"item\":\"https:\/\/cloudreviews.info\/nl\/\"},{\"@type\":\"ListItem\",\"position\":2,\"name\":\"Beste online back-up voor foto&#8217;s\"}]}]}<\/script>\n<!-- \/ Yoast SEO plugin. -->","yoast_head_json":{"title":"Beste online back-up voor foto's","description":"Wat is de beste Online Back-up service voor foto's? \u2705 Bekijk het nu \u2705 We hebben het antwoord \u2705 Verschillende opties Kies de jouwe \u279c","robots":{"index":"index","follow":"follow","max-snippet":"max-snippet:-1","max-image-preview":"max-image-preview:large","max-video-preview":"max-video-preview:-1"},"canonical":"https:\/\/cloudreviews.info\/nl\/best-online-backup-for-photos\/","og_locale":"nl_NL","og_type":"article","og_title":"Beste online back-up voor foto's","og_description":"Wat is de beste Online Back-up service voor foto's? \u2705 Bekijk het nu \u2705 We hebben het antwoord \u2705 Verschillende opties Kies de jouwe \u279c","og_url":"https:\/\/cloudreviews.info\/nl\/best-online-backup-for-photos\/","og_site_name":"Confronta la migliore soluzione di memorizzazione cloud | Migliore VPN | Hosting Web &amp; Altro","article_modified_time":"2020-09-05T15:37:20+00:00","og_image":[{"url":"https:\/\/cloudreviews.info\/wp-content\/uploads\/2018\/07\/back-up-your-image.jpg"}],"twitter_card":"summary","twitter_misc":{"Geschatte leestijd":"8 minuten"},"schema":{"@context":"https:\/\/schema.org","@graph":[{"@type":"WebSite","@id":"https:\/\/cloudreviews.info\/#website","url":"https:\/\/cloudreviews.info\/","name":"Confronta la migliore soluzione di memorizzazione cloud | Migliore VPN | Hosting Web &amp; Altro","description":"","potentialAction":[{"@type":"SearchAction","target":{"@type":"EntryPoint","urlTemplate":"https:\/\/cloudreviews.info\/?s={search_term_string}"},"query-input":"required name=search_term_string"}],"inLanguage":"nl"},{"@type":"ImageObject","@id":"https:\/\/cloudreviews.info\/nl\/best-online-backup-for-photos\/#primaryimage","inLanguage":"nl","url":"https:\/\/cloudreviews.info\/wp-content\/uploads\/2018\/07\/back-up-your-image.jpg","contentUrl":"https:\/\/cloudreviews.info\/wp-content\/uploads\/2018\/07\/back-up-your-image.jpg","width":1280,"height":857,"caption":"back up your image"},{"@type":"WebPage","@id":"https:\/\/cloudreviews.info\/nl\/best-online-backup-for-photos\/#webpage","url":"https:\/\/cloudreviews.info\/nl\/best-online-backup-for-photos\/","name":"Beste online back-up voor foto's","isPartOf":{"@id":"https:\/\/cloudreviews.info\/#website"},"primaryImageOfPage":{"@id":"https:\/\/cloudreviews.info\/nl\/best-online-backup-for-photos\/#primaryimage"},"datePublished":"2020-07-05T17:37:16+00:00","dateModified":"2020-09-05T15:37:20+00:00","description":"Wat is de beste Online Back-up service voor foto's? \u2705 Bekijk het nu \u2705 We hebben het antwoord \u2705 Verschillende opties Kies de jouwe \u279c","breadcrumb":{"@id":"https:\/\/cloudreviews.info\/nl\/best-online-backup-for-photos\/#breadcrumb"},"inLanguage":"nl","potentialAction":[{"@type":"ReadAction","target":["https:\/\/cloudreviews.info\/nl\/best-online-backup-for-photos\/"]}]},{"@type":"BreadcrumbList","@id":"https:\/\/cloudreviews.info\/nl\/best-online-backup-for-photos\/#breadcrumb","itemListElement":[{"@type":"ListItem","position":1,"name":"Startseite","item":"https:\/\/cloudreviews.info\/nl\/"},{"@type":"ListItem","position":2,"name":"Beste online back-up voor foto&#8217;s"}]}]}},"_links":{"self":[{"href":"https:\/\/cloudreviews.info\/nl\/wp-json\/wp\/v2\/pages\/1689\/"}],"collection":[{"href":"https:\/\/cloudreviews.info\/nl\/wp-json\/wp\/v2\/pages\/"}],"about":[{"href":"https:\/\/cloudreviews.info\/nl\/wp-json\/wp\/v2\/types\/page\/"}],"author":[{"embeddable":true,"href":"https:\/\/cloudreviews.info\/nl\/wp-json\/wp\/v2\/users\/4\/"}],"replies":[{"embeddable":true,"href":"https:\/\/cloudreviews.info\/nl\/wp-json\/wp\/v2\/comments\/?post=1689"}],"version-history":[{"count":4,"href":"https:\/\/cloudreviews.info\/nl\/wp-json\/wp\/v2\/pages\/1689\/revisions\/"}],"predecessor-version":[{"id":5256,"href":"https:\/\/cloudreviews.info\/nl\/wp-json\/wp\/v2\/pages\/1689\/revisions\/5256\/"}],"wp:attachment":[{"href":"https:\/\/cloudreviews.info\/nl\/wp-json\/wp\/v2\/media\/?parent=1689"}],"curies":[{"name":"wp","href":"https:\/\/api.w.org\/{rel}","templated":true}]}}