{"id":2452,"date":"2019-05-21T10:21:12","date_gmt":"2019-05-21T09:21:12","guid":{"rendered":"https:\/\/cloudreviews.info\/?page_id=2452"},"modified":"2019-05-21T10:21:12","modified_gmt":"2019-05-21T09:21:12","slug":"kuk-wehrmacht","status":"publish","type":"page","link":"https:\/\/cloudreviews.info\/nl\/kuk-wehrmacht\/","title":{"rendered":"kuk-wehrmacht.de se convierte en Cloudreviews.info"},"content":{"rendered":"<p>El sitio web kuk-wehrmacht.de se ha movido y estar\u00e1 disponible en cloudreviews.info en el futuro.<\/p>\n<p>Cloudreviews.info es un portal que comprueba y compara a fondo diferentes proveedores de servicios cloud.<\/p>\n<p>Puede encontrar m\u00e1s informaci\u00f3n aqu\u00ed: <a href=\"https:\/\/cloudreviews.info\/\">cloudreviews.info<\/a><\/p>\n<p>&#8212;&#8212;&#8212;-<\/p>\n<p>Il sito kuk-wehrmacht.de \u00e8 stato spostato e sar\u00e0 disponibile su cloudreviews.info in futuro.<\/p>\n<p>Cloudreviews.info \u00e8 un portale che controlla e confronta in modo approfondito i diversi fornitori di servizi cloud.<\/p>\n<p>Maggiori informazioni possono essere trovate qui:\u00a0<a href=\"https:\/\/cloudreviews.info\/it\/\">cloudreviews.info<\/a><\/p>\n","protected":false},"excerpt":{"rendered":"<p>El sitio web kuk-wehrmacht.de se ha movido y estar\u00e1 disponible en cloudreviews.info en el futuro. Cloudreviews.info es un portal que comprueba y compara a fondo diferentes proveedores de servicios cloud. Puede encontrar m\u00e1s informaci\u00f3n aqu\u00ed: cloudreviews.info &#8212;&#8212;&#8212;- Il sito kuk-wehrmacht.de \u00e8 stato spostato e sar\u00e0 disponibile su cloudreviews.info in futuro. Cloudreviews.info \u00e8 un portale che &#8230; <a title=\"kuk-wehrmacht.de se convierte en Cloudreviews.info\" class=\"read-more\" href=\"https:\/\/cloudreviews.info\/nl\/kuk-wehrmacht\/\" aria-label=\"Meer op kuk-wehrmacht.de se convierte en Cloudreviews.info\">Lees meer<\/a><\/p>\n","protected":false},"author":4,"featured_media":0,"parent":0,"menu_order":0,"comment_status":"closed","ping_status":"closed","template":"","meta":[],"yoast_head":"<!-- This site is optimized with the Yoast SEO plugin v18.3 - https:\/\/yoast.com\/wordpress\/plugins\/seo\/ -->\n<title>kuk-wehrmacht.de se convierte en Cloudreviews.info - Confronta la migliore soluzione di memorizzazione cloud | Migliore VPN | Hosting Web &amp; Altro<\/title>\n<meta name=\"robots\" content=\"noindex, follow\" \/>\n<meta property=\"og:locale\" content=\"nl_NL\" \/>\n<meta property=\"og:type\" content=\"article\" \/>\n<meta property=\"og:title\" content=\"kuk-wehrmacht.de se convierte en Cloudreviews.info - Confronta la migliore soluzione di memorizzazione cloud | Migliore VPN | Hosting Web &amp; Altro\" \/>\n<meta property=\"og:description\" content=\"El sitio web kuk-wehrmacht.de se ha movido y estar\u00e1 disponible en cloudreviews.info en el futuro. Cloudreviews.info es un portal que comprueba y compara a fondo diferentes proveedores de servicios cloud. Puede encontrar m\u00e1s informaci\u00f3n aqu\u00ed: cloudreviews.info &#8212;&#8212;&#8212;- Il sito kuk-wehrmacht.de \u00e8 stato spostato e sar\u00e0 disponibile su cloudreviews.info in futuro. Cloudreviews.info \u00e8 un portale che ... Lees meer\" \/>\n<meta property=\"og:url\" content=\"https:\/\/cloudreviews.info\/kuk-wehrmacht\/\" \/>\n<meta property=\"og:site_name\" content=\"Confronta la migliore soluzione di memorizzazione cloud | Migliore VPN | Hosting Web &amp; Altro\" \/>\n<meta name=\"twitter:card\" content=\"summary\" \/>\n<script type=\"application\/ld+json\" class=\"yoast-schema-graph\">{\"@context\":\"https:\/\/schema.org\",\"@graph\":[{\"@type\":\"WebSite\",\"@id\":\"https:\/\/cloudreviews.info\/#website\",\"url\":\"https:\/\/cloudreviews.info\/\",\"name\":\"Confronta la migliore soluzione di memorizzazione cloud | Migliore VPN | Hosting Web &amp; Altro\",\"description\":\"\",\"potentialAction\":[{\"@type\":\"SearchAction\",\"target\":{\"@type\":\"EntryPoint\",\"urlTemplate\":\"https:\/\/cloudreviews.info\/?s={search_term_string}\"},\"query-input\":\"required name=search_term_string\"}],\"inLanguage\":\"nl\"},{\"@type\":\"WebPage\",\"@id\":\"https:\/\/cloudreviews.info\/kuk-wehrmacht\/#webpage\",\"url\":\"https:\/\/cloudreviews.info\/kuk-wehrmacht\/\",\"name\":\"kuk-wehrmacht.de se convierte en Cloudreviews.info - Confronta la migliore soluzione di memorizzazione cloud | Migliore VPN | Hosting Web &amp; Altro\",\"isPartOf\":{\"@id\":\"https:\/\/cloudreviews.info\/#website\"},\"datePublished\":\"2019-05-21T09:21:12+00:00\",\"dateModified\":\"2019-05-21T09:21:12+00:00\",\"breadcrumb\":{\"@id\":\"https:\/\/cloudreviews.info\/kuk-wehrmacht\/#breadcrumb\"},\"inLanguage\":\"nl\",\"potentialAction\":[{\"@type\":\"ReadAction\",\"target\":[\"https:\/\/cloudreviews.info\/kuk-wehrmacht\/\"]}]},{\"@type\":\"BreadcrumbList\",\"@id\":\"https:\/\/cloudreviews.info\/kuk-wehrmacht\/#breadcrumb\",\"itemListElement\":[{\"@type\":\"ListItem\",\"position\":1,\"name\":\"Startseite\",\"item\":\"https:\/\/cloudreviews.info\/nl\/\"},{\"@type\":\"ListItem\",\"position\":2,\"name\":\"kuk-wehrmacht.de se convierte en Cloudreviews.info\"}]}]}<\/script>\n<!-- \/ Yoast SEO plugin. -->","yoast_head_json":{"title":"kuk-wehrmacht.de se convierte en Cloudreviews.info - Confronta la migliore soluzione di memorizzazione cloud | Migliore VPN | Hosting Web &amp; Altro","robots":{"index":"noindex","follow":"follow"},"og_locale":"nl_NL","og_type":"article","og_title":"kuk-wehrmacht.de se convierte en Cloudreviews.info - Confronta la migliore soluzione di memorizzazione cloud | Migliore VPN | Hosting Web &amp; Altro","og_description":"El sitio web kuk-wehrmacht.de se ha movido y estar\u00e1 disponible en cloudreviews.info en el futuro. Cloudreviews.info es un portal que comprueba y compara a fondo diferentes proveedores de servicios cloud. Puede encontrar m\u00e1s informaci\u00f3n aqu\u00ed: cloudreviews.info &#8212;&#8212;&#8212;- Il sito kuk-wehrmacht.de \u00e8 stato spostato e sar\u00e0 disponibile su cloudreviews.info in futuro. Cloudreviews.info \u00e8 un portale che ... Lees meer","og_url":"https:\/\/cloudreviews.info\/kuk-wehrmacht\/","og_site_name":"Confronta la migliore soluzione di memorizzazione cloud | Migliore VPN | Hosting Web &amp; Altro","twitter_card":"summary","schema":{"@context":"https:\/\/schema.org","@graph":[{"@type":"WebSite","@id":"https:\/\/cloudreviews.info\/#website","url":"https:\/\/cloudreviews.info\/","name":"Confronta la migliore soluzione di memorizzazione cloud | Migliore VPN | Hosting Web &amp; Altro","description":"","potentialAction":[{"@type":"SearchAction","target":{"@type":"EntryPoint","urlTemplate":"https:\/\/cloudreviews.info\/?s={search_term_string}"},"query-input":"required name=search_term_string"}],"inLanguage":"nl"},{"@type":"WebPage","@id":"https:\/\/cloudreviews.info\/kuk-wehrmacht\/#webpage","url":"https:\/\/cloudreviews.info\/kuk-wehrmacht\/","name":"kuk-wehrmacht.de se convierte en Cloudreviews.info - Confronta la migliore soluzione di memorizzazione cloud | Migliore VPN | Hosting Web &amp; Altro","isPartOf":{"@id":"https:\/\/cloudreviews.info\/#website"},"datePublished":"2019-05-21T09:21:12+00:00","dateModified":"2019-05-21T09:21:12+00:00","breadcrumb":{"@id":"https:\/\/cloudreviews.info\/kuk-wehrmacht\/#breadcrumb"},"inLanguage":"nl","potentialAction":[{"@type":"ReadAction","target":["https:\/\/cloudreviews.info\/kuk-wehrmacht\/"]}]},{"@type":"BreadcrumbList","@id":"https:\/\/cloudreviews.info\/kuk-wehrmacht\/#breadcrumb","itemListElement":[{"@type":"ListItem","position":1,"name":"Startseite","item":"https:\/\/cloudreviews.info\/nl\/"},{"@type":"ListItem","position":2,"name":"kuk-wehrmacht.de se convierte en Cloudreviews.info"}]}]}},"_links":{"self":[{"href":"https:\/\/cloudreviews.info\/nl\/wp-json\/wp\/v2\/pages\/2452\/"}],"collection":[{"href":"https:\/\/cloudreviews.info\/nl\/wp-json\/wp\/v2\/pages\/"}],"about":[{"href":"https:\/\/cloudreviews.info\/nl\/wp-json\/wp\/v2\/types\/page\/"}],"author":[{"embeddable":true,"href":"https:\/\/cloudreviews.info\/nl\/wp-json\/wp\/v2\/users\/4\/"}],"replies":[{"embeddable":true,"href":"https:\/\/cloudreviews.info\/nl\/wp-json\/wp\/v2\/comments\/?post=2452"}],"version-history":[{"count":1,"href":"https:\/\/cloudreviews.info\/nl\/wp-json\/wp\/v2\/pages\/2452\/revisions\/"}],"predecessor-version":[{"id":2453,"href":"https:\/\/cloudreviews.info\/nl\/wp-json\/wp\/v2\/pages\/2452\/revisions\/2453\/"}],"wp:attachment":[{"href":"https:\/\/cloudreviews.info\/nl\/wp-json\/wp\/v2\/media\/?parent=2452"}],"curies":[{"name":"wp","href":"https:\/\/api.w.org\/{rel}","templated":true}]}}